{"id":939,"date":"2022-09-08T08:48:10","date_gmt":"2022-09-08T08:48:10","guid":{"rendered":"https:\/\/www.mijnvergelijker.be\/wordpress\/?page_id=939"},"modified":"2026-01-05T11:46:08","modified_gmt":"2026-01-05T10:46:08","slug":"assureurs","status":"publish","type":"page","link":"https:\/\/www.comparateur.be\/assurances\/assureurs","title":{"rendered":"Assureurs"},"content":{"rendered":"\n<section id=\"heroes-text-block_6315e49f8ffb6\" class=\"heroes-text hero hero--text\">\n    <div class=\"container\">\n                    <h1 class=\"heading-xl mb-md-40\">\u200bListe des assureurs partenaires<\/h1>\n                <div class=\"wysiwyg body-lg mb-md-40\">\n            <p>\n            Chez comparateur.be, vous pouvez souscrire vous-m\u00eame une assurance en ligne. Vous trouverez ci-dessous une liste de tous nos assureurs partenaires.\r\n\r\n            <\/p>\n        <\/div>\n                        <\/section>\n\n\n    <style>\r\n        html {\r\n            scroll-behavior: smooth;\r\n        }\r\n    <\/style>\r\n\r\n            <section class=\"section\">\r\n        <div class=\"container article-smooth\">\r\n        <div class=\"row\">\r\n        <div class=\"col-12 col-md-6 col-lg-8\" id=\"main-article\"  data-anchor-class=\"title\" >\r\n                <!-- <section class=\"section\"> -->\r\n        <div id=\"article-block_6315e64b0523d\"\r\n         class=\"article \">\r\n                                                                                <!-- <div class=\"articleblock\"> -->\r\n                        <h2 class=\"subtitle\" id=\"belfius-direct-assurances\" >Belfius Direct Assurances<\/h2>                                                    <p><span style=\"font-weight: 400;\">En juillet 2023, Corona Direct Assurances, une ancienne filiale de Belfius Insurance, a \u00e9t\u00e9 int\u00e9gr\u00e9e \u00e0 Belfius Insurance sous la nouvelle d\u00e9nomination commerciale Belfius Direct Assurance. <a href=\"https:\/\/www.comparateur.be\/assurances\/assureurs\/belfius-direct-assurances\">Belfius Direct Assurances<\/a> est un assureur fiable, 100% belge, qui vous place toujours au premier plan.<\/span><\/p>\n                                                <!-- <\/div> -->\r\n                                            <!-- <div class=\"articleblock\"> -->\r\n                        <h2 class=\"subtitle\" id=\"ethias\" >Ethias<\/h2>                                                    <p><a href=\"https:\/\/www.comparateur.be\/assurances\/assureurs\/ethias\" target=\"_blank\" rel=\"noopener\">Ethias<\/a> est un assureur direct fond\u00e9 en 1919 sous le nom La SMAP (Soci\u00e9t\u00e9 Mutuelle des Administrations Publiques pour l&rsquo;assurance contre l&rsquo;incendie, la foudre et les explosions). En 2003, l&rsquo;entreprise a \u00e9t\u00e9 rebaptis\u00e9e Ethias. L&rsquo;assureur belge compte plus de 1,3 million de clients priv\u00e9s et emploie environ 1850 collaborateurs.<\/p>\n                                                <!-- <\/div> -->\r\n                                            <!-- <div class=\"articleblock\"> -->\r\n                        <h2 class=\"subtitle\" id=\"yuzzu\" >Yuzzu<\/h2>                                                    <p><a href=\"https:\/\/www.comparateur.be\/assurances\/assureurs\/yuzzu\" target=\"_blank\" rel=\"noopener\">Yuzzu<\/a> est un souscripteur mandat\u00e9 partenaire de AXA Belgium qui propose des assurances auto, moto et habitation depuis 1996. Yuzzu emploie environ 170 collaborateurs et compte plus de 177.000 clients.<\/p>\n                                                <!-- <\/div> -->\r\n                                            <!-- <div class=\"articleblock\"> -->\r\n                        <h2 class=\"subtitle\" id=\"optimco\" >Optimco<\/h2>                                                    <p>Optimco accorde beaucoup importance \u00e0 la qualit\u00e9 de son service client. L\u2019entreprise vise \u00e0 assurer ses clients de mani\u00e8re chaleureuse et humaine et \u00e0 proposer les meilleures couvertures au meilleur prix. Pour atteindre cet objectif, Optimco soutient les courtiers d&rsquo;assurances ind\u00e9pendants de la meilleure fa\u00e7on possible.<\/p>\n                                                <!-- <\/div> -->\r\n                                            <!-- <div class=\"articleblock\"> -->\r\n                        <h2 class=\"subtitle\" id=\"dela\" >DELA<\/h2>                                                    <p><a href=\"https:\/\/www.comparateur.be\/assurances\/assureurs\/dela\">DELA<\/a>, le sp\u00e9cialiste fun\u00e9raire par excellence en Belgique, combine assurance obs\u00e8ques et organisation des fun\u00e9railles. DELA vous aide \u00e0 r\u00e9gler les frais fun\u00e9raires, \u00e0 organiser la c\u00e9r\u00e9monie et \u00e0 g\u00e9rer les d\u00e9marches pratiques et administratives apr\u00e8s le d\u00e9c\u00e8s. Gr\u00e2ce \u00e0 son Plan de Pr\u00e9voyance Fun\u00e9raire, vous avez la garantie que tout est organis\u00e9 jusque dans le moindre d\u00e9tail afin de soulager vos proches.<\/p>\n                                                <!-- <\/div> -->\r\n                                            <!-- <div class=\"articleblock\"> -->\r\n                        <h2 class=\"subtitle\" id=\"afi-esca\" >Afi Esca<\/h2>                                                    <p><span style=\"font-weight: 400;\"><a href=\"https:\/\/www.comparateur.be\/assurances\/assureurs\/afi-esca\">Afi Esca<\/a> est un assureur sp\u00e9cialis\u00e9 qui se consacre enti\u00e8rement \u00e0 la protection des familles et de leurs cr\u00e9dits sur le march\u00e9 belge. Depuis son si\u00e8ge \u00e0 Eigenbrakel, il propose un produit essentiel lors de l\u2019achat d\u2019un bien immobilier : l\u2019assurance solde restant d\u00fb.<\/span><\/p>\n                                                <!-- <\/div> -->\r\n                                            <!-- <div class=\"articleblock\"> -->\r\n                        <h2 class=\"subtitle\" id=\"april-belgium\" >April Belgium<\/h2>                                                    <p><span style=\"font-weight: 400;\"><a href=\"https:\/\/www.comparateur.be\/assurances\/assureurs\/april-belgium\">April Belgium<\/a> est un assureur sp\u00e9cialis\u00e9, membre du groupe international APRIL Group. Gr\u00e2ce \u00e0 ses assurances d\u00e9c\u00e8s, vous garantissez l\u2019avenir financier de votre famille ou de votre entreprise.\u00a0<\/span><\/p>\n                                                <!-- <\/div> -->\r\n                                            <!-- <div class=\"articleblock\"> -->\r\n                        <h2 class=\"subtitle\" id=\"aviza\" >Aviza<\/h2>                                                    <p><span style=\"font-weight: 400;\"><a href=\"https:\/\/www.comparateur.be\/assurances\/assureurs\/aviza-insurance\">Aviza<\/a> est un assureur belge actif dans tout le pays. Depuis son bureau \u00e0 Anvers, il aide les particuliers \u00e0 prot\u00e9ger leur pr\u00eat. Aviza se sp\u00e9cialise dans un seul type d\u2019assurance : l\u2019assurance solde restant d\u00fb.<\/span><\/p>\n                                                <!-- <\/div> -->\r\n                                                                    <\/div>\r\n    <br>\r\n        <\/div>\r\n\r\n    <div class=\"col-12 col-md-6 col-lg-4\">\r\n                <div class=\"sticky\">\r\n            <div class=\"summary summary--anchors\">\r\n                <div id=\"summary-anchors\">\r\n                                            <h3>Sommaire<\/h3>\r\n                                    <\/div>\r\n            <\/div>\r\n            <div class=\"summary summary--links\">\r\n                <div class=\"summary--links-list\">\r\n                                            <h3>En savoir plus sur<\/h3>\r\n                                        <a class=\"summary--links-list--link\" href=\"https:\/\/www.comparateur.be\/assurance-auto\"><span>Comparez les assurances auto<\/span><\/a><a class=\"summary--links-list--link\" href=\"https:\/\/www.comparateur.be\/assurance-habitation\"><span>Comparez les assurances habitation<\/span><\/a><a class=\"summary--links-list--link\" href=\"https:\/\/www.comparateur.be\/assurance-solde-restant-du\"><span>Compares les soldes restant d\u00fb<\/span><\/a>                <\/div>\r\n            <\/div>\r\n        <\/div>\r\n    <\/div>\r\n\r\n    <\/div>\r\n    <\/div>\r\n    <!-- <\/section> -->\r\n        <\/section>\r\n","protected":false},"excerpt":{"rendered":"","protected":false},"author":1,"featured_media":0,"parent":64,"menu_order":0,"comment_status":"closed","ping_status":"closed","template":"","meta":{"footnotes":""},"class_list":["post-939","page","type-page","status-publish","hentry"],"acf":[],"yoast_head":"<!-- This site is optimized with the Yoast SEO Premium plugin v23.4 (Yoast SEO v23.4) - https:\/\/yoast.com\/wordpress\/plugins\/seo\/ -->\n<title>\u200bListe des assureurs associ\u00e9s - Comparateur.be<\/title>\n<meta name=\"description\" content=\"Trouvez ici les assureurs avec lesquels nous travaillons.\" \/>\n<meta name=\"robots\" content=\"index, follow, max-snippet:-1, max-image-preview:large, max-video-preview:-1\" \/>\n<link rel=\"canonical\" href=\"https:\/\/www.comparateur.be\/assurances\/assureurs\" \/>\n<meta property=\"og:locale\" content=\"fr_FR\" \/>\n<meta property=\"og:type\" content=\"article\" \/>\n<meta property=\"og:title\" content=\"Assureurs\" \/>\n<meta property=\"og:description\" content=\"Trouvez ici les assureurs avec lesquels nous travaillons.\" \/>\n<meta property=\"og:url\" content=\"https:\/\/www.comparateur.be\/assurances\/assureurs\" \/>\n<meta property=\"og:site_name\" content=\"Comparateur.be\" \/>\n<meta property=\"article:publisher\" content=\"https:\/\/www.facebook.com\/Mijnvergelijker\/\" \/>\n<meta property=\"article:modified_time\" content=\"2026-01-05T10:46:08+00:00\" \/>\n<meta property=\"og:image\" content=\"https:\/\/www.comparateur.be\/wordpress\/wp-content\/uploads\/2024\/09\/Algemeen_met-slogan_NL@.png\" \/>\n\t<meta property=\"og:image:width\" content=\"2444\" \/>\n\t<meta property=\"og:image:height\" content=\"418\" \/>\n\t<meta property=\"og:image:type\" content=\"image\/png\" \/>\n<meta name=\"twitter:card\" content=\"summary_large_image\" \/>\n<script type=\"application\/ld+json\" class=\"yoast-schema-graph\">{\"@context\":\"https:\/\/schema.org\",\"@graph\":[{\"@type\":\"WebPage\",\"@id\":\"https:\/\/www.comparateur.be\/assurances\/assureurs\",\"url\":\"https:\/\/www.comparateur.be\/assurances\/assureurs\",\"name\":\"\u200bListe des assureurs associ\u00e9s - Comparateur.be\",\"isPartOf\":{\"@id\":\"https:\/\/www.comparateur.be\/#website\"},\"datePublished\":\"2022-09-08T08:48:10+00:00\",\"dateModified\":\"2026-01-05T10:46:08+00:00\",\"description\":\"Trouvez ici les assureurs avec lesquels nous travaillons.\",\"breadcrumb\":{\"@id\":\"https:\/\/www.comparateur.be\/assurances\/assureurs#breadcrumb\"},\"inLanguage\":\"fr-BE\",\"potentialAction\":[{\"@type\":\"ReadAction\",\"target\":[\"https:\/\/www.comparateur.be\/assurances\/assureurs\"]}]},{\"@type\":\"BreadcrumbList\",\"@id\":\"https:\/\/www.comparateur.be\/assurances\/assureurs#breadcrumb\",\"itemListElement\":[{\"@type\":\"ListItem\",\"position\":1,\"name\":\"Home\",\"item\":\"https:\/\/www.comparateur.be\/\"},{\"@type\":\"ListItem\",\"position\":2,\"name\":\"Assurances\",\"item\":\"https:\/\/www.comparateur.be\/assurances\"},{\"@type\":\"ListItem\",\"position\":3,\"name\":\"Assureurs\"}]},{\"@type\":\"WebSite\",\"@id\":\"https:\/\/www.comparateur.be\/#website\",\"url\":\"https:\/\/www.comparateur.be\/\",\"name\":\"MIjnvergelijker.be\",\"description\":\"\",\"publisher\":{\"@id\":\"https:\/\/www.comparateur.be\/#organization\"},\"potentialAction\":[{\"@type\":\"SearchAction\",\"target\":{\"@type\":\"EntryPoint\",\"urlTemplate\":\"https:\/\/www.comparateur.be\/?s={search_term_string}\"},\"query-input\":\"required name=search_term_string\"}],\"inLanguage\":\"fr-BE\"},{\"@type\":\"Organization\",\"@id\":\"https:\/\/www.comparateur.be\/#organization\",\"name\":\"Comparateur.be\",\"url\":\"https:\/\/www.comparateur.be\/\",\"logo\":{\"@type\":\"ImageObject\",\"inLanguage\":\"fr-BE\",\"@id\":\"https:\/\/www.comparateur.be\/#\/schema\/logo\/image\/\",\"url\":\"https:\/\/www.comparateur.be\/wordpress\/wp-content\/uploads\/2024\/09\/Algemeen_met-slogan_NL@.png\",\"contentUrl\":\"https:\/\/www.comparateur.be\/wordpress\/wp-content\/uploads\/2024\/09\/Algemeen_met-slogan_NL@.png\",\"width\":2444,\"height\":418,\"caption\":\"Comparateur.be\"},\"image\":{\"@id\":\"https:\/\/www.comparateur.be\/#\/schema\/logo\/image\/\"},\"sameAs\":[\"https:\/\/www.facebook.com\/Mijnvergelijker\/\"]}]}<\/script>\n<!-- \/ Yoast SEO Premium plugin. -->","yoast_head_json":{"title":"\u200bListe des assureurs associ\u00e9s - Comparateur.be","description":"Trouvez ici les assureurs avec lesquels nous travaillons.","robots":{"index":"index","follow":"follow","max-snippet":"max-snippet:-1","max-image-preview":"max-image-preview:large","max-video-preview":"max-video-preview:-1"},"canonical":"https:\/\/www.comparateur.be\/assurances\/assureurs","og_locale":"fr_FR","og_type":"article","og_title":"Assureurs","og_description":"Trouvez ici les assureurs avec lesquels nous travaillons.","og_url":"https:\/\/www.comparateur.be\/assurances\/assureurs","og_site_name":"Comparateur.be","article_publisher":"https:\/\/www.facebook.com\/Mijnvergelijker\/","article_modified_time":"2026-01-05T10:46:08+00:00","og_image":[{"width":2444,"height":418,"url":"https:\/\/www.comparateur.be\/wordpress\/wp-content\/uploads\/2024\/09\/Algemeen_met-slogan_NL@.png","type":"image\/png"}],"twitter_card":"summary_large_image","schema":{"@context":"https:\/\/schema.org","@graph":[{"@type":"WebPage","@id":"https:\/\/www.comparateur.be\/assurances\/assureurs","url":"https:\/\/www.comparateur.be\/assurances\/assureurs","name":"\u200bListe des assureurs associ\u00e9s - Comparateur.be","isPartOf":{"@id":"https:\/\/www.comparateur.be\/#website"},"datePublished":"2022-09-08T08:48:10+00:00","dateModified":"2026-01-05T10:46:08+00:00","description":"Trouvez ici les assureurs avec lesquels nous travaillons.","breadcrumb":{"@id":"https:\/\/www.comparateur.be\/assurances\/assureurs#breadcrumb"},"inLanguage":"fr-BE","potentialAction":[{"@type":"ReadAction","target":["https:\/\/www.comparateur.be\/assurances\/assureurs"]}]},{"@type":"BreadcrumbList","@id":"https:\/\/www.comparateur.be\/assurances\/assureurs#breadcrumb","itemListElement":[{"@type":"ListItem","position":1,"name":"Home","item":"https:\/\/www.comparateur.be\/"},{"@type":"ListItem","position":2,"name":"Assurances","item":"https:\/\/www.comparateur.be\/assurances"},{"@type":"ListItem","position":3,"name":"Assureurs"}]},{"@type":"WebSite","@id":"https:\/\/www.comparateur.be\/#website","url":"https:\/\/www.comparateur.be\/","name":"MIjnvergelijker.be","description":"","publisher":{"@id":"https:\/\/www.comparateur.be\/#organization"},"potentialAction":[{"@type":"SearchAction","target":{"@type":"EntryPoint","urlTemplate":"https:\/\/www.comparateur.be\/?s={search_term_string}"},"query-input":"required name=search_term_string"}],"inLanguage":"fr-BE"},{"@type":"Organization","@id":"https:\/\/www.comparateur.be\/#organization","name":"Comparateur.be","url":"https:\/\/www.comparateur.be\/","logo":{"@type":"ImageObject","inLanguage":"fr-BE","@id":"https:\/\/www.comparateur.be\/#\/schema\/logo\/image\/","url":"https:\/\/www.comparateur.be\/wordpress\/wp-content\/uploads\/2024\/09\/Algemeen_met-slogan_NL@.png","contentUrl":"https:\/\/www.comparateur.be\/wordpress\/wp-content\/uploads\/2024\/09\/Algemeen_met-slogan_NL@.png","width":2444,"height":418,"caption":"Comparateur.be"},"image":{"@id":"https:\/\/www.comparateur.be\/#\/schema\/logo\/image\/"},"sameAs":["https:\/\/www.facebook.com\/Mijnvergelijker\/"]}]}},"_links":{"self":[{"href":"https:\/\/www.comparateur.be\/wordpress\/wp-json\/wp\/v2\/pages\/939"}],"collection":[{"href":"https:\/\/www.comparateur.be\/wordpress\/wp-json\/wp\/v2\/pages"}],"about":[{"href":"https:\/\/www.comparateur.be\/wordpress\/wp-json\/wp\/v2\/types\/page"}],"author":[{"embeddable":true,"href":"https:\/\/www.comparateur.be\/wordpress\/wp-json\/wp\/v2\/users\/1"}],"replies":[{"embeddable":true,"href":"https:\/\/www.comparateur.be\/wordpress\/wp-json\/wp\/v2\/comments?post=939"}],"version-history":[{"count":67,"href":"https:\/\/www.comparateur.be\/wordpress\/wp-json\/wp\/v2\/pages\/939\/revisions"}],"predecessor-version":[{"id":15545,"href":"https:\/\/www.comparateur.be\/wordpress\/wp-json\/wp\/v2\/pages\/939\/revisions\/15545"}],"up":[{"embeddable":true,"href":"https:\/\/www.comparateur.be\/wordpress\/wp-json\/wp\/v2\/pages\/64"}],"wp:attachment":[{"href":"https:\/\/www.comparateur.be\/wordpress\/wp-json\/wp\/v2\/media?parent=939"}],"curies":[{"name":"wp","href":"https:\/\/api.w.org\/{rel}","templated":true}]}}