{"id":6626,"date":"2024-01-23T16:01:55","date_gmt":"2024-01-23T15:01:55","guid":{"rendered":"https:\/\/www.mijnvergelijker.be\/wordpress\/?page_id=6626"},"modified":"2024-09-24T11:45:41","modified_gmt":"2024-09-24T09:45:41","slug":"dela","status":"publish","type":"page","link":"https:\/\/www.comparateur.be\/assurances\/assureurs\/dela","title":{"rendered":"DELA"},"content":{"rendered":"\n<section id=\"heroes-text-block_65ae19ad7100b\" class=\"heroes-text hero hero--text\">\n    <div class=\"container\">\n                    <h1 class=\"heading-xl mb-md-40\">DELA<\/h1>\n                <div class=\"wysiwyg body-lg mb-md-40\">\n            <p>\n            DELA est le seul sp\u00e9cialiste fun\u00e9raire en Belgique qui organise des services fun\u00e9raires et propose \u00e0 la fois une assurance obs\u00e8ques. DELA vous aide avec le paiement des frais d\u2019obs\u00e8ques, l\u2019organisation des fun\u00e9railles et les formalit\u00e9s pratiques et administratives qui en d\u00e9coulent.             <\/p>\n        <\/div>\n                    <div class=\"button-container\">\n                <a href=\"\/assurance-obseques\" class=\"button button--primary \" type=\"primary\">\n                    <span class=\"d-flex align-items-center\">\n                        Comparez les assurances obs\u00e8ques                        <svg xmlns=\"http:\/\/www.w3.org\/2000\/svg\" width=\"22\" height=\"22\" viewBox=\"0 0 24 24\" fill=\"none\" class=\"arrow-right\"><path d=\"M5 12H19\" stroke-width=\"2\" stroke-linecap=\"round\" stroke-linejoin=\"round\"\/><path d=\"M12 5L19 12L12 19\" stroke-width=\"2\" stroke-linecap=\"round\" stroke-linejoin=\"round\"\/><\/svg>                    <\/span>\n                <\/a>\n            <\/div>\n                        <\/section>\n\n\n    <style>\r\n        html {\r\n            scroll-behavior: smooth;\r\n        }\r\n    <\/style>\r\n\r\n            <section class=\"section\">\r\n        <div class=\"container article-smooth\">\r\n        <div class=\"row\">\r\n        <div class=\"col-12 col-md-6 col-lg-8\" id=\"main-article\"  data-anchor-class=\"title\" >\r\n                <!-- <section class=\"section\"> -->\r\n        <div id=\"article-block_65ae19ee7100d\"\r\n         class=\"article \">\r\n                                            <h2 class=\"title\" id=\"fondation\">Fondation<\/h2>\r\n                                                                        <!-- <div class=\"articleblock\"> -->\r\n                                                                            <p>DELA existe d\u00e9j\u00e0 depuis plus de 85 ans. L\u2019organisation d\u2019origine n\u00e9erlandaise, surtout connue pour son assurance obs\u00e8ques exhaustive, est active en Belgique depuis 1989. 800 employ\u00e9s sont \u00e0 votre disposition avant, pendant et apr\u00e8s les fun\u00e9railles.<\/p>\n<p>En effet, DELA dispose de son propre r\u00e9seau d\u2019entrepreneurs de pompes fun\u00e8bres professionnels, de trois cr\u00e9matoriums et d\u2019un centre de rapatriement situ\u00e9 \u00e0 l\u2019a\u00e9roport de Zaventem. En outre, les conseillers en formalit\u00e9s apr\u00e8s fun\u00e9railles de DELA sont disponibles chaque jour pour aider les proches avec le suivi pratique et administratif apr\u00e8s les obs\u00e8ques.<\/p>\n                                                <!-- <\/div> -->\r\n                                                                                                    <h2 class=\"title\" id=\"partie-de-la-cooprative-dela\">Partie de la coop\u00e9rative DELA<\/h2>\r\n                                                                        <!-- <div class=\"articleblock\"> -->\r\n                                                                            <p>DELA signifie \u00ab\u00a0Draagt Elkanders Lasten\u00a0\u00bb (prendre soin les uns des autres) et fait partie de la coop\u00e9rative DELA. Ce puissant collectif, qui compte d\u00e9j\u00e0 plus de 3 millions de membres par-del\u00e0 les fronti\u00e8res, vise \u00e0 garantir \u00e0 chacun des adieux dignes \u00e0 un prix abordable. Depuis sa fondation, l\u2019organisation tient \u00e0 respecter les valeurs coop\u00e9ratives qui font partie int\u00e9grante de son identit\u00e9 : la solidarit\u00e9, le lien mutuel et le soin pour les autres.<\/p>\n                                                <!-- <\/div> -->\r\n                                                                                                    <h2 class=\"title\" id=\"a-propos-de-dela\">A propos de DELA<\/h2>\r\n                                                                        <!-- <div class=\"articleblock\"> -->\r\n                                                                            <p>DELA met tout en \u0153uvre pour aider ceux qui ont perdu un \u00eatre cher pour qu\u2019ils puissent reprendre sereinement le fil de la vie apr\u00e8s les fun\u00e9railles. En organisant et assurant des obs\u00e8ques et en r\u00e9pondant \u00e0 toute question qui touche au d\u00e9c\u00e8s, DELA veut d\u00e9charger au maximum les proches.<\/p>\n<p>De plus, pour DELA, le principe de la solidarit\u00e9 est une priorit\u00e9 absolue. L\u2019organisation estime qu\u2019il est primordial d\u2019apporter son concours \u00e0 la soci\u00e9t\u00e9 et d\u2019\u00eatre l\u00e0 les uns pour les autres. Voil\u00e0 pourquoi elle a cr\u00e9\u00e9 le Fonds DELA. Par le biais de ce fonds, l\u2019organisation soutient des initiatives b\u00e9n\u00e9voles qui rendent le moment de l\u2019adieu plus supportable.<\/p>\n<p>DELA accorde une importance capitale \u00e0 ses valeurs coop\u00e9ratives. Chaque membre a son mot \u00e0 dire, l\u2019organisation est attentive \u00e0 l\u2019individu et \u00e0 la soci\u00e9t\u00e9 et ne d\u00e9pend pas d\u2019actionnaires externes, et le profit n\u2019est pas une fin en soi. Tout nouvel assur\u00e9 devient automatiquement et gratuitement membre de la coop\u00e9rative DELA, et ce sans engagement. En tant que membre, vous avez voix au chapitre et vous b\u00e9n\u00e9ficiez de divers avantages.<\/p>\n                                                <!-- <\/div> -->\r\n                                                                                                    <h2 class=\"title\" id=\"lassurance-propose-par-dela\">L\u2019assurance propos\u00e9e par DELA<\/h2>\r\n                                                                        <!-- <div class=\"articleblock\"> -->\r\n                                                                            <p>DELA est surtout connu pour son<strong>\u00a0Plan de Pr\u00e9voyance obs\u00e8ques DELA<\/strong>. Gr\u00e2ce \u00e0 cette assurance obs\u00e8ques exhaustive, ceux qui ont perdu un \u00eatre cher ne doivent pas se soucier des d\u00e9marches pratiques et des frais li\u00e9s aux obs\u00e8ques. Cela permet aux familles de se concentrer sur ce qui compte vraiment : donner une place au d\u00e9c\u00e8s de leur proche disparu.<\/p>\n<p>Le Plan de Pr\u00e9voyance obs\u00e8ques DELA couvre les frais d\u2019obs\u00e8ques pour le montant assur\u00e9. Apr\u00e8s les obs\u00e8ques, un conseiller en formalit\u00e9s apr\u00e8s fun\u00e9railles rend visite \u00e0 vos proches pour les aider avec tout le suivi administratif et pratique. De plus, vos proches pourront compter sur une assistance et sur des services compl\u00e9mentaires.<\/p>\n                                                <!-- <\/div> -->\r\n                                                                                                    <h2 class=\"title\" id=\"contact-dela\">Contact DELA<\/h2>\r\n                                                                        <!-- <div class=\"articleblock\"> -->\r\n                                                                            <p><strong>Si\u00e8ge social :<\/strong><br \/>\nDELA Natura- en levensverzekeringen N.V.<br \/>\nNoorderplaats 5 bus 2<br \/>\n2000 Anvers<br \/>\n<a href=\"mailto:info@dela.be\">info@dela.be<\/a><\/p>\n                                                <!-- <\/div> -->\r\n                                                                    <\/div>\r\n    <br>\r\n        <\/div>\r\n\r\n    <div class=\"col-12 col-md-6 col-lg-4\">\r\n                <div class=\"sticky\">\r\n            <div class=\"summary summary--anchors\">\r\n                <div id=\"summary-anchors\">\r\n                                            <h3>Table des mati\u00e8res<\/h3>\r\n                                    <\/div>\r\n            <\/div>\r\n            <div class=\"summary summary--links\">\r\n                <div class=\"summary--links-list\">\r\n                                            <h3>En savoir plus sur<\/h3>\r\n                                        <a class=\"summary--links-list--link\" href=\"https:\/\/www.comparateur.be\/assurance-obseques\/assureurs\/dela\"><span>Plan de Pr\u00e9voyance obs\u00e8ques DELA<\/span><\/a><a class=\"summary--links-list--link\" href=\"https:\/\/www.comparateur.be\/assurances\/assureurs\"><span>En savoir plus sur nos assureurs<\/span><\/a><a class=\"summary--links-list--link\" href=\"https:\/\/www.comparateur.be\/assurance-obseques\"><span>Comparez des assurances obs\u00e8ques<\/span><\/a>                <\/div>\r\n            <\/div>\r\n        <\/div>\r\n    <\/div>\r\n\r\n    <\/div>\r\n    <\/div>\r\n    <!-- <\/section> -->\r\n        <\/section>\r\n","protected":false},"excerpt":{"rendered":"","protected":false},"author":8,"featured_media":0,"parent":939,"menu_order":0,"comment_status":"closed","ping_status":"closed","template":"","meta":{"footnotes":""},"class_list":["post-6626","page","type-page","status-publish","hentry"],"acf":[],"yoast_head":"<!-- This site is optimized with the Yoast SEO Premium plugin v23.4 (Yoast SEO v23.4) - https:\/\/yoast.com\/wordpress\/plugins\/seo\/ -->\n<title>L&#039;assureur DELA | Comparateur.be<\/title>\n<meta name=\"description\" content=\"DELA est le sp\u00e9cialiste fun\u00e9raire par excellence en Belgique et le seul \u00e0 combiner l\u2019assurance et l\u2019organisation d\u2019obs\u00e8ques. D\u00e9couvrez l&#039;offre sur Comparateur.be !\" \/>\n<meta name=\"robots\" content=\"index, follow, max-snippet:-1, max-image-preview:large, max-video-preview:-1\" \/>\n<link rel=\"canonical\" href=\"https:\/\/www.comparateur.be\/assurances\/assureurs\/dela\" \/>\n<meta property=\"og:locale\" content=\"fr_FR\" \/>\n<meta property=\"og:type\" content=\"article\" \/>\n<meta property=\"og:title\" content=\"DELA\" \/>\n<meta property=\"og:description\" content=\"DELA est le sp\u00e9cialiste fun\u00e9raire par excellence en Belgique et le seul \u00e0 combiner l\u2019assurance et l\u2019organisation d\u2019obs\u00e8ques. D\u00e9couvrez l&#039;offre sur Comparateur.be !\" \/>\n<meta property=\"og:url\" content=\"https:\/\/www.comparateur.be\/assurances\/assureurs\/dela\" \/>\n<meta property=\"og:site_name\" content=\"Comparateur.be\" \/>\n<meta property=\"article:publisher\" content=\"https:\/\/www.facebook.com\/Mijnvergelijker\/\" \/>\n<meta property=\"article:modified_time\" content=\"2024-09-24T09:45:41+00:00\" \/>\n<meta property=\"og:image\" content=\"https:\/\/www.comparateur.be\/wordpress\/wp-content\/uploads\/2024\/09\/Algemeen_met-slogan_NL@.png\" \/>\n\t<meta property=\"og:image:width\" content=\"2444\" \/>\n\t<meta property=\"og:image:height\" content=\"418\" \/>\n\t<meta property=\"og:image:type\" content=\"image\/png\" \/>\n<meta name=\"twitter:card\" content=\"summary_large_image\" \/>\n<script type=\"application\/ld+json\" class=\"yoast-schema-graph\">{\"@context\":\"https:\/\/schema.org\",\"@graph\":[{\"@type\":\"WebPage\",\"@id\":\"https:\/\/www.comparateur.be\/assurances\/assureurs\/dela\",\"url\":\"https:\/\/www.comparateur.be\/assurances\/assureurs\/dela\",\"name\":\"L'assureur DELA | Comparateur.be\",\"isPartOf\":{\"@id\":\"https:\/\/www.comparateur.be\/#website\"},\"datePublished\":\"2024-01-23T15:01:55+00:00\",\"dateModified\":\"2024-09-24T09:45:41+00:00\",\"description\":\"DELA est le sp\u00e9cialiste fun\u00e9raire par excellence en Belgique et le seul \u00e0 combiner l\u2019assurance et l\u2019organisation d\u2019obs\u00e8ques. D\u00e9couvrez l'offre sur Comparateur.be !\",\"breadcrumb\":{\"@id\":\"https:\/\/www.comparateur.be\/assurances\/assureurs\/dela#breadcrumb\"},\"inLanguage\":\"fr-BE\",\"potentialAction\":[{\"@type\":\"ReadAction\",\"target\":[\"https:\/\/www.comparateur.be\/assurances\/assureurs\/dela\"]}]},{\"@type\":\"BreadcrumbList\",\"@id\":\"https:\/\/www.comparateur.be\/assurances\/assureurs\/dela#breadcrumb\",\"itemListElement\":[{\"@type\":\"ListItem\",\"position\":1,\"name\":\"Home\",\"item\":\"https:\/\/www.comparateur.be\/\"},{\"@type\":\"ListItem\",\"position\":2,\"name\":\"Assurances\",\"item\":\"https:\/\/www.comparateur.be\/assurances\"},{\"@type\":\"ListItem\",\"position\":3,\"name\":\"Assureurs\",\"item\":\"https:\/\/www.comparateur.be\/assurances\/assureurs\"},{\"@type\":\"ListItem\",\"position\":4,\"name\":\"DELA\"}]},{\"@type\":\"WebSite\",\"@id\":\"https:\/\/www.comparateur.be\/#website\",\"url\":\"https:\/\/www.comparateur.be\/\",\"name\":\"MIjnvergelijker.be\",\"description\":\"\",\"publisher\":{\"@id\":\"https:\/\/www.comparateur.be\/#organization\"},\"potentialAction\":[{\"@type\":\"SearchAction\",\"target\":{\"@type\":\"EntryPoint\",\"urlTemplate\":\"https:\/\/www.comparateur.be\/?s={search_term_string}\"},\"query-input\":\"required name=search_term_string\"}],\"inLanguage\":\"fr-BE\"},{\"@type\":\"Organization\",\"@id\":\"https:\/\/www.comparateur.be\/#organization\",\"name\":\"Comparateur.be\",\"url\":\"https:\/\/www.comparateur.be\/\",\"logo\":{\"@type\":\"ImageObject\",\"inLanguage\":\"fr-BE\",\"@id\":\"https:\/\/www.comparateur.be\/#\/schema\/logo\/image\/\",\"url\":\"https:\/\/www.comparateur.be\/wordpress\/wp-content\/uploads\/2024\/09\/Algemeen_met-slogan_NL@.png\",\"contentUrl\":\"https:\/\/www.comparateur.be\/wordpress\/wp-content\/uploads\/2024\/09\/Algemeen_met-slogan_NL@.png\",\"width\":2444,\"height\":418,\"caption\":\"Comparateur.be\"},\"image\":{\"@id\":\"https:\/\/www.comparateur.be\/#\/schema\/logo\/image\/\"},\"sameAs\":[\"https:\/\/www.facebook.com\/Mijnvergelijker\/\"]}]}<\/script>\n<!-- \/ Yoast SEO Premium plugin. -->","yoast_head_json":{"title":"L'assureur DELA | Comparateur.be","description":"DELA est le sp\u00e9cialiste fun\u00e9raire par excellence en Belgique et le seul \u00e0 combiner l\u2019assurance et l\u2019organisation d\u2019obs\u00e8ques. D\u00e9couvrez l'offre sur Comparateur.be !","robots":{"index":"index","follow":"follow","max-snippet":"max-snippet:-1","max-image-preview":"max-image-preview:large","max-video-preview":"max-video-preview:-1"},"canonical":"https:\/\/www.comparateur.be\/assurances\/assureurs\/dela","og_locale":"fr_FR","og_type":"article","og_title":"DELA","og_description":"DELA est le sp\u00e9cialiste fun\u00e9raire par excellence en Belgique et le seul \u00e0 combiner l\u2019assurance et l\u2019organisation d\u2019obs\u00e8ques. D\u00e9couvrez l'offre sur Comparateur.be !","og_url":"https:\/\/www.comparateur.be\/assurances\/assureurs\/dela","og_site_name":"Comparateur.be","article_publisher":"https:\/\/www.facebook.com\/Mijnvergelijker\/","article_modified_time":"2024-09-24T09:45:41+00:00","og_image":[{"width":2444,"height":418,"url":"https:\/\/www.comparateur.be\/wordpress\/wp-content\/uploads\/2024\/09\/Algemeen_met-slogan_NL@.png","type":"image\/png"}],"twitter_card":"summary_large_image","schema":{"@context":"https:\/\/schema.org","@graph":[{"@type":"WebPage","@id":"https:\/\/www.comparateur.be\/assurances\/assureurs\/dela","url":"https:\/\/www.comparateur.be\/assurances\/assureurs\/dela","name":"L'assureur DELA | Comparateur.be","isPartOf":{"@id":"https:\/\/www.comparateur.be\/#website"},"datePublished":"2024-01-23T15:01:55+00:00","dateModified":"2024-09-24T09:45:41+00:00","description":"DELA est le sp\u00e9cialiste fun\u00e9raire par excellence en Belgique et le seul \u00e0 combiner l\u2019assurance et l\u2019organisation d\u2019obs\u00e8ques. D\u00e9couvrez l'offre sur Comparateur.be !","breadcrumb":{"@id":"https:\/\/www.comparateur.be\/assurances\/assureurs\/dela#breadcrumb"},"inLanguage":"fr-BE","potentialAction":[{"@type":"ReadAction","target":["https:\/\/www.comparateur.be\/assurances\/assureurs\/dela"]}]},{"@type":"BreadcrumbList","@id":"https:\/\/www.comparateur.be\/assurances\/assureurs\/dela#breadcrumb","itemListElement":[{"@type":"ListItem","position":1,"name":"Home","item":"https:\/\/www.comparateur.be\/"},{"@type":"ListItem","position":2,"name":"Assurances","item":"https:\/\/www.comparateur.be\/assurances"},{"@type":"ListItem","position":3,"name":"Assureurs","item":"https:\/\/www.comparateur.be\/assurances\/assureurs"},{"@type":"ListItem","position":4,"name":"DELA"}]},{"@type":"WebSite","@id":"https:\/\/www.comparateur.be\/#website","url":"https:\/\/www.comparateur.be\/","name":"MIjnvergelijker.be","description":"","publisher":{"@id":"https:\/\/www.comparateur.be\/#organization"},"potentialAction":[{"@type":"SearchAction","target":{"@type":"EntryPoint","urlTemplate":"https:\/\/www.comparateur.be\/?s={search_term_string}"},"query-input":"required name=search_term_string"}],"inLanguage":"fr-BE"},{"@type":"Organization","@id":"https:\/\/www.comparateur.be\/#organization","name":"Comparateur.be","url":"https:\/\/www.comparateur.be\/","logo":{"@type":"ImageObject","inLanguage":"fr-BE","@id":"https:\/\/www.comparateur.be\/#\/schema\/logo\/image\/","url":"https:\/\/www.comparateur.be\/wordpress\/wp-content\/uploads\/2024\/09\/Algemeen_met-slogan_NL@.png","contentUrl":"https:\/\/www.comparateur.be\/wordpress\/wp-content\/uploads\/2024\/09\/Algemeen_met-slogan_NL@.png","width":2444,"height":418,"caption":"Comparateur.be"},"image":{"@id":"https:\/\/www.comparateur.be\/#\/schema\/logo\/image\/"},"sameAs":["https:\/\/www.facebook.com\/Mijnvergelijker\/"]}]}},"_links":{"self":[{"href":"https:\/\/www.comparateur.be\/wordpress\/wp-json\/wp\/v2\/pages\/6626"}],"collection":[{"href":"https:\/\/www.comparateur.be\/wordpress\/wp-json\/wp\/v2\/pages"}],"about":[{"href":"https:\/\/www.comparateur.be\/wordpress\/wp-json\/wp\/v2\/types\/page"}],"author":[{"embeddable":true,"href":"https:\/\/www.comparateur.be\/wordpress\/wp-json\/wp\/v2\/users\/8"}],"replies":[{"embeddable":true,"href":"https:\/\/www.comparateur.be\/wordpress\/wp-json\/wp\/v2\/comments?post=6626"}],"version-history":[{"count":12,"href":"https:\/\/www.comparateur.be\/wordpress\/wp-json\/wp\/v2\/pages\/6626\/revisions"}],"predecessor-version":[{"id":10188,"href":"https:\/\/www.comparateur.be\/wordpress\/wp-json\/wp\/v2\/pages\/6626\/revisions\/10188"}],"up":[{"embeddable":true,"href":"https:\/\/www.comparateur.be\/wordpress\/wp-json\/wp\/v2\/pages\/939"}],"wp:attachment":[{"href":"https:\/\/www.comparateur.be\/wordpress\/wp-json\/wp\/v2\/media?parent=6626"}],"curies":[{"name":"wp","href":"https:\/\/api.w.org\/{rel}","templated":true}]}}