{"id":6543,"date":"2024-01-09T09:14:07","date_gmt":"2024-01-09T08:14:07","guid":{"rendered":"https:\/\/www.mijnvergelijker.be\/wordpress\/?page_id=6543"},"modified":"2024-09-26T15:44:25","modified_gmt":"2024-09-26T13:44:25","slug":"dela","status":"publish","type":"page","link":"https:\/\/www.comparateur.be\/assurance-obseques\/assureurs\/dela","title":{"rendered":"le Plan de Pr\u00e9voyance obs\u00e8ques DELA"},"content":{"rendered":"\n<section id=\"heroes-text-block_659cf4ae7822b\" class=\"heroes-text hero hero--text\">\n    <div class=\"container\">\n                    <h1 class=\"heading-xl mb-md-40\">Assurance obs\u00e8ques DELA<\/h1>\n                <div class=\"wysiwyg body-lg mb-md-40\">\n            <p>\n            Gr\u00e2ce \u00e0 ses nombreuses ann\u00e9es d\u2019exp\u00e9rience, DELA* est le sp\u00e9cialiste par excellence dans le domaine des adieux. DELA vous aide \u00e0 payer les frais d\u2019obs\u00e8ques, \u00e0 organiser les fun\u00e9railles proprement dites et \u00e0 r\u00e9gler les formalit\u00e9s pratiques et administratives qui en d\u00e9coulent. D\u00e9couvrez comment le Plan de Pr\u00e9voyance obs\u00e8ques de notre partenaire DELA peut faire la diff\u00e9rence pour vous et vos proches.            <\/p>\n        <\/div>\n                    <div class=\"button-container\">\n                <a href=\"\/assurance-obseques\" class=\"button button--primary \" type=\"primary\">\n                    <span class=\"d-flex align-items-center\">\n                        comparez les assurances obs\u00e8ques                        <svg xmlns=\"http:\/\/www.w3.org\/2000\/svg\" width=\"22\" height=\"22\" viewBox=\"0 0 24 24\" fill=\"none\" class=\"arrow-right\"><path d=\"M5 12H19\" stroke-width=\"2\" stroke-linecap=\"round\" stroke-linejoin=\"round\"\/><path d=\"M12 5L19 12L12 19\" stroke-width=\"2\" stroke-linecap=\"round\" stroke-linejoin=\"round\"\/><\/svg>                    <\/span>\n                <\/a>\n            <\/div>\n                        <\/section>\n\n\n    <style>\r\n        html {\r\n            scroll-behavior: smooth;\r\n        }\r\n    <\/style>\r\n\r\n            <section class=\"section\">\r\n        <div class=\"container article-smooth\">\r\n        <div class=\"row\">\r\n        <div class=\"col-12 col-md-6 col-lg-8\" id=\"main-article\"  data-anchor-class=\"title\" >\r\n                <!-- <section class=\"section\"> -->\r\n        <div id=\"article-block_659cf4d77822d\"\r\n         class=\"article \">\r\n                                            <h2 class=\"title\" id=\"quest-ce-que-le-plan-de-prvoyance-obsques-dela-\">Qu\u2019est-ce que le Plan de Pr\u00e9voyance obs\u00e8ques DELA ?<\/h2>\r\n                                                                        <!-- <div class=\"articleblock\"> -->\r\n                                                                            <p>Le Plan de Pr\u00e9voyance obs\u00e8ques DELA est l\u2019assurance obs\u00e8ques de DELA. DELA couvre les frais des obs\u00e8ques pour le montant pour lequel vous \u00eates assur\u00e9. De cette fa\u00e7on, ceux qui restent ne devront pas se soucier de l\u2019aspect financier. De plus, vos proches pourront compter sur de l\u2019aide pratique, un accompagnement personnel et des conseils professionnels d\u2019un<strong>\u00a0conseiller en formalit\u00e9s apr\u00e8s fun\u00e9railles<\/strong>.<\/p>\n<ul>\n<li><strong>Choix du capital assur\u00e9 :\u00a0<\/strong>vous d\u00e9terminez librement le capital assur\u00e9 en fonction de vos souhaits et de votre budget. Le montant assur\u00e9 peut varier de 2.500\u20ac \u00e0 10.000\u20ac. Si votre inhumation ou incin\u00e9ration co\u00fbte moins ch\u00e8re que le montant pr\u00e9vu, DELA reverse le solde aux b\u00e9n\u00e9ficiaires d\u00e9sign\u00e9s dans votre police.<\/li>\n<li><strong>Choix de p\u00e9riodicit\u00e9 de paiement :\u00a0<\/strong>vous choisissez vous-m\u00eame sur combien d\u2019ann\u00e9es vous voulez \u00e9taler le paiement des primes. De plus, vous pouvez opter pour des versements mensuels ou annuels.<\/li>\n<li><strong>Choix du b\u00e9n\u00e9ficiaire du capital assur\u00e9\u00a0<\/strong>: vous d\u00e9terminez \u00e0 qui DELA doit verser le capital assur\u00e9 apr\u00e8s votre d\u00e9c\u00e8s : soit \u00e0 votre entrepreneur de pompes\u00a0fun\u00e8bres, soit aux b\u00e9n\u00e9ficiaires d\u00e9sign\u00e9s dans votre police.<\/li>\n<li><strong>Assurance imm\u00e9diate et compl\u00e8te :<\/strong>\u00a0vous profitez d\u2019une couverture compl\u00e8te et imm\u00e9diate d\u00e8s paiement de la premi\u00e8re prime.<\/li>\n<li><strong>Assurance \u00e0 vie\u00a0<\/strong>: apr\u00e8s versement de la derni\u00e8re prime, vous restez assur\u00e9 \u00e0 vie.<\/li>\n<li><strong>Les enfants jusqu\u2019\u00e0 18 ans sont coassur\u00e9s\u00a0<\/strong>: les enfants jusqu\u2019\u00e0 18 ans sont coassur\u00e9s sans surprime \u00e0 condition qu\u2019ils soient mentionn\u00e9s dans la police.<\/li>\n<li><strong>Indexation annuelle\u00a0<\/strong>: tant le capital assur\u00e9 que les primes d\u2019assurance sont index\u00e9s chaque ann\u00e9e afin que votre Plan de Pr\u00e9voyance obs\u00e8ques DELA \u00e9volue parall\u00e8lement avec les frais fun\u00e9raires futurs et ne perde donc pas de sa valeur.<\/li>\n<\/ul>\n                                                <!-- <\/div> -->\r\n                                                                                                                    <div class=\"background background--purple background--purple-100\">\r\n                                                        <!-- <div class=\"articleblock\"> -->\r\n                                                                            <p>En 2023, le Plan de Pr\u00e9voyance obs\u00e8ques DELA a \u00e9t\u00e9 \u00e9lu pour la 7\u00e8me fois \u2018meilleure assurance obs\u00e8ques de Belgique\u2019 par <a href=\"https:\/\/www.decavi.be\/?page_id=1011\">DECAVI<\/a> !<\/p>\n                                                <!-- <\/div> -->\r\n                                                                        <\/div>\r\n                                                                <h2 class=\"title\" id=\"assistance-en-formalits-aprs-funrailles-assistance-et-services-supplmentaires\">Assistance en formalit\u00e9s apr\u00e8s fun\u00e9railles, assistance et services suppl\u00e9mentaires<\/h2>\r\n                                                                        <!-- <div class=\"articleblock\"> -->\r\n                                                                            <p>Apr\u00e8s le d\u00e9c\u00e8s d\u2019un proche, les membres de famille ne savent pas toujours ce qu\u2019il y a \u00e0 r\u00e9gler ni par o\u00f9 commencer. Un conseiller exp\u00e9riment\u00e9 en formalit\u00e9s apr\u00e8s fun\u00e9railles de DELA leur rendra visite apr\u00e8s les obs\u00e8ques pour remplir les formalit\u00e9s pratiques et administratives. En outre, vos proches profitent des services suivants :<\/p>\n<ul>\n<li><strong>Assistance suppl\u00e9mentaire\u00a0<\/strong>: dans le mois qui suit le d\u00e9c\u00e8s, vos membres de famille peuvent profiter de certains services compl\u00e9mentaires, tels qu\u2019un baby-sitter, de l\u2019aide familiale ou la garde temporaire ou permanente des animaux domestiques.<\/li>\n<li><strong>Assistance psychologique\u00a0<\/strong>: vos membres de famille, proches et b\u00e9n\u00e9ficiaires peuvent faire appel \u00e0 un psychologue qui les soutiendra sur le plan \u00e9motionnel. Le Plan de Pr\u00e9voyance obs\u00e8ques DELA inclut cinq s\u00e9ances individuelles d\u2019une heure ou une s\u00e9ance familiale privative d\u2019une heure.<\/li>\n<li><strong>Rapatriement depuis l\u2019\u00e9tranger\u00a0<\/strong>: en cas de d\u00e9c\u00e8s \u00e0 l\u2019\u00e9tranger, DELA prend en charge les frais et l\u2019organisation du rapatriement. Ils financent le cercueil, la mise en bi\u00e8re et le transport en Belgique.<\/li>\n<li><strong>Retour anticip\u00e9\u00a0<\/strong>: si vous d\u00e9c\u00e9dez soudainement en Belgique lorsque vos cohabitants sont en vacances \u00e0 l\u2019\u00e9tranger, DELA se charge de leur retour anticip\u00e9.<\/li>\n<li><strong>Ligne d\u2019info de DELA\u00a0<\/strong>: vous, vos proches ou vos b\u00e9n\u00e9ficiaires avez des questions relatives au d\u00e9c\u00e8s d\u2019un proche ? Les collaborateurs de DELA vous expliquent tout ce que vous devez savoir et \u00e0 qui vous adresser.<\/li>\n<\/ul>\n                                                <!-- <\/div> -->\r\n                                                                                                    <h2 class=\"title\" id=\"avantages-pour-les-membres-de-la-cooprative-dela\">Avantages pour les membres de la coop\u00e9rative DELA<\/h2>\r\n                                                                        <!-- <div class=\"articleblock\"> -->\r\n                                                                            <p>DELA fait partie de la coop\u00e9rative DELA. En tant qu\u2019assur\u00e9 chez DELA, vous devenez automatiquement membre de la coop\u00e9rative DELA, sans engagement et sans frais suppl\u00e9mentaires. Vous aurez votre mot \u00e0 dire et vous profitez de divers avantages.<\/p>\n                                                <!-- <\/div> -->\r\n                                                        <a href=\"\/assurance-obseques\" class=\"button button--primary\" backgroundenabled=\"yes\">\r\n                        <span>comparez les assurances obs\u00e8ques<\/span>\r\n                    <\/a>\r\n                                                <\/div>\r\n    <br>\r\n        <\/div>\r\n\r\n    <div class=\"col-12 col-md-6 col-lg-4\">\r\n                <div class=\"sticky\">\r\n            <div class=\"summary summary--anchors\">\r\n                <div id=\"summary-anchors\">\r\n                                            <h3>Sommaire<\/h3>\r\n                                    <\/div>\r\n            <\/div>\r\n            <div class=\"summary summary--links\">\r\n                <div class=\"summary--links-list\">\r\n                                            <h3>En savoir plus sur<\/h3>\r\n                                        <a class=\"summary--links-list--link\" href=\"\/assurance-auto\/assureurs\"><span>\u200bListe des assureurs associ\u00e9s<\/span><\/a><a class=\"summary--links-list--link\" href=\"\/assurance-obseques\"><span>Comparez les assurances obs\u00e8ques<\/span><\/a>                <\/div>\r\n            <\/div>\r\n        <\/div>\r\n    <\/div>\r\n\r\n    <\/div>\r\n    <\/div>\r\n    <!-- <\/section> -->\r\n        <\/section>\r\n\n\n\n<div id=\"text-block_659d017647129\" class=\"wysiwyg text container\">\n    <\/div>\n\n\n<div id=\"wysiwyg-block_65858934264ed\" class=\"wysiwyg wysiwyg container\">\n            <p style=\"font-size: 11px;\"><span style=\"font-weight: 400;\">*DELA Natura- en levensverzekeringen N.V. \u2013 succursale belge (n\u00b0 d\u2019entreprise 0665.931.229), sise \u00e0 Noorderplaats 5 bo\u00eete 2, 2000 Anvers, succursale de DELA Natura- en levensverzekeringen N.V., soci\u00e9t\u00e9 de droit n\u00e9erlandais (n\u00b0 KvK 17078393), sise \u00e0 Oude Stadsgracht 1, 5611DD Eindhoven, Pays-Bas, agr\u00e9\u00e9e pour la Branche 21 assurances vie sous le n\u00b0 de code 2864 ; producteur du Plan de Pr\u00e9voyance obs\u00e8ques de DELA, assurance vie Branche 21 soumise au droit BE, couvre vos frais d\u2019obs\u00e8ques \u00e0 vie \u00e0 concurrence du montant pour lequel vous \u00eates assur\u00e9. Le preneur d\u2019assurance n\u2019est pas couvert pour un d\u00e9c\u00e8s qui r\u00e9sulte de l\u2019un des risques exclus, \u00e0 savoir un suicide dans l\u2019ann\u00e9e suivant l\u2019entr\u00e9e en vigueur de la police ; une participation volontaire \u00e0 un acte de violence collectif\/un acte de terrorisme, ou \u00e0 une guerre (sauf circonstances professionnelles [par ex. : militaires, policiers, pompiers]) ; d\u00e9lit ou infraction si le preneur d\u2019assurance en est le (co-)auteur. Des restrictions et exclusions sp\u00e9cifiques s\u2019appliquent \u00e0 l\u2019assistance suppl\u00e9mentaire, l\u2019assistance psychologique et le rapatriement &amp; retour anticip\u00e9. Vous les trouverez dans les Conditions G\u00e9n\u00e9rales. Offre, calcul de prime et Conditions G\u00e9n\u00e9rales : www.dela.be et\/ou votre courtier. Plaintes : contact@dela.be ou \u00e0 l\u2019Ombudsman des Assurances (square de Mee\u00fbs 35, 1000 Bruxelles). Si vous souhaitez recevoir une copie gratuite des Conditions G\u00e9n\u00e9rales, veuillez envoyer un courriel \u00e0 info@dela.be. Ce texte ne donne lieu \u00e0 aucun droit. Seules les Conditions G\u00e9n\u00e9rales et les Conditions Particuli\u00e8res sont obligatoires.<\/span><\/p>\n<p style=\"font-size: 11px;\">Documentatie<\/p>\n<ul style=\"font-size: 11px;\">\n<li><a href=\"https:\/\/www.dela.be\/-\/media\/corporate\/documenten\/productdocumenten\/conditions%20generales%20dela.ashx\">Conditions g\u00e9n\u00e9rales<\/a><\/li>\n<li><a href=\"https:\/\/www.dela.be\/-\/media\/corporate\/documenten\/productdocumenten\/infofiche%20plan%20de%20prevoyance%20obseques%20dela.ashx\"><span style=\"font-weight: 400;\">Fiche d\u2019info Plan de Pr\u00e9voyance obs\u00e8ques DELA<\/span><\/a><\/li>\n<li style=\"font-weight: 400;\" aria-level=\"1\"><a href=\"https:\/\/www.dela.be\/-\/media\/corporate\/documenten\/productdocumenten\/criteres%20de%20segmentation%20dela.ashx\"><span style=\"font-weight: 400;\">Crit\u00e8res de segmentation<\/span><\/a><\/li>\n<li style=\"font-weight: 400;\" aria-level=\"1\"><a href=\"https:\/\/www.dela.be\/-\/media\/corporate\/documenten\/mifid%202019%20fr.ashx\"><span style=\"font-weight: 400;\">Brochure devoir de diligence<\/span><\/a><\/li>\n<\/ul>\n    <\/div>\n","protected":false},"excerpt":{"rendered":"","protected":false},"author":8,"featured_media":0,"parent":6547,"menu_order":0,"comment_status":"closed","ping_status":"closed","template":"","meta":{"footnotes":""},"class_list":["post-6543","page","type-page","status-publish","hentry"],"acf":[],"yoast_head":"<!-- This site is optimized with the Yoast SEO Premium plugin v23.4 (Yoast SEO v23.4) - https:\/\/yoast.com\/wordpress\/plugins\/seo\/ -->\n<title>Plan de Pr\u00e9voyance obs\u00e8ques DELA : souscrivez ici | Comparateur.be<\/title>\n<meta name=\"description\" content=\"En savoir plus sur le Plan de Pr\u00e9voyance obs\u00e8ques DELA ? D\u00e9couvrez les conditions et les avantages sur Comparateur.be.\" \/>\n<meta name=\"robots\" content=\"index, follow, max-snippet:-1, max-image-preview:large, max-video-preview:-1\" \/>\n<link rel=\"canonical\" href=\"https:\/\/www.comparateur.be\/assurance-obseques\/assureurs\/dela\" \/>\n<meta property=\"og:locale\" content=\"fr_FR\" \/>\n<meta property=\"og:type\" content=\"article\" \/>\n<meta property=\"og:title\" content=\"le Plan de Pr\u00e9voyance obs\u00e8ques DELA\" \/>\n<meta property=\"og:description\" content=\"En savoir plus sur le Plan de Pr\u00e9voyance obs\u00e8ques DELA ? D\u00e9couvrez les conditions et les avantages sur Comparateur.be.\" \/>\n<meta property=\"og:url\" content=\"https:\/\/www.comparateur.be\/assurance-obseques\/assureurs\/dela\" \/>\n<meta property=\"og:site_name\" content=\"Comparateur.be\" \/>\n<meta property=\"article:publisher\" content=\"https:\/\/www.facebook.com\/Mijnvergelijker\/\" \/>\n<meta property=\"article:modified_time\" content=\"2024-09-26T13:44:25+00:00\" \/>\n<meta property=\"og:image\" content=\"https:\/\/www.comparateur.be\/wordpress\/wp-content\/uploads\/2024\/09\/Algemeen_met-slogan_NL@.png\" \/>\n\t<meta property=\"og:image:width\" content=\"2444\" \/>\n\t<meta property=\"og:image:height\" content=\"418\" \/>\n\t<meta property=\"og:image:type\" content=\"image\/png\" \/>\n<meta name=\"twitter:card\" content=\"summary_large_image\" \/>\n<script type=\"application\/ld+json\" class=\"yoast-schema-graph\">{\"@context\":\"https:\/\/schema.org\",\"@graph\":[{\"@type\":\"WebPage\",\"@id\":\"https:\/\/www.comparateur.be\/assurance-obseques\/assureurs\/dela\",\"url\":\"https:\/\/www.comparateur.be\/assurance-obseques\/assureurs\/dela\",\"name\":\"Plan de Pr\u00e9voyance obs\u00e8ques DELA : souscrivez ici | Comparateur.be\",\"isPartOf\":{\"@id\":\"https:\/\/www.comparateur.be\/#website\"},\"datePublished\":\"2024-01-09T08:14:07+00:00\",\"dateModified\":\"2024-09-26T13:44:25+00:00\",\"description\":\"En savoir plus sur le Plan de Pr\u00e9voyance obs\u00e8ques DELA ? D\u00e9couvrez les conditions et les avantages sur Comparateur.be.\",\"breadcrumb\":{\"@id\":\"https:\/\/www.comparateur.be\/assurance-obseques\/assureurs\/dela#breadcrumb\"},\"inLanguage\":\"fr-BE\",\"potentialAction\":[{\"@type\":\"ReadAction\",\"target\":[\"https:\/\/www.comparateur.be\/assurance-obseques\/assureurs\/dela\"]}]},{\"@type\":\"BreadcrumbList\",\"@id\":\"https:\/\/www.comparateur.be\/assurance-obseques\/assureurs\/dela#breadcrumb\",\"itemListElement\":[{\"@type\":\"ListItem\",\"position\":1,\"name\":\"Home\",\"item\":\"https:\/\/www.comparateur.be\/\"},{\"@type\":\"ListItem\",\"position\":2,\"name\":\"Assurance obs\u00e8ques\",\"item\":\"https:\/\/www.comparateur.be\/assurance-obseques\"},{\"@type\":\"ListItem\",\"position\":3,\"name\":\"assureurs\",\"item\":\"https:\/\/www.comparateur.be\/assurance-obseques\/assureurs\"},{\"@type\":\"ListItem\",\"position\":4,\"name\":\"le Plan de Pr\u00e9voyance obs\u00e8ques DELA\"}]},{\"@type\":\"WebSite\",\"@id\":\"https:\/\/www.comparateur.be\/#website\",\"url\":\"https:\/\/www.comparateur.be\/\",\"name\":\"MIjnvergelijker.be\",\"description\":\"\",\"publisher\":{\"@id\":\"https:\/\/www.comparateur.be\/#organization\"},\"potentialAction\":[{\"@type\":\"SearchAction\",\"target\":{\"@type\":\"EntryPoint\",\"urlTemplate\":\"https:\/\/www.comparateur.be\/?s={search_term_string}\"},\"query-input\":\"required name=search_term_string\"}],\"inLanguage\":\"fr-BE\"},{\"@type\":\"Organization\",\"@id\":\"https:\/\/www.comparateur.be\/#organization\",\"name\":\"Comparateur.be\",\"url\":\"https:\/\/www.comparateur.be\/\",\"logo\":{\"@type\":\"ImageObject\",\"inLanguage\":\"fr-BE\",\"@id\":\"https:\/\/www.comparateur.be\/#\/schema\/logo\/image\/\",\"url\":\"https:\/\/www.comparateur.be\/wordpress\/wp-content\/uploads\/2024\/09\/Algemeen_met-slogan_NL@.png\",\"contentUrl\":\"https:\/\/www.comparateur.be\/wordpress\/wp-content\/uploads\/2024\/09\/Algemeen_met-slogan_NL@.png\",\"width\":2444,\"height\":418,\"caption\":\"Comparateur.be\"},\"image\":{\"@id\":\"https:\/\/www.comparateur.be\/#\/schema\/logo\/image\/\"},\"sameAs\":[\"https:\/\/www.facebook.com\/Mijnvergelijker\/\"]}]}<\/script>\n<!-- \/ Yoast SEO Premium plugin. -->","yoast_head_json":{"title":"Plan de Pr\u00e9voyance obs\u00e8ques DELA : souscrivez ici | Comparateur.be","description":"En savoir plus sur le Plan de Pr\u00e9voyance obs\u00e8ques DELA ? D\u00e9couvrez les conditions et les avantages sur Comparateur.be.","robots":{"index":"index","follow":"follow","max-snippet":"max-snippet:-1","max-image-preview":"max-image-preview:large","max-video-preview":"max-video-preview:-1"},"canonical":"https:\/\/www.comparateur.be\/assurance-obseques\/assureurs\/dela","og_locale":"fr_FR","og_type":"article","og_title":"le Plan de Pr\u00e9voyance obs\u00e8ques DELA","og_description":"En savoir plus sur le Plan de Pr\u00e9voyance obs\u00e8ques DELA ? D\u00e9couvrez les conditions et les avantages sur Comparateur.be.","og_url":"https:\/\/www.comparateur.be\/assurance-obseques\/assureurs\/dela","og_site_name":"Comparateur.be","article_publisher":"https:\/\/www.facebook.com\/Mijnvergelijker\/","article_modified_time":"2024-09-26T13:44:25+00:00","og_image":[{"width":2444,"height":418,"url":"https:\/\/www.comparateur.be\/wordpress\/wp-content\/uploads\/2024\/09\/Algemeen_met-slogan_NL@.png","type":"image\/png"}],"twitter_card":"summary_large_image","schema":{"@context":"https:\/\/schema.org","@graph":[{"@type":"WebPage","@id":"https:\/\/www.comparateur.be\/assurance-obseques\/assureurs\/dela","url":"https:\/\/www.comparateur.be\/assurance-obseques\/assureurs\/dela","name":"Plan de Pr\u00e9voyance obs\u00e8ques DELA : souscrivez ici | Comparateur.be","isPartOf":{"@id":"https:\/\/www.comparateur.be\/#website"},"datePublished":"2024-01-09T08:14:07+00:00","dateModified":"2024-09-26T13:44:25+00:00","description":"En savoir plus sur le Plan de Pr\u00e9voyance obs\u00e8ques DELA ? D\u00e9couvrez les conditions et les avantages sur Comparateur.be.","breadcrumb":{"@id":"https:\/\/www.comparateur.be\/assurance-obseques\/assureurs\/dela#breadcrumb"},"inLanguage":"fr-BE","potentialAction":[{"@type":"ReadAction","target":["https:\/\/www.comparateur.be\/assurance-obseques\/assureurs\/dela"]}]},{"@type":"BreadcrumbList","@id":"https:\/\/www.comparateur.be\/assurance-obseques\/assureurs\/dela#breadcrumb","itemListElement":[{"@type":"ListItem","position":1,"name":"Home","item":"https:\/\/www.comparateur.be\/"},{"@type":"ListItem","position":2,"name":"Assurance obs\u00e8ques","item":"https:\/\/www.comparateur.be\/assurance-obseques"},{"@type":"ListItem","position":3,"name":"assureurs","item":"https:\/\/www.comparateur.be\/assurance-obseques\/assureurs"},{"@type":"ListItem","position":4,"name":"le Plan de Pr\u00e9voyance obs\u00e8ques DELA"}]},{"@type":"WebSite","@id":"https:\/\/www.comparateur.be\/#website","url":"https:\/\/www.comparateur.be\/","name":"MIjnvergelijker.be","description":"","publisher":{"@id":"https:\/\/www.comparateur.be\/#organization"},"potentialAction":[{"@type":"SearchAction","target":{"@type":"EntryPoint","urlTemplate":"https:\/\/www.comparateur.be\/?s={search_term_string}"},"query-input":"required name=search_term_string"}],"inLanguage":"fr-BE"},{"@type":"Organization","@id":"https:\/\/www.comparateur.be\/#organization","name":"Comparateur.be","url":"https:\/\/www.comparateur.be\/","logo":{"@type":"ImageObject","inLanguage":"fr-BE","@id":"https:\/\/www.comparateur.be\/#\/schema\/logo\/image\/","url":"https:\/\/www.comparateur.be\/wordpress\/wp-content\/uploads\/2024\/09\/Algemeen_met-slogan_NL@.png","contentUrl":"https:\/\/www.comparateur.be\/wordpress\/wp-content\/uploads\/2024\/09\/Algemeen_met-slogan_NL@.png","width":2444,"height":418,"caption":"Comparateur.be"},"image":{"@id":"https:\/\/www.comparateur.be\/#\/schema\/logo\/image\/"},"sameAs":["https:\/\/www.facebook.com\/Mijnvergelijker\/"]}]}},"_links":{"self":[{"href":"https:\/\/www.comparateur.be\/wordpress\/wp-json\/wp\/v2\/pages\/6543"}],"collection":[{"href":"https:\/\/www.comparateur.be\/wordpress\/wp-json\/wp\/v2\/pages"}],"about":[{"href":"https:\/\/www.comparateur.be\/wordpress\/wp-json\/wp\/v2\/types\/page"}],"author":[{"embeddable":true,"href":"https:\/\/www.comparateur.be\/wordpress\/wp-json\/wp\/v2\/users\/8"}],"replies":[{"embeddable":true,"href":"https:\/\/www.comparateur.be\/wordpress\/wp-json\/wp\/v2\/comments?post=6543"}],"version-history":[{"count":17,"href":"https:\/\/www.comparateur.be\/wordpress\/wp-json\/wp\/v2\/pages\/6543\/revisions"}],"predecessor-version":[{"id":10479,"href":"https:\/\/www.comparateur.be\/wordpress\/wp-json\/wp\/v2\/pages\/6543\/revisions\/10479"}],"up":[{"embeddable":true,"href":"https:\/\/www.comparateur.be\/wordpress\/wp-json\/wp\/v2\/pages\/6547"}],"wp:attachment":[{"href":"https:\/\/www.comparateur.be\/wordpress\/wp-json\/wp\/v2\/media?parent=6543"}],"curies":[{"name":"wp","href":"https:\/\/api.w.org\/{rel}","templated":true}]}}