{"id":2563,"date":"2022-09-28T13:59:20","date_gmt":"2022-09-28T13:59:20","guid":{"rendered":"https:\/\/www.mijnvergelijker.be\/wordpress\/?page_id=2563"},"modified":"2024-09-04T16:35:47","modified_gmt":"2024-09-04T14:35:47","slug":"valeur-venale","status":"publish","type":"page","link":"https:\/\/www.comparateur.be\/assurance-auto\/valeur-voiture\/valeur-venale","title":{"rendered":"Valeur venale"},"content":{"rendered":"\n<section id=\"heroes-simple-block_6331ad759e769\" class=\"heroes-simple hero hero--simple\">\n    <div class=\"container\">\n                <h2 class=\"heading-lg\">\u200bValeur v\u00e9nale : quelle est la valeur de ma voiture ?<\/h2>\n                <div class=\"wysiwyg wysiwyg--narrow body-lg\">\n                    <\/div>\n                    <\/div>\n<\/section>\n\n\n\n    <div id=\"anchor-block_6331ac153b93b\" class=\"anchor container\">\n        <div class=\"summary summary--anchors-block\">\n            <div class=\"summary--anchors-block d-flex flex-column justify-content-center\">\n                <h3>Rendez-vous imm\u00e9diatement \u00e0 la rubrique qui vous int\u00e9resse<\/h3>\n                <div class=\"row\">\n                                                <a class=\"summary--links-list--link col-12 col-md-4\" href=\"#1\">\n                                <span>Quelle est la diff\u00e9rence entre la valeur v\u00e9nale et la valeur catalogue?<\/span>\n                            <\/a>\n                                                    <a class=\"summary--links-list--link col-12 col-md-4\" href=\"#2\">\n                                <span>Quelle est la valeur de ma voiture?<\/span>\n                            <\/a>\n                                                    <a class=\"summary--links-list--link col-12 col-md-4\" href=\"#3\">\n                                <span>Pourquoi calculer la valeur v\u00e9nale?<\/span>\n                            <\/a>\n                                        <\/div>\n            <\/div>\n        <\/div>\n    <\/div>\n\n\n\n\n<div class=\"container\">\n    <div id=\"separator-block_6331ac473b93f\" class=\"separator separator\"><\/div>\n<\/div>\n\n\n\n\n    <section id=\"1\" class=\"double-column section\">\n        <div class=\"container\">\n            <div class=\"content content--two-column\">\n                <div class=\"row gy-20\">\n                    <div class=\"col-12 col-xl-5\">\n                        <h2 class=\"heading-md\">Quelle est la diff\u00e9rence entre la valeur v\u00e9nale et la valeur catalogue\u00a0?<\/h2>\n                    <\/div>\n                    <div class=\"col-12 col-xl-7\">\n                                                        <div class=\"articleblock\">\n\n\n                                                                                                                                \n                                                \n\n                                                    <p>Il existe trois types de\u00a0d\u00e9termination de valeur : la valeur catalogue, la valeur de reprise et la valeur v\u00e9nale.<\/p>\n<p>Tout d\u2019abord, la valeur catalogue ou valeur conventionnelle\u00a0repr\u00e9sente le prix d\u2019origine de votre voiture \u00e0 l\u2019\u00e9tat neuf. Cette d\u00e9termination de valeur est utilis\u00e9e pour calculer le prix de votre prime auto.<\/p>\n<p>Ensuite, la valeur de reprise est le prix que vous offre le garage lorsque vous faites reprendre votre voiture pour l\u2019\u00e9changer contre une neuve. Celle-ci n\u2019a rien \u00e0 voir avec la valeur sur laquelle se basent les assureurs pour d\u00e9terminer votre prime auto. Si vous achetez une voiture neuve, vous recevrez en outre une certaine somme en \u00e9change de votre ancienne voiture, appel\u00e9e la valeur de reprise.<\/p>\n<p>En ce qui concerne la valeur v\u00e9nale, \u00e9galement appel\u00e9e valeur de march\u00e9 ou valeur r\u00e9elle, on tient compte de l\u2019\u00e2ge et de l\u2019\u00e9tat de la voiture. Celle-ci est aussi utilis\u00e9e pour d\u00e9terminer le prix de votre prime auto. Il y a d\u2019autres \u00e9l\u00e9ments qui d\u00e9terminent le prix, tels que\u00a0:<\/p>\n<ul>\n<li>la marque, le mod\u00e8le, le type et la s\u00e9rie ;<\/li>\n<li>le kilom\u00e9trage\u00a0;<\/li>\n<li>les accessoires dont votre voiture est \u00e9quip\u00e9e.<\/li>\n<\/ul>\n\n\n                                                                                                                                                                                                                    <\/div>\n\n                                            <\/div>\n                <\/div>\n            <\/div>\n        <\/div>\n    <\/section>\n\n\n\n\n<div class=\"container\">\n    <div id=\"separator-block_6331ac783b943\" class=\"separator separator\"><\/div>\n<\/div>\n\n\n\n\n    <section id=\"2\" class=\"double-column section\">\n        <div class=\"container\">\n            <div class=\"content content--two-column\">\n                <div class=\"row gy-20\">\n                    <div class=\"col-12 col-xl-5\">\n                        <h2 class=\"heading-md\">Quelle est la valeur de ma voiture ?<\/h2>\n                    <\/div>\n                    <div class=\"col-12 col-xl-7\">\n                                                        <div class=\"articleblock\">\n\n\n                                                                                                                                \n                                                \n\n                                                    <p>Chez Comparateur.be, nous appliquons notre propre calcul de la valeur v\u00e9nale, mis au point par des experts, pour d\u00e9terminer le prix de votre assurance auto. Il s\u2019agit d\u2019un amortissement pr\u00e9d\u00e9termin\u00e9, bas\u00e9 sur l\u2019\u00e2ge de votre voiture. Pour vous aussi, il est pratique de conna\u00eetre la valeur v\u00e9nale de votre voiture. Pour en savoir plus, lisez ce qui suit.<\/p>\n\n\n                                                                                                                                                                                                                    <\/div>\n\n                                            <\/div>\n                <\/div>\n            <\/div>\n        <\/div>\n    <\/section>\n\n\n\n\n<div class=\"container\">\n    <div id=\"separator-block_6331aca03b947\" class=\"separator separator\"><\/div>\n<\/div>\n\n\n\n\n    <section id=\"3\" class=\"double-column section\">\n        <div class=\"container\">\n            <div class=\"content content--two-column\">\n                <div class=\"row gy-20\">\n                    <div class=\"col-12 col-xl-5\">\n                        <h2 class=\"heading-md\">Pourquoi calculer la valeur v\u00e9nale ?<\/h2>\n                    <\/div>\n                    <div class=\"col-12 col-xl-7\">\n                                                        <div class=\"articleblock\">\n\n\n                                                                                                                                \n                                                \n\n                                                    <p>Dans certaines situations, il peut \u00eatre pratique de conna\u00eetre la valeur actuelle de votre voiture.<\/p>\n<h2>\u200bSituation 1 : vous vendez votre voiture<\/h2>\n<p>Vous souhaitez vendre votre voiture, et de pr\u00e9f\u00e9rence \u00e0 un juste prix bien \u00e9videmment. Il est pratique de vous baser sur la valeur v\u00e9nale. Le prix de vente ne doit pas \u00eatre exactement le m\u00eame que la valeur de march\u00e9. Dans certains cas, exceptionnels, la valeur de votre voiture est plus \u00e9lev\u00e9e que le prix d\u2019origine, comme c\u2019est le cas des voitures r\u00e9tro.<\/p>\n<h2>\u200bSituation 2 : vous achetez une autre voiture<\/h2>\n<p>N\u2019achetez jamais une voiture d\u2019occasion de mani\u00e8re irr\u00e9fl\u00e9chie. Faites quelques recherches sur la d\u00e9termination de la valeur de la marque et du mod\u00e8le sp\u00e9cifiques que vous avez en t\u00eate. Lorsque vous connaissez la valeur r\u00e9elle, vous \u00e9vitez de payer trop cher. La plupart du temps, les garages ou les concessionnaires demandent un peu plus que la valeur r\u00e9elle en vue de r\u00e9aliser un b\u00e9n\u00e9fice. C\u2019est moins le cas des particuliers, mais restez vigilant.<\/p>\n\n\n                                                                                                                                                                                                                                                                                <div class=\"background background--purple background--purple-100 m-t-20\">\n                                                                                                                                                    <h3 class=\"heading heading--four heading-sm\">Conseil&#8230; <\/h3>\n                                                \n                                                \n\n                                                    <div class=\"icp-content icp-content__boxed icp-content__lila-box\" data-icp-block=\"\">\n<div class=\"icp-content--inner\">\n<div class=\"icp-content icp-content__boxed icp-content__lila-box\" data-icp-block=\"\">\n<div class=\"icp-content--inner\">\n<p>Nous vous conseillons de consulter les sites web de revendeurs de voitures d\u2019occasion connus, tant pour l\u2019achat que la vente d\u2019une voiture d\u2019occasion. Sur AutoScout24, vous pouvez compl\u00e9ter votre profil et consulter les prix d\u2019autos similaires. Prenez une moyenne des prix de vente pour conna\u00eetre la valeur v\u00e9nale du mod\u00e8le concern\u00e9.<\/p>\n<\/div>\n<\/div>\n<div class=\"icp-content \" data-icp-block=\"\">\n<div class=\"icp-content--inner\"><\/div>\n<\/div>\n<\/div>\n<\/div>\n<div class=\"icp-content \" data-icp-block=\"\">\n<div class=\"icp-content--inner\"><\/div>\n<\/div>\n\n\n                                                                                                                                                                                                                    <\/div>\n\n                                                        <div class=\"articleblock\">\n\n\n                                                                                                                                \n                                                \n\n                                                    <h2>\u200bSituation 3 : votre voiture est d\u00e9clar\u00e9e perte totale<\/h2>\n<p>La valeur r\u00e9elle est utilis\u00e9e lorsque l\u2019assureur doit indemniser les dommages. Un expert en sinistres est d\u00e9sign\u00e9 pour contr\u00f4ler si les frais des dommages d\u00e9passent la valeur r\u00e9elle. Si c\u2019est le cas, la voiture est d\u00e9clar\u00e9e perte totale. Les r\u00e9parations ne sont alors plus effectu\u00e9es. On parle d\u2019une perte \u00e9conomique totale.<\/p>\n<p>Il peut \u00e9galement \u00eatre question d\u2019une perte technique totale. Dans ce cas, la voiture est tellement endommag\u00e9e qu\u2019elle ne peut plus \u00eatre r\u00e9par\u00e9e. En cas de perte totale, la valeur r\u00e9elle de votre voiture est calcul\u00e9e avant la survenance du sinistre. C\u2019est ce montant qui vous est indemnis\u00e9.<\/p>\n\n\n                                                                                                                                                                                                                    <\/div>\n\n                                            <\/div>\n                <\/div>\n            <\/div>\n        <\/div>\n    <\/section>\n","protected":false},"excerpt":{"rendered":"","protected":false},"author":1,"featured_media":0,"parent":2561,"menu_order":0,"comment_status":"closed","ping_status":"closed","template":"","meta":{"footnotes":""},"class_list":["post-2563","page","type-page","status-publish","hentry"],"acf":[],"yoast_head":"<!-- This site is optimized with the Yoast SEO Premium plugin v23.4 (Yoast SEO v23.4) - https:\/\/yoast.com\/wordpress\/plugins\/seo\/ -->\n<title>Quelle est la valeur v\u00e9nale d&#039;une voiture ? | Comparateur.be<\/title>\n<meta name=\"description\" content=\"Quelle est la valeur de ma voiture ? Calculez-la \u00e0 partir de la valeur v\u00e9nale, \u00e9galement appel\u00e9e valeur de march\u00e9 ou valeur r\u00e9elle.\" \/>\n<meta name=\"robots\" content=\"index, follow, max-snippet:-1, max-image-preview:large, max-video-preview:-1\" \/>\n<link rel=\"canonical\" href=\"https:\/\/www.comparateur.be\/assurance-auto\/valeur-voiture\/valeur-venale\" \/>\n<meta property=\"og:locale\" content=\"fr_FR\" \/>\n<meta property=\"og:type\" content=\"article\" \/>\n<meta property=\"og:title\" content=\"Valeur venale\" \/>\n<meta property=\"og:description\" content=\"Quelle est la valeur de ma voiture ? Calculez-la \u00e0 partir de la valeur v\u00e9nale, \u00e9galement appel\u00e9e valeur de march\u00e9 ou valeur r\u00e9elle.\" \/>\n<meta property=\"og:url\" content=\"https:\/\/www.comparateur.be\/assurance-auto\/valeur-voiture\/valeur-venale\" \/>\n<meta property=\"og:site_name\" content=\"Comparateur.be\" \/>\n<meta property=\"article:publisher\" content=\"https:\/\/www.facebook.com\/Mijnvergelijker\/\" \/>\n<meta property=\"article:modified_time\" content=\"2024-09-04T14:35:47+00:00\" \/>\n<meta property=\"og:image\" content=\"https:\/\/www.comparateur.be\/wordpress\/wp-content\/uploads\/2024\/09\/Algemeen_met-slogan_NL@.png\" \/>\n\t<meta property=\"og:image:width\" content=\"2444\" \/>\n\t<meta property=\"og:image:height\" content=\"418\" \/>\n\t<meta property=\"og:image:type\" content=\"image\/png\" \/>\n<meta name=\"twitter:card\" content=\"summary_large_image\" \/>\n<script type=\"application\/ld+json\" class=\"yoast-schema-graph\">{\"@context\":\"https:\/\/schema.org\",\"@graph\":[{\"@type\":\"WebPage\",\"@id\":\"https:\/\/www.comparateur.be\/assurance-auto\/valeur-voiture\/valeur-venale\",\"url\":\"https:\/\/www.comparateur.be\/assurance-auto\/valeur-voiture\/valeur-venale\",\"name\":\"Quelle est la valeur v\u00e9nale d'une voiture ? | Comparateur.be\",\"isPartOf\":{\"@id\":\"https:\/\/www.comparateur.be\/#website\"},\"datePublished\":\"2022-09-28T13:59:20+00:00\",\"dateModified\":\"2024-09-04T14:35:47+00:00\",\"description\":\"Quelle est la valeur de ma voiture ? Calculez-la \u00e0 partir de la valeur v\u00e9nale, \u00e9galement appel\u00e9e valeur de march\u00e9 ou valeur r\u00e9elle.\",\"breadcrumb\":{\"@id\":\"https:\/\/www.comparateur.be\/assurance-auto\/valeur-voiture\/valeur-venale#breadcrumb\"},\"inLanguage\":\"fr-BE\",\"potentialAction\":[{\"@type\":\"ReadAction\",\"target\":[\"https:\/\/www.comparateur.be\/assurance-auto\/valeur-voiture\/valeur-venale\"]}]},{\"@type\":\"BreadcrumbList\",\"@id\":\"https:\/\/www.comparateur.be\/assurance-auto\/valeur-voiture\/valeur-venale#breadcrumb\",\"itemListElement\":[{\"@type\":\"ListItem\",\"position\":1,\"name\":\"Home\",\"item\":\"https:\/\/www.comparateur.be\/\"},{\"@type\":\"ListItem\",\"position\":2,\"name\":\"Assurance Auto\",\"item\":\"https:\/\/www.comparateur.be\/assurance-auto\"},{\"@type\":\"ListItem\",\"position\":3,\"name\":\"Valeur voiture\",\"item\":\"https:\/\/www.comparateur.be\/assurance-auto\/valeur-voiture\"},{\"@type\":\"ListItem\",\"position\":4,\"name\":\"Valeur venale\"}]},{\"@type\":\"WebSite\",\"@id\":\"https:\/\/www.comparateur.be\/#website\",\"url\":\"https:\/\/www.comparateur.be\/\",\"name\":\"MIjnvergelijker.be\",\"description\":\"\",\"publisher\":{\"@id\":\"https:\/\/www.comparateur.be\/#organization\"},\"potentialAction\":[{\"@type\":\"SearchAction\",\"target\":{\"@type\":\"EntryPoint\",\"urlTemplate\":\"https:\/\/www.comparateur.be\/?s={search_term_string}\"},\"query-input\":\"required name=search_term_string\"}],\"inLanguage\":\"fr-BE\"},{\"@type\":\"Organization\",\"@id\":\"https:\/\/www.comparateur.be\/#organization\",\"name\":\"Comparateur.be\",\"url\":\"https:\/\/www.comparateur.be\/\",\"logo\":{\"@type\":\"ImageObject\",\"inLanguage\":\"fr-BE\",\"@id\":\"https:\/\/www.comparateur.be\/#\/schema\/logo\/image\/\",\"url\":\"https:\/\/www.comparateur.be\/wordpress\/wp-content\/uploads\/2024\/09\/Algemeen_met-slogan_NL@.png\",\"contentUrl\":\"https:\/\/www.comparateur.be\/wordpress\/wp-content\/uploads\/2024\/09\/Algemeen_met-slogan_NL@.png\",\"width\":2444,\"height\":418,\"caption\":\"Comparateur.be\"},\"image\":{\"@id\":\"https:\/\/www.comparateur.be\/#\/schema\/logo\/image\/\"},\"sameAs\":[\"https:\/\/www.facebook.com\/Mijnvergelijker\/\"]}]}<\/script>\n<!-- \/ Yoast SEO Premium plugin. -->","yoast_head_json":{"title":"Quelle est la valeur v\u00e9nale d'une voiture ? | Comparateur.be","description":"Quelle est la valeur de ma voiture ? Calculez-la \u00e0 partir de la valeur v\u00e9nale, \u00e9galement appel\u00e9e valeur de march\u00e9 ou valeur r\u00e9elle.","robots":{"index":"index","follow":"follow","max-snippet":"max-snippet:-1","max-image-preview":"max-image-preview:large","max-video-preview":"max-video-preview:-1"},"canonical":"https:\/\/www.comparateur.be\/assurance-auto\/valeur-voiture\/valeur-venale","og_locale":"fr_FR","og_type":"article","og_title":"Valeur venale","og_description":"Quelle est la valeur de ma voiture ? Calculez-la \u00e0 partir de la valeur v\u00e9nale, \u00e9galement appel\u00e9e valeur de march\u00e9 ou valeur r\u00e9elle.","og_url":"https:\/\/www.comparateur.be\/assurance-auto\/valeur-voiture\/valeur-venale","og_site_name":"Comparateur.be","article_publisher":"https:\/\/www.facebook.com\/Mijnvergelijker\/","article_modified_time":"2024-09-04T14:35:47+00:00","og_image":[{"width":2444,"height":418,"url":"https:\/\/www.comparateur.be\/wordpress\/wp-content\/uploads\/2024\/09\/Algemeen_met-slogan_NL@.png","type":"image\/png"}],"twitter_card":"summary_large_image","schema":{"@context":"https:\/\/schema.org","@graph":[{"@type":"WebPage","@id":"https:\/\/www.comparateur.be\/assurance-auto\/valeur-voiture\/valeur-venale","url":"https:\/\/www.comparateur.be\/assurance-auto\/valeur-voiture\/valeur-venale","name":"Quelle est la valeur v\u00e9nale d'une voiture ? | Comparateur.be","isPartOf":{"@id":"https:\/\/www.comparateur.be\/#website"},"datePublished":"2022-09-28T13:59:20+00:00","dateModified":"2024-09-04T14:35:47+00:00","description":"Quelle est la valeur de ma voiture ? Calculez-la \u00e0 partir de la valeur v\u00e9nale, \u00e9galement appel\u00e9e valeur de march\u00e9 ou valeur r\u00e9elle.","breadcrumb":{"@id":"https:\/\/www.comparateur.be\/assurance-auto\/valeur-voiture\/valeur-venale#breadcrumb"},"inLanguage":"fr-BE","potentialAction":[{"@type":"ReadAction","target":["https:\/\/www.comparateur.be\/assurance-auto\/valeur-voiture\/valeur-venale"]}]},{"@type":"BreadcrumbList","@id":"https:\/\/www.comparateur.be\/assurance-auto\/valeur-voiture\/valeur-venale#breadcrumb","itemListElement":[{"@type":"ListItem","position":1,"name":"Home","item":"https:\/\/www.comparateur.be\/"},{"@type":"ListItem","position":2,"name":"Assurance Auto","item":"https:\/\/www.comparateur.be\/assurance-auto"},{"@type":"ListItem","position":3,"name":"Valeur voiture","item":"https:\/\/www.comparateur.be\/assurance-auto\/valeur-voiture"},{"@type":"ListItem","position":4,"name":"Valeur venale"}]},{"@type":"WebSite","@id":"https:\/\/www.comparateur.be\/#website","url":"https:\/\/www.comparateur.be\/","name":"MIjnvergelijker.be","description":"","publisher":{"@id":"https:\/\/www.comparateur.be\/#organization"},"potentialAction":[{"@type":"SearchAction","target":{"@type":"EntryPoint","urlTemplate":"https:\/\/www.comparateur.be\/?s={search_term_string}"},"query-input":"required name=search_term_string"}],"inLanguage":"fr-BE"},{"@type":"Organization","@id":"https:\/\/www.comparateur.be\/#organization","name":"Comparateur.be","url":"https:\/\/www.comparateur.be\/","logo":{"@type":"ImageObject","inLanguage":"fr-BE","@id":"https:\/\/www.comparateur.be\/#\/schema\/logo\/image\/","url":"https:\/\/www.comparateur.be\/wordpress\/wp-content\/uploads\/2024\/09\/Algemeen_met-slogan_NL@.png","contentUrl":"https:\/\/www.comparateur.be\/wordpress\/wp-content\/uploads\/2024\/09\/Algemeen_met-slogan_NL@.png","width":2444,"height":418,"caption":"Comparateur.be"},"image":{"@id":"https:\/\/www.comparateur.be\/#\/schema\/logo\/image\/"},"sameAs":["https:\/\/www.facebook.com\/Mijnvergelijker\/"]}]}},"_links":{"self":[{"href":"https:\/\/www.comparateur.be\/wordpress\/wp-json\/wp\/v2\/pages\/2563"}],"collection":[{"href":"https:\/\/www.comparateur.be\/wordpress\/wp-json\/wp\/v2\/pages"}],"about":[{"href":"https:\/\/www.comparateur.be\/wordpress\/wp-json\/wp\/v2\/types\/page"}],"author":[{"embeddable":true,"href":"https:\/\/www.comparateur.be\/wordpress\/wp-json\/wp\/v2\/users\/1"}],"replies":[{"embeddable":true,"href":"https:\/\/www.comparateur.be\/wordpress\/wp-json\/wp\/v2\/comments?post=2563"}],"version-history":[{"count":5,"href":"https:\/\/www.comparateur.be\/wordpress\/wp-json\/wp\/v2\/pages\/2563\/revisions"}],"predecessor-version":[{"id":9480,"href":"https:\/\/www.comparateur.be\/wordpress\/wp-json\/wp\/v2\/pages\/2563\/revisions\/9480"}],"up":[{"embeddable":true,"href":"https:\/\/www.comparateur.be\/wordpress\/wp-json\/wp\/v2\/pages\/2561"}],"wp:attachment":[{"href":"https:\/\/www.comparateur.be\/wordpress\/wp-json\/wp\/v2\/media?parent=2563"}],"curies":[{"name":"wp","href":"https:\/\/api.w.org\/{rel}","templated":true}]}}