{"id":1562,"date":"2022-09-17T13:02:27","date_gmt":"2022-09-17T13:02:27","guid":{"rendered":"https:\/\/www.mijnvergelijker.be\/wordpress\/?page_id=1562"},"modified":"2024-09-24T11:26:53","modified_gmt":"2024-09-24T09:26:53","slug":"qualite-prix","status":"publish","type":"page","link":"https:\/\/www.comparateur.be\/assurances\/qualite-prix","title":{"rendered":"Qualite Prix"},"content":{"rendered":"\n<section id=\"heroes-text-block_63174cd57ae38\" class=\"heroes-text hero hero--text\">\n    <div class=\"container\">\n                    <h1 class=\"heading-xl mb-md-40\">Comment le score qualit\u00e9-prix est-il \u00e9tabli ?<\/h1>\n                <div class=\"wysiwyg body-lg mb-md-40\">\n            <p>\n            Vous voulez savoir comment nous d\u00e9terminons le score qualit\u00e9-prix pour nos comparaisons ? Nous sommes ouverts \u00e0 ce sujet. Notre score qualit\u00e9-prix est bas\u00e9 sur une formule. \r\n            <\/p>\n        <\/div>\n                        <\/section>\n\n\n    <style>\r\n        html {\r\n            scroll-behavior: smooth;\r\n        }\r\n    <\/style>\r\n\r\n            <section class=\"section\">\r\n        <div class=\"container article-smooth\">\r\n        <div class=\"row\">\r\n        <div class=\"col-12 col-md-6 col-lg-8\" id=\"main-article\"  data-anchor-class=\"subtitle\" >\r\n                <!-- <section class=\"section\"> -->\r\n        <div id=\"article-block_6325c28c28272\"\r\n         class=\"article \">\r\n                                                                                <!-- <div class=\"articleblock\"> -->\r\n                        <h2 class=\"subtitle\" id=\"un-aperu-personnalis\" >Un aper\u00e7u personnalis\u00e9<\/h2>                                                    <p>La formule du score qualit\u00e9-prix utilise les informations que vous renseignez, telles que votre code postal et votre \u00e2ge. Cela vous permet de recevoir des conseils fiables et personnalis\u00e9s. C&rsquo;est aussi pourquoi aucune assurance n&rsquo;a de score qualit\u00e9-prix fixe sur Comparateur.be. En r\u00e9sum\u00e9, nous vous offrons un conseil sur mesure, adapt\u00e9 \u00e0 votre situation et \u00e0 vos besoins. Car nous savons que ce n&rsquo;est pas seulement une prime comp\u00e9titive qui compte. Nous prenons \u00e9galement en compte les conditions de la police et la qualit\u00e9 du service dans nos recommandations. Nous utilisons une formule de calcul objective pour d\u00e9terminer quel produit offre le meilleur rapport qualit\u00e9-prix. Ce meilleur choix pour vous appara\u00eet en haut des r\u00e9sultats de recherche et est comparable aux conseils que vous recevrez de la part d&rsquo;experts en assurance.<\/p>\n                                                <!-- <\/div> -->\r\n                                                                                                    <h2 class=\"title\" id=\"a-propos-de-la-formule-\">A propos de la formule <\/h2>\r\n                                                                        <!-- <div class=\"articleblock\"> -->\r\n                        <h2 class=\"subtitle\" id=\"etape-1--cinq-paramtres-dterminent-le-score-qualit-prix\" >Etape 1 : cinq param\u00e8tres d\u00e9terminent le score qualit\u00e9-prix<\/h2>                                                    <div class=\"icp-content \" data-icp-block=\"\">\n<div class=\"icp-content--inner\">\n<ul>\n<li>Prix<\/li>\n<li>Score de la police<\/li>\n<li>Satisfaction du client \u200b<\/li>\n<li>Franchise<\/li>\n<li>Facilit\u00e9 de conclusion\u200b<\/li>\n<\/ul>\n<\/div>\n<\/div>\n<div class=\"icp-content \" data-icp-block=\"\">\n<div class=\"icp-content--inner\">\n<p>&nbsp;<\/p>\n<p><b>+ PRIX<\/b><\/p>\n<p>Le prix &#8211; ou la prime &#8211; de votre assurance d\u00e9pend en partie de la couverture que vous souhaitez obtenir. En outre, le prix d\u00e9pend de votre situation personnelle et des d\u00e9tails transmis. Pour les assurances auto, par exemple, il s&rsquo;agit de la marque du v\u00e9hicule, le type de carburant, la puissance et l&rsquo;\u00e2ge du v\u00e9hicule, la version, les syst\u00e8mes d&rsquo;aide \u00e0 la conduite, la valeur (journali\u00e8re) du v\u00e9hicule, l&rsquo;utilisation, l&rsquo;\u00e2ge du conducteur, le code postal, le nombre d&rsquo;ann\u00e9es de conduite et <a href=\"https:\/\/www.comparateur.be\/assurance-auto\/dommages\/bonus-malus\/attestation-de-sinistre\">l&rsquo;historique des dommages<\/a>.\u200b<\/p>\n<p>&nbsp;<\/p>\n<\/div>\n<\/div>\n<div id=\"2\" class=\"icp-content \" data-icp-block=\"\">\n<div class=\"icp-content--inner\">\n<p><b>+ CONDITIONS DE POLICE<\/b><\/p>\n<p><b><\/b>Vous pouvez les trouver dans les conditions g\u00e9n\u00e9rales de votre police d&rsquo;assurance, ou sur notre site web sous la rubrique &lsquo;plus d&rsquo;informations&rsquo; (au niveau de chaque devis personnalis\u00e9). La mesure dans laquelle les conditions g\u00e9n\u00e9rales de la police sont compl\u00e8tes compte pour le score accord\u00e9 \u00e0 la police.<\/p>\n<p>Les conditions g\u00e9n\u00e9rales de la police sont divis\u00e9es en sections. Pour les assurances auto ces sections sont : <a href=\"https:\/\/www.comparateur.be\/assurance-auto\/dommages\">dommages<\/a>, exclusions ou valeur \u00e0 neuf. Ces cat\u00e9gories diff\u00e8rent selon la couverture : les cat\u00e9gories que vous trouvez dans une couverture\u00a0<a href=\"https:\/\/www.comparateur.be\/assurance-auto\/garantie\/responsabilite-civile\">RC<\/a>\u00a0sont diff\u00e9rentes de celles des couvertures\u00a0<a href=\"https:\/\/www.comparateur.be\/assurance-auto\/garantie\/mini-omnium\">mini-omnium<\/a>\u00a0ou\u00a0<a href=\"https:\/\/www.comparateur.be\/assurance-auto\/garantie\/full-omnium\">full omnium<\/a>. C&rsquo;est pourquoi la note de police est calcul\u00e9e s\u00e9par\u00e9ment pour chaque couverture.<\/p>\n<p>Chaque rubrique contient \u00e9galement un facteur de pond\u00e9ration d\u00e9termin\u00e9 par des experts. La section qui est la plus importante pour le consommateur se voit attribuer le facteur de pond\u00e9ration le plus \u00e9lev\u00e9. Par exemple, les bris de vitres sont plus fr\u00e9quents que les collisions avec des animaux. Le bris de vitres a donc une pond\u00e9ration plus \u00e9lev\u00e9e dans la section d&rsquo;une mini-omnium. Le facteur de pond\u00e9ration est ensuite multipli\u00e9 par le total des points par section. Tous les scores sont additionn\u00e9s pour obtenir un score total pond\u00e9r\u00e9.<\/p>\n<p>Ce score total est ensuite converti en score de police que vous voyez sur le site. Le score de la police pour une full omnium est toujours compris entre 6,5 et 9,0. Pour une mini-omnium, les limites sont de 7,0 et 8,5 et pour une RC de 7,5 et 8,5. La marge pour une RC est beaucoup plus faible que pour une full omnium. C&rsquo;est logique car les garanties des assurances RC ne diff\u00e8rent que tr\u00e8s peu entre elles. Le contenu d&rsquo;une assurance responsabilit\u00e9 civile est impos\u00e9 par le gouvernement et est donc presque le m\u00eame pour chaque assureur. Le score de la police se situe toujours entre ces limites. Ainsi, le score de la police se situe entre le score le plus \u00e9lev\u00e9 et le score le plus bas du march\u00e9.<\/p>\n<p>&nbsp;<\/p>\n<\/div>\n<\/div>\n<div class=\"icp-content \" data-icp-block=\"\">\n<div class=\"icp-content--inner\">\n<p><b>+ SATISFACTION DU CLIENT<\/b><\/p>\n<p>\u200bNous ne disposons pas encore de chiffres sur la satisfaction des clients. Tous les assureurs participants re\u00e7oivent donc un 7,5 dans la formule. De ce fait, l&rsquo;indice de satisfaction des clients n&rsquo;a pas d&rsquo;influence sur le classement pour le moment, mais la formule y est d\u00e9j\u00e0 pr\u00e9par\u00e9e.<\/p>\n<p>&nbsp;<\/p>\n<\/div>\n<\/div>\n<div class=\"icp-content \" data-icp-block=\"\">\n<div class=\"icp-content--inner\">\n<p><b>+ FRANCHISE<\/b><\/p>\n<p>P\u200blus une franchise est \u00e9lev\u00e9e, plus elle est mauvaise pour le score qualit\u00e9-prix. Une franchise plus \u00e9lev\u00e9e implique qu\u2019une plus importante partie des frais sont \u00e0 charge du client.<\/p>\n<p>Pour certains assureurs, la franchise est un montant fixe en euros. Si nous prenons \u00e0 nouveau l\u2019exemple des assurances auto, d&rsquo;autres assureurs appliquent un pourcentage bas\u00e9 soit sur la valeur catalogue du v\u00e9hicule, soit sur le montant des dommages. Dans ce cas, la franchise est calcul\u00e9e en multipliant ce pourcentage par la valeur catalogue ou par le co\u00fbt des r\u00e9parations.<\/p>\n<p>La franchise est-elle d\u00e9finie comme une franchise anglaise ? Avec une franchise anglaise, votre demande d&rsquo;indemnisation sera pay\u00e9e en totalit\u00e9 par l&rsquo;assureur, \u00e0 condition que le sinistre soit sup\u00e9rieur \u00e0 la franchise. Il est donc toujours plus avantageux qu&rsquo;une franchise normale. Dans notre formule, une franchise anglaise est d\u00e9finie comme suit :<\/p>\n<p><b>Ou 1.<\/b>\u00a020% d&rsquo;une franchise fixe. Par exemple : l&rsquo;assureur x s&rsquo;assure sur la base d&rsquo;une franchise fixe de 500 \u20ac. La franchise anglaise de l&rsquo;assureur x devient dans ce cas (20% de 500 \u20ac) 100 \u20ac.<\/p>\n<p><b>Soit 2.<\/b>\u00a020% d&rsquo;un pourcentage de la valeur du catalogue ou 20% d&rsquo;un pourcentage des frais de sinistre. Par exemple : l&rsquo;assureur s&rsquo;assure sur la base d&rsquo;un pourcentage (5%) de la valeur du catalogue (20.000 \u20ac), la franchise totale est de 1.000 \u20ac. La franchise anglaise de l&rsquo;assureur y devient dans ce cas (20% de 1.000 \u20ac) 200 \u20ac.\u200b<\/p>\n<p>&nbsp;<\/p>\n<\/div>\n<\/div>\n<div class=\"icp-content \" data-icp-block=\"\">\n<div class=\"icp-content--inner\">\n<p><b>+ FACILITE DE CONCLUSION\u00a0<\/b><\/p>\n<p>\u200bIl s&rsquo;agit d&rsquo;une note comprise entre 0 et 100 qui indique la facilit\u00e9 du processus de cl\u00f4ture.\u00a0Un assureur qui rend possible ce qui suit, re\u00e7oit la note la plus \u00e9lev\u00e9e :<\/p>\n<ul>\n<li>pouvoir souscrire une police directement via <a href=\"https:\/\/www.comparateur.be\/assurances\">Comparateur.be<\/a><\/li>\n<li>aucune signature num\u00e9rique ou sur papier requise<\/li>\n<li>pas besoin de t\u00e9l\u00e9charger des documents<\/li>\n<li>pas effectuer de paiements en avance\u200b<\/li>\n<\/ul>\n<\/div>\n<\/div>\n                                                <!-- <\/div> -->\r\n                                            <!-- <div class=\"articleblock\"> -->\r\n                        <h2 class=\"subtitle\" id=\"etape-2--traitement-de-cinq-paramtres-dans-le-score-qualit-prix\" >Etape 2 : traitement de cinq param\u00e8tres dans le score qualit\u00e9-prix<\/h2>                                                    <p>Pour \u00e9laborer une formule de score qualit\u00e9-prix, nous avons fait appel \u00e0 plusieurs sp\u00e9cialistes en assurance internes et externes. Pour les assurances auto, par exemple, nous avons demand\u00e9 \u00e0 dix experts d&rsquo;\u00e9tablir un classement par couverture (RC, mini-omnium et full omnium) pour 30 profils diff\u00e9rents. Avec six produits d&rsquo;assurance fictifs possibles, y compris les notes de police fictives correspondantes. Ils les ont tri\u00e9s pour chaque profil. Class\u00e9s du meilleur au moins bon. Au total, cela a donn\u00e9 lieu \u00e0 1500 &lsquo;observations&rsquo;.<\/p>\n<p>En composant les profils, les experts sont oblig\u00e9s de donner leur avis sur la pond\u00e9ration des diff\u00e9rents param\u00e8tres pour les diff\u00e9rents profils. Par exemple : quel doit \u00eatre le score d&rsquo;une police pour avoir plus de poids qu&rsquo;un prix plus \u00e9lev\u00e9 ? Ou une plus grande facilit\u00e9 de fermeture ?<\/p>\n<p>Les experts ont pris leurs d\u00e9cisions uniquement sur la base des cinq param\u00e8tres mentionn\u00e9s ci-dessus. Les r\u00e9ponses des experts ont finalement d\u00e9termin\u00e9 la pond\u00e9ration \u00e0 donner aux diff\u00e9rents aspects dans notre score qualit\u00e9-prix. La pond\u00e9ration de ces diff\u00e9rentes variables aboutit \u00e0 une formule math\u00e9matique. Cette formule nous permet d&rsquo;analyser toutes les assurances dans notre comparaison. C&rsquo;est ainsi que nous garantissons l&rsquo;objectivit\u00e9 de nos conseils.<\/p>\n<p>Les facteurs de pond\u00e9ration du mod\u00e8le :<\/p>\n<ul>\n<li>Prix\u00a0-1.000000000000000000<\/li>\n<\/ul>\n<ul>\n<li>Score de la police\u00a00.063601933419704440<\/li>\n<\/ul>\n<ul>\n<li>Satisfaction du client\u00a0\u200b -0.016635408338773416<\/li>\n<\/ul>\n<ul>\n<li>Franchise\u00a00.020796856769586647<\/li>\n<\/ul>\n<ul>\n<li>Facilit\u00e9 de conclusion\u00a00.961859486639362600\u200b<\/li>\n<\/ul>\n<p><b>L&rsquo;ultime formule qualit\u00e9-prix :<\/b><\/p>\n<p>score qualit\u00e9-prix = (pond\u00e9ration_prix * prix) + (pond\u00e9ration_facilit\u00e9 de cl\u00f4ture * facilit\u00e9 de cl\u00f4ture) + (pond\u00e9ration_franchise * franchise) + (pond\u00e9ration_score de satisfaction client * score de satisfaction client) + (pond\u00e9ration_score de politique * score de politique)<\/p>\n<p>Le prix est un param\u00e8tre important dans cette formule. Dans l&rsquo;aper\u00e7u des offres, les offres sont finalement class\u00e9es en fonction du score qualit\u00e9-prix calcul\u00e9, du plus \u00e9lev\u00e9 au plus bas, en fonction du client.\u200b<\/p>\n                                                <!-- <\/div> -->\r\n                                                                                                    <h2 class=\"title\" id=\"quels-assureurs-sont-inclus-dans-le-calcul-\">Quels assureurs sont inclus dans le calcul ?<\/h2>\r\n                                                                        <!-- <div class=\"articleblock\"> -->\r\n                                                                            <p>Pour le moment, vous pouvez comparer\u00a0<a href=\"https:\/\/www.comparateur.be\/assurances\/assureurs\/yuzzu\">Yuzzu<\/a>,\u00a0<a href=\"https:\/\/www.comparateur.be\/assurances\/assureurs\/ethias\">Ethias<\/a>, <a href=\"https:\/\/www.comparateur.be\/assurance-auto\/assureurs\/belfius-direct-assurances\">Belfius Direct Assurances<\/a> et\u00a0Aedes\u00a0sur notre site. Afin d&rsquo;obtenir un score bas\u00e9 sur le march\u00e9, nous avons \u00e9galement inclus les conditions des\u00a0 polices d&rsquo;autres assureurs.<\/p>\n                                                <!-- <\/div> -->\r\n                                                                    <\/div>\r\n    <br>\r\n        <\/div>\r\n\r\n    <div class=\"col-12 col-md-6 col-lg-4\">\r\n                <div class=\"sticky\">\r\n            <div class=\"summary summary--anchors\">\r\n                <div id=\"summary-anchors\">\r\n                                            <h3>Sommaire<\/h3>\r\n                                    <\/div>\r\n            <\/div>\r\n            <div class=\"summary summary--links\">\r\n                <div class=\"summary--links-list\">\r\n                                            <h3>En savoir plus sur<\/h3>\r\n                                        <a class=\"summary--links-list--link\" href=\"https:\/\/www.comparateur.be\/assurance-auto\/souscrire\"><span>Souscrire une assurance auto via Comparateur.be<\/span><\/a><a class=\"summary--links-list--link\" href=\"https:\/\/www.comparateur.be\/assurance-obseques\"><span>Souscrire une assurance obs\u00e8ques via Comparateur.be<\/span><\/a><a class=\"summary--links-list--link\" href=\"\"><span><\/span><\/a>                <\/div>\r\n            <\/div>\r\n        <\/div>\r\n    <\/div>\r\n\r\n    <\/div>\r\n    <\/div>\r\n    <!-- <\/section> -->\r\n        <\/section>\r\n","protected":false},"excerpt":{"rendered":"","protected":false},"author":1,"featured_media":0,"parent":64,"menu_order":0,"comment_status":"closed","ping_status":"closed","template":"","meta":{"footnotes":""},"class_list":["post-1562","page","type-page","status-publish","hentry"],"acf":[],"yoast_head":"<!-- This site is optimized with the Yoast SEO Premium plugin v23.4 (Yoast SEO v23.4) - https:\/\/yoast.com\/wordpress\/plugins\/seo\/ -->\n<title>Comment attribuons-nous un score qualit\u00e9-prix ? | Comparateur.be<\/title>\n<meta name=\"description\" content=\"D\u00e9couvrez comment nous attribuons un score qualit\u00e9-prix pour les comparaisons que vous lancez sur Comparateur.be.\" \/>\n<meta name=\"robots\" content=\"index, follow, max-snippet:-1, max-image-preview:large, max-video-preview:-1\" \/>\n<link rel=\"canonical\" href=\"https:\/\/www.comparateur.be\/assurances\/qualite-prix\" \/>\n<meta property=\"og:locale\" content=\"fr_FR\" \/>\n<meta property=\"og:type\" content=\"article\" \/>\n<meta property=\"og:title\" content=\"Qualite Prix\" \/>\n<meta property=\"og:description\" content=\"D\u00e9couvrez comment nous attribuons un score qualit\u00e9-prix pour les comparaisons que vous lancez sur Comparateur.be.\" \/>\n<meta property=\"og:url\" content=\"https:\/\/www.comparateur.be\/assurances\/qualite-prix\" \/>\n<meta property=\"og:site_name\" content=\"Comparateur.be\" \/>\n<meta property=\"article:publisher\" content=\"https:\/\/www.facebook.com\/Mijnvergelijker\/\" \/>\n<meta property=\"article:modified_time\" content=\"2024-09-24T09:26:53+00:00\" \/>\n<meta property=\"og:image\" content=\"https:\/\/www.comparateur.be\/wordpress\/wp-content\/uploads\/2024\/09\/Algemeen_met-slogan_NL@.png\" \/>\n\t<meta property=\"og:image:width\" content=\"2444\" \/>\n\t<meta property=\"og:image:height\" content=\"418\" \/>\n\t<meta property=\"og:image:type\" content=\"image\/png\" \/>\n<meta name=\"twitter:card\" content=\"summary_large_image\" \/>\n<script type=\"application\/ld+json\" class=\"yoast-schema-graph\">{\"@context\":\"https:\/\/schema.org\",\"@graph\":[{\"@type\":\"WebPage\",\"@id\":\"https:\/\/www.comparateur.be\/assurances\/qualite-prix\",\"url\":\"https:\/\/www.comparateur.be\/assurances\/qualite-prix\",\"name\":\"Comment attribuons-nous un score qualit\u00e9-prix ? | Comparateur.be\",\"isPartOf\":{\"@id\":\"https:\/\/www.comparateur.be\/#website\"},\"datePublished\":\"2022-09-17T13:02:27+00:00\",\"dateModified\":\"2024-09-24T09:26:53+00:00\",\"description\":\"D\u00e9couvrez comment nous attribuons un score qualit\u00e9-prix pour les comparaisons que vous lancez sur Comparateur.be.\",\"breadcrumb\":{\"@id\":\"https:\/\/www.comparateur.be\/assurances\/qualite-prix#breadcrumb\"},\"inLanguage\":\"fr-BE\",\"potentialAction\":[{\"@type\":\"ReadAction\",\"target\":[\"https:\/\/www.comparateur.be\/assurances\/qualite-prix\"]}]},{\"@type\":\"BreadcrumbList\",\"@id\":\"https:\/\/www.comparateur.be\/assurances\/qualite-prix#breadcrumb\",\"itemListElement\":[{\"@type\":\"ListItem\",\"position\":1,\"name\":\"Home\",\"item\":\"https:\/\/www.comparateur.be\/\"},{\"@type\":\"ListItem\",\"position\":2,\"name\":\"Assurances\",\"item\":\"https:\/\/www.comparateur.be\/assurances\"},{\"@type\":\"ListItem\",\"position\":3,\"name\":\"Qualite Prix\"}]},{\"@type\":\"WebSite\",\"@id\":\"https:\/\/www.comparateur.be\/#website\",\"url\":\"https:\/\/www.comparateur.be\/\",\"name\":\"MIjnvergelijker.be\",\"description\":\"\",\"publisher\":{\"@id\":\"https:\/\/www.comparateur.be\/#organization\"},\"potentialAction\":[{\"@type\":\"SearchAction\",\"target\":{\"@type\":\"EntryPoint\",\"urlTemplate\":\"https:\/\/www.comparateur.be\/?s={search_term_string}\"},\"query-input\":\"required name=search_term_string\"}],\"inLanguage\":\"fr-BE\"},{\"@type\":\"Organization\",\"@id\":\"https:\/\/www.comparateur.be\/#organization\",\"name\":\"Comparateur.be\",\"url\":\"https:\/\/www.comparateur.be\/\",\"logo\":{\"@type\":\"ImageObject\",\"inLanguage\":\"fr-BE\",\"@id\":\"https:\/\/www.comparateur.be\/#\/schema\/logo\/image\/\",\"url\":\"https:\/\/www.comparateur.be\/wordpress\/wp-content\/uploads\/2024\/09\/Algemeen_met-slogan_NL@.png\",\"contentUrl\":\"https:\/\/www.comparateur.be\/wordpress\/wp-content\/uploads\/2024\/09\/Algemeen_met-slogan_NL@.png\",\"width\":2444,\"height\":418,\"caption\":\"Comparateur.be\"},\"image\":{\"@id\":\"https:\/\/www.comparateur.be\/#\/schema\/logo\/image\/\"},\"sameAs\":[\"https:\/\/www.facebook.com\/Mijnvergelijker\/\"]}]}<\/script>\n<!-- \/ Yoast SEO Premium plugin. -->","yoast_head_json":{"title":"Comment attribuons-nous un score qualit\u00e9-prix ? | Comparateur.be","description":"D\u00e9couvrez comment nous attribuons un score qualit\u00e9-prix pour les comparaisons que vous lancez sur Comparateur.be.","robots":{"index":"index","follow":"follow","max-snippet":"max-snippet:-1","max-image-preview":"max-image-preview:large","max-video-preview":"max-video-preview:-1"},"canonical":"https:\/\/www.comparateur.be\/assurances\/qualite-prix","og_locale":"fr_FR","og_type":"article","og_title":"Qualite Prix","og_description":"D\u00e9couvrez comment nous attribuons un score qualit\u00e9-prix pour les comparaisons que vous lancez sur Comparateur.be.","og_url":"https:\/\/www.comparateur.be\/assurances\/qualite-prix","og_site_name":"Comparateur.be","article_publisher":"https:\/\/www.facebook.com\/Mijnvergelijker\/","article_modified_time":"2024-09-24T09:26:53+00:00","og_image":[{"width":2444,"height":418,"url":"https:\/\/www.comparateur.be\/wordpress\/wp-content\/uploads\/2024\/09\/Algemeen_met-slogan_NL@.png","type":"image\/png"}],"twitter_card":"summary_large_image","schema":{"@context":"https:\/\/schema.org","@graph":[{"@type":"WebPage","@id":"https:\/\/www.comparateur.be\/assurances\/qualite-prix","url":"https:\/\/www.comparateur.be\/assurances\/qualite-prix","name":"Comment attribuons-nous un score qualit\u00e9-prix ? | Comparateur.be","isPartOf":{"@id":"https:\/\/www.comparateur.be\/#website"},"datePublished":"2022-09-17T13:02:27+00:00","dateModified":"2024-09-24T09:26:53+00:00","description":"D\u00e9couvrez comment nous attribuons un score qualit\u00e9-prix pour les comparaisons que vous lancez sur Comparateur.be.","breadcrumb":{"@id":"https:\/\/www.comparateur.be\/assurances\/qualite-prix#breadcrumb"},"inLanguage":"fr-BE","potentialAction":[{"@type":"ReadAction","target":["https:\/\/www.comparateur.be\/assurances\/qualite-prix"]}]},{"@type":"BreadcrumbList","@id":"https:\/\/www.comparateur.be\/assurances\/qualite-prix#breadcrumb","itemListElement":[{"@type":"ListItem","position":1,"name":"Home","item":"https:\/\/www.comparateur.be\/"},{"@type":"ListItem","position":2,"name":"Assurances","item":"https:\/\/www.comparateur.be\/assurances"},{"@type":"ListItem","position":3,"name":"Qualite Prix"}]},{"@type":"WebSite","@id":"https:\/\/www.comparateur.be\/#website","url":"https:\/\/www.comparateur.be\/","name":"MIjnvergelijker.be","description":"","publisher":{"@id":"https:\/\/www.comparateur.be\/#organization"},"potentialAction":[{"@type":"SearchAction","target":{"@type":"EntryPoint","urlTemplate":"https:\/\/www.comparateur.be\/?s={search_term_string}"},"query-input":"required name=search_term_string"}],"inLanguage":"fr-BE"},{"@type":"Organization","@id":"https:\/\/www.comparateur.be\/#organization","name":"Comparateur.be","url":"https:\/\/www.comparateur.be\/","logo":{"@type":"ImageObject","inLanguage":"fr-BE","@id":"https:\/\/www.comparateur.be\/#\/schema\/logo\/image\/","url":"https:\/\/www.comparateur.be\/wordpress\/wp-content\/uploads\/2024\/09\/Algemeen_met-slogan_NL@.png","contentUrl":"https:\/\/www.comparateur.be\/wordpress\/wp-content\/uploads\/2024\/09\/Algemeen_met-slogan_NL@.png","width":2444,"height":418,"caption":"Comparateur.be"},"image":{"@id":"https:\/\/www.comparateur.be\/#\/schema\/logo\/image\/"},"sameAs":["https:\/\/www.facebook.com\/Mijnvergelijker\/"]}]}},"_links":{"self":[{"href":"https:\/\/www.comparateur.be\/wordpress\/wp-json\/wp\/v2\/pages\/1562"}],"collection":[{"href":"https:\/\/www.comparateur.be\/wordpress\/wp-json\/wp\/v2\/pages"}],"about":[{"href":"https:\/\/www.comparateur.be\/wordpress\/wp-json\/wp\/v2\/types\/page"}],"author":[{"embeddable":true,"href":"https:\/\/www.comparateur.be\/wordpress\/wp-json\/wp\/v2\/users\/1"}],"replies":[{"embeddable":true,"href":"https:\/\/www.comparateur.be\/wordpress\/wp-json\/wp\/v2\/comments?post=1562"}],"version-history":[{"count":39,"href":"https:\/\/www.comparateur.be\/wordpress\/wp-json\/wp\/v2\/pages\/1562\/revisions"}],"predecessor-version":[{"id":10180,"href":"https:\/\/www.comparateur.be\/wordpress\/wp-json\/wp\/v2\/pages\/1562\/revisions\/10180"}],"up":[{"embeddable":true,"href":"https:\/\/www.comparateur.be\/wordpress\/wp-json\/wp\/v2\/pages\/64"}],"wp:attachment":[{"href":"https:\/\/www.comparateur.be\/wordpress\/wp-json\/wp\/v2\/media?parent=1562"}],"curies":[{"name":"wp","href":"https:\/\/api.w.org\/{rel}","templated":true}]}}