{"id":1550,"date":"2022-09-17T12:41:54","date_gmt":"2022-09-17T12:41:54","guid":{"rendered":"https:\/\/www.mijnvergelijker.be\/wordpress\/?page_id=1550"},"modified":"2024-09-05T15:24:11","modified_gmt":"2024-09-05T13:24:11","slug":"ag-insurance","status":"publish","type":"page","link":"https:\/\/www.comparateur.be\/assurances\/assureurs\/ag-insurance","title":{"rendered":"AG Insurance"},"content":{"rendered":"\n<section id=\"heroes-text-block_63174cd57ae38\" class=\"heroes-text hero hero--text\">\n    <div class=\"container\">\n                    <h1 class=\"heading-xl mb-md-40\">L&rsquo;assureur AG Insurance<\/h1>\n                <div class=\"wysiwyg body-lg mb-md-40\">\n            <p>\n            D\u00e9couvrons la compagnie AG Insurance et son action. Apprenez-en plus ici sur ses origines et ses activit\u00e9s. \r\n            <\/p>\n        <\/div>\n                        <\/section>\n\n\n\n<div id=\"button-block_66d9b0de611b9\" class=\"button-title aligncenter container\" style=\"flex-direction:initial\">\n\n\n    <a href=\"https:\/\/www.comparateur.be\/assurances\" class=\"button button--primary\">\n        <span class=\"d-flex align-items-center\">\n            comparez les assurances            <svg xmlns=\"http:\/\/www.w3.org\/2000\/svg\" width=\"22\" height=\"22\" viewBox=\"0 0 24 24\" fill=\"none\" class=\"arrow-right\"><path d=\"M5 12H19\" stroke-width=\"2\" stroke-linecap=\"round\" stroke-linejoin=\"round\"\/><path d=\"M12 5L19 12L12 19\" stroke-width=\"2\" stroke-linecap=\"round\" stroke-linejoin=\"round\"\/><\/svg>        <\/span>\n    <\/a>\n\n\n<\/div>\n\n\n\n    <style>\r\n        html {\r\n            scroll-behavior: smooth;\r\n        }\r\n    <\/style>\r\n\r\n            <section class=\"section\">\r\n        <div class=\"container article-smooth\">\r\n        <div class=\"row\">\r\n        <div class=\"col-12 col-md-6 col-lg-8\" id=\"main-article\"  data-anchor-class=\"title\" >\r\n                <!-- <section class=\"section\"> -->\r\n        <div id=\"article-block_6317486d7ae01\"\r\n         class=\"article \">\r\n                                            <h2 class=\"title\" id=\"fondation\">Fondation<\/h2>\r\n                                                                        <!-- <div class=\"articleblock\"> -->\r\n                                                                            <section class=\"icp-white-section\" data-icp-block=\"\">\n<div id=\"toc-target-0-oprichting\" class=\"icp-title-aside-block toc-target-section\">\n<div class=\"icp-title-aside-block--content\">\n<div class=\"icp-content \" data-icp-block=\"\">\n<div class=\"icp-content--inner\">\n<section class=\"icp-white-section\" data-icp-block=\"\">\n<div id=\"toc-target-0-oprichting\" class=\"icp-title-aside-block toc-target-section\">\n<div class=\"icp-title-aside-block--content\">\n<div class=\"icp-content \" data-icp-block=\"\">\n<div class=\"icp-content--inner\">\n<section class=\"icp-white-section\" data-icp-block=\"\">\n<div id=\"toc-target-0-fondation\" class=\"icp-title-aside-block toc-target-section\">\n<div class=\"icp-title-aside-block--content\">\n<div class=\"icp-content \" data-icp-block=\"\">\n<div class=\"icp-content--inner\">\n<p>C&rsquo;est en septembre 1823 que le roi Guillaume Ier approuve la cr\u00e9ation d&rsquo;une compagnie d&rsquo;assurance vie n\u00e9erlandaise : la Nederlandsche Algemeene Levensverzekering Compagnie. Le 12 juin 1824, forte d&rsquo;un capital de 600 000 florins r\u00e9partis en 300 actions, la \u00ab Compagnie d&rsquo;Assurances G\u00e9n\u00e9rales sur la Vie, les Fonds Dotaux et les Survivances \u00bb (AG Vie) voit le jour. Cinq employ\u00e9s pr\u00eatent serment de fid\u00e9lit\u00e9 devant le conseil d&rsquo;administration et, en f\u00e9vrier 1825, AG Vie ouvre ses portes.<\/p>\n<\/div>\n<\/div>\n<\/div>\n<\/div>\n<\/section>\n<\/div>\n<\/div>\n<\/div>\n<\/div>\n<\/section>\n<\/div>\n<\/div>\n<\/div>\n<\/div>\n<\/section>\n                                                <!-- <\/div> -->\r\n                                                                                                    <h2 class=\"title\" id=\"un-mot-sur-le-groupe\">Un mot sur le groupe<\/h2>\r\n                                                                        <!-- <div class=\"articleblock\"> -->\r\n                                                                            <section class=\"icp-white-section\" data-icp-block=\"\">\n<div id=\"toc-target-1-onderdeel-van\" class=\"icp-title-aside-block toc-target-section\">\n<div class=\"icp-title-aside-block--content\">\n<div class=\"icp-content \" data-icp-block=\"\">\n<div class=\"icp-content--inner\">\n<section class=\"icp-white-section\" data-icp-block=\"\">\n<div id=\"toc-target-1-un-mot-sur-le-groupe\" class=\"icp-title-aside-block toc-target-section\">\n<div class=\"icp-title-aside-block--content\">\n<div class=\"icp-content \" data-icp-block=\"\">\n<div class=\"icp-content--inner\">\n<p>En 2006, apr\u00e8s une vie marqu\u00e9e par des fusions et des reprises, Fortis Insurance Belgium est port\u00e9e sur les fonts baptismaux apr\u00e8s la fusion de Fortis AG et de FB Assurances, la branche assurance de la Fortis Banque. En 2008, le groupe est d\u00e9mantel\u00e9. Fortis se profile d\u00e9sormais comme groupe d&rsquo;assurance international actif sur les march\u00e9s europ\u00e9ens et asiatiques. Sa solide pr\u00e9sence en Belgique passe par la compagnie Fortis Insurance Belgium. En 2009, le nom devient \u00ab AG Insurance \u00bb. Actionnaire principal, Ageas poss\u00e8de 75 % des actions tandis que 25 % d&rsquo;entre elles sont aux mains de BNP Paribas Fortis. Par le truchement de plus de 5 000 partenaires de distribution (courtiers et agences bancaires), ce sont quelque 4 400 collaborateurs qui \u0153uvrent, jour apr\u00e8s jour, au bien-\u00eatre de plus de 3 millions de clients.<\/p>\n<\/div>\n<\/div>\n<\/div>\n<\/div>\n<\/section>\n<\/div>\n<\/div>\n<\/div>\n<\/div>\n<\/section>\n<section class=\"icp-white-section\" data-icp-block=\"\">\n<div id=\"toc-target-2-dit-zegt-aedes-over-zichzelf\" class=\"icp-title-aside-block toc-target-section\"><\/div>\n<\/section>\n                                                <!-- <\/div> -->\r\n                                                                                                    <h2 class=\"title\" id=\"voici-comment-ag-insurance-se-dcrit\">Voici comment AG Insurance se d\u00e9crit<\/h2>\r\n                                                                        <!-- <div class=\"articleblock\"> -->\r\n                                                                            <p>Plus ancienne compagnie d&rsquo;assurances de Belgique, AG Insurance s&rsquo;est donn\u00e9 pour mission d&rsquo;assurer la meilleure protection possible \u00e0 ses clients. Se profilant d\u00e9j\u00e0 comme partenaire fiable pour les clients et les partenaires de distribution, AG Insurance entend \u00e9galement offrir des solutions en mati\u00e8re de pr\u00e9vention, de protection et d&rsquo;assistance. C&rsquo;est pourquoi AG Insurance s&rsquo;implique directement dans des projets durables et soutient l&rsquo;innovation dans diff\u00e9rents domaines d\u00e9passant le simple cadre de l&rsquo;assurance. Citons par exemple Yongo (une plateforme d&rsquo;\u00e9pargne et d&rsquo;investissement qui offre son soutien \u00e0 l&rsquo;\u00e9ducation financi\u00e8re des enfants), Phil at Home (un service d&rsquo;assistance \u00e0 domicile pour les s\u00e9niors) et AG Health Partner (une filiale d&rsquo;AG Insurance qui con\u00e7oit des programmes pour les entreprises qui souhaitent favoriser le bien-\u00eatre de leurs salari\u00e9s).<\/p>\n                                                <!-- <\/div> -->\r\n                                                                                                    <h2 class=\"title\" id=\"quelles-sont-les-assurances-proposes-par-ag-insurance\">Quelles sont les assurances propos\u00e9es par AG Insurance?<\/h2>\r\n                                                                        <!-- <div class=\"articleblock\"> -->\r\n                                                                            <p>Vous pouvez faire appel \u00e0 AG Insurance pour les assurances suivantes:<\/p>\n                                                <!-- <\/div> -->\r\n                                            <!-- <div class=\"articleblock\"> -->\r\n                        <h3 class=\"heading heading--three heading-md subtitle\" id=\"mobilit\" >Mobilit\u00e9<\/h3>                                                    <ul>\n<li>Assurance auto<\/li>\n<li>Assurance moto<\/li>\n<li>Assurance v\u00e9lo<\/li>\n<li>&#8230;<\/li>\n<\/ul>\n                                                <!-- <\/div> -->\r\n                                            <!-- <div class=\"articleblock\"> -->\r\n                        <h3 class=\"heading heading--three heading-md subtitle\" id=\"habitation\" >Habitation<\/h3>                                                    <ul>\n<li>Assurance propri\u00e9taire<\/li>\n<li>Assurance locataire<\/li>\n<li>Assurance bailleur<\/li>\n<li>&#8230;<\/li>\n<\/ul>\n                                                <!-- <\/div> -->\r\n                                            <!-- <div class=\"articleblock\"> -->\r\n                        <h3 class=\"heading heading--three heading-md subtitle\" id=\"sant-\" >Sant\u00e9 <\/h3>                                                    <ul>\n<li>Assurance hospitalisation<\/li>\n<li>&#8230;<\/li>\n<\/ul>\n                                                <!-- <\/div> -->\r\n                                            <!-- <div class=\"articleblock\"> -->\r\n                        <h3 class=\"heading heading--three heading-md subtitle\" id=\"pension\" >Pension<\/h3>                                                    <ul>\n<li>Assurance investissement \u00e0 rendement garanti<\/li>\n<li>Assurance investissement li\u00e9e \u00e0 AG Fonds d&rsquo;investissement d&rsquo;assurance<\/li>\n<li>&#8230;<\/li>\n<\/ul>\n                                                <!-- <\/div> -->\r\n                                            <!-- <div class=\"articleblock\"> -->\r\n                        <h3 class=\"heading heading--three heading-md subtitle\" id=\"famille\" >Famille<\/h3>                                                    <ul>\n<li>\u200bAssurance familiale<\/li>\n<li>Assistance et assurance voyage<\/li>\n<li>Assurance-vie<\/li>\n<li>&#8230;<\/li>\n<\/ul>\n                                                <!-- <\/div> -->\r\n                                                                                                    <h2 class=\"title\" id=\"contact-ag-insurance\">Contact AG Insurance<\/h2>\r\n                                                                        <!-- <div class=\"articleblock\"> -->\r\n                                                                            <p>Adresse Si\u00e8ge social AG Insurance : Boulevard Emile Jacqmain 53, 1000 Bruxelles<br \/>\nT\u00e9l.: 02 664 81 11<\/p>\n                                                <!-- <\/div> -->\r\n                                                                    <\/div>\r\n    <br>\r\n        <\/div>\r\n\r\n    <div class=\"col-12 col-md-6 col-lg-4\">\r\n                <div class=\"sticky\">\r\n            <div class=\"summary summary--anchors\">\r\n                <div id=\"summary-anchors\">\r\n                                    <\/div>\r\n            <\/div>\r\n            <div class=\"summary summary--links\">\r\n                <div class=\"summary--links-list\">\r\n                                                        <\/div>\r\n            <\/div>\r\n        <\/div>\r\n    <\/div>\r\n\r\n    <\/div>\r\n    <\/div>\r\n    <!-- <\/section> -->\r\n        <\/section>\r\n","protected":false},"excerpt":{"rendered":"","protected":false},"author":1,"featured_media":0,"parent":939,"menu_order":0,"comment_status":"closed","ping_status":"closed","template":"","meta":{"footnotes":""},"class_list":["post-1550","page","type-page","status-publish","hentry"],"acf":[],"yoast_head":"<!-- This site is optimized with the Yoast SEO Premium plugin v23.4 (Yoast SEO v23.4) - https:\/\/yoast.com\/wordpress\/plugins\/seo\/ -->\n<title>L&#039;assureur AG Insurance | Comparateur.be<\/title>\n<meta name=\"description\" content=\"D\u00e9couvrez la compagnie d&#039;assurance AG Insurance. Apprenez-en plus sur ses origines et ses activit\u00e9s gr\u00e2ce \u00e0 Comparateur.be.\" \/>\n<meta name=\"robots\" content=\"index, follow, max-snippet:-1, max-image-preview:large, max-video-preview:-1\" \/>\n<link rel=\"canonical\" href=\"https:\/\/www.comparateur.be\/assurances\/assureurs\/ag-insurance\" \/>\n<meta property=\"og:locale\" content=\"fr_FR\" \/>\n<meta property=\"og:type\" content=\"article\" \/>\n<meta property=\"og:title\" content=\"AG Insurance\" \/>\n<meta property=\"og:description\" content=\"D\u00e9couvrez la compagnie d&#039;assurance AG Insurance. Apprenez-en plus sur ses origines et ses activit\u00e9s gr\u00e2ce \u00e0 Comparateur.be.\" \/>\n<meta property=\"og:url\" content=\"https:\/\/www.comparateur.be\/assurances\/assureurs\/ag-insurance\" \/>\n<meta property=\"og:site_name\" content=\"Comparateur.be\" \/>\n<meta property=\"article:publisher\" content=\"https:\/\/www.facebook.com\/Mijnvergelijker\/\" \/>\n<meta property=\"article:modified_time\" content=\"2024-09-05T13:24:11+00:00\" \/>\n<meta property=\"og:image\" content=\"https:\/\/www.comparateur.be\/wordpress\/wp-content\/uploads\/2024\/09\/Algemeen_met-slogan_NL@.png\" \/>\n\t<meta property=\"og:image:width\" content=\"2444\" \/>\n\t<meta property=\"og:image:height\" content=\"418\" \/>\n\t<meta property=\"og:image:type\" content=\"image\/png\" \/>\n<meta name=\"twitter:card\" content=\"summary_large_image\" \/>\n<script type=\"application\/ld+json\" class=\"yoast-schema-graph\">{\"@context\":\"https:\/\/schema.org\",\"@graph\":[{\"@type\":\"WebPage\",\"@id\":\"https:\/\/www.comparateur.be\/assurances\/assureurs\/ag-insurance\",\"url\":\"https:\/\/www.comparateur.be\/assurances\/assureurs\/ag-insurance\",\"name\":\"L'assureur AG Insurance | Comparateur.be\",\"isPartOf\":{\"@id\":\"https:\/\/www.comparateur.be\/#website\"},\"datePublished\":\"2022-09-17T12:41:54+00:00\",\"dateModified\":\"2024-09-05T13:24:11+00:00\",\"description\":\"D\u00e9couvrez la compagnie d'assurance AG Insurance. Apprenez-en plus sur ses origines et ses activit\u00e9s gr\u00e2ce \u00e0 Comparateur.be.\",\"breadcrumb\":{\"@id\":\"https:\/\/www.comparateur.be\/assurances\/assureurs\/ag-insurance#breadcrumb\"},\"inLanguage\":\"fr-BE\",\"potentialAction\":[{\"@type\":\"ReadAction\",\"target\":[\"https:\/\/www.comparateur.be\/assurances\/assureurs\/ag-insurance\"]}]},{\"@type\":\"BreadcrumbList\",\"@id\":\"https:\/\/www.comparateur.be\/assurances\/assureurs\/ag-insurance#breadcrumb\",\"itemListElement\":[{\"@type\":\"ListItem\",\"position\":1,\"name\":\"Home\",\"item\":\"https:\/\/www.comparateur.be\/\"},{\"@type\":\"ListItem\",\"position\":2,\"name\":\"Assurances\",\"item\":\"https:\/\/www.comparateur.be\/assurances\"},{\"@type\":\"ListItem\",\"position\":3,\"name\":\"Assureurs\",\"item\":\"https:\/\/www.comparateur.be\/assurances\/assureurs\"},{\"@type\":\"ListItem\",\"position\":4,\"name\":\"AG Insurance\"}]},{\"@type\":\"WebSite\",\"@id\":\"https:\/\/www.comparateur.be\/#website\",\"url\":\"https:\/\/www.comparateur.be\/\",\"name\":\"MIjnvergelijker.be\",\"description\":\"\",\"publisher\":{\"@id\":\"https:\/\/www.comparateur.be\/#organization\"},\"potentialAction\":[{\"@type\":\"SearchAction\",\"target\":{\"@type\":\"EntryPoint\",\"urlTemplate\":\"https:\/\/www.comparateur.be\/?s={search_term_string}\"},\"query-input\":\"required name=search_term_string\"}],\"inLanguage\":\"fr-BE\"},{\"@type\":\"Organization\",\"@id\":\"https:\/\/www.comparateur.be\/#organization\",\"name\":\"Comparateur.be\",\"url\":\"https:\/\/www.comparateur.be\/\",\"logo\":{\"@type\":\"ImageObject\",\"inLanguage\":\"fr-BE\",\"@id\":\"https:\/\/www.comparateur.be\/#\/schema\/logo\/image\/\",\"url\":\"https:\/\/www.comparateur.be\/wordpress\/wp-content\/uploads\/2024\/09\/Algemeen_met-slogan_NL@.png\",\"contentUrl\":\"https:\/\/www.comparateur.be\/wordpress\/wp-content\/uploads\/2024\/09\/Algemeen_met-slogan_NL@.png\",\"width\":2444,\"height\":418,\"caption\":\"Comparateur.be\"},\"image\":{\"@id\":\"https:\/\/www.comparateur.be\/#\/schema\/logo\/image\/\"},\"sameAs\":[\"https:\/\/www.facebook.com\/Mijnvergelijker\/\"]}]}<\/script>\n<!-- \/ Yoast SEO Premium plugin. -->","yoast_head_json":{"title":"L'assureur AG Insurance | Comparateur.be","description":"D\u00e9couvrez la compagnie d'assurance AG Insurance. Apprenez-en plus sur ses origines et ses activit\u00e9s gr\u00e2ce \u00e0 Comparateur.be.","robots":{"index":"index","follow":"follow","max-snippet":"max-snippet:-1","max-image-preview":"max-image-preview:large","max-video-preview":"max-video-preview:-1"},"canonical":"https:\/\/www.comparateur.be\/assurances\/assureurs\/ag-insurance","og_locale":"fr_FR","og_type":"article","og_title":"AG Insurance","og_description":"D\u00e9couvrez la compagnie d'assurance AG Insurance. Apprenez-en plus sur ses origines et ses activit\u00e9s gr\u00e2ce \u00e0 Comparateur.be.","og_url":"https:\/\/www.comparateur.be\/assurances\/assureurs\/ag-insurance","og_site_name":"Comparateur.be","article_publisher":"https:\/\/www.facebook.com\/Mijnvergelijker\/","article_modified_time":"2024-09-05T13:24:11+00:00","og_image":[{"width":2444,"height":418,"url":"https:\/\/www.comparateur.be\/wordpress\/wp-content\/uploads\/2024\/09\/Algemeen_met-slogan_NL@.png","type":"image\/png"}],"twitter_card":"summary_large_image","schema":{"@context":"https:\/\/schema.org","@graph":[{"@type":"WebPage","@id":"https:\/\/www.comparateur.be\/assurances\/assureurs\/ag-insurance","url":"https:\/\/www.comparateur.be\/assurances\/assureurs\/ag-insurance","name":"L'assureur AG Insurance | Comparateur.be","isPartOf":{"@id":"https:\/\/www.comparateur.be\/#website"},"datePublished":"2022-09-17T12:41:54+00:00","dateModified":"2024-09-05T13:24:11+00:00","description":"D\u00e9couvrez la compagnie d'assurance AG Insurance. Apprenez-en plus sur ses origines et ses activit\u00e9s gr\u00e2ce \u00e0 Comparateur.be.","breadcrumb":{"@id":"https:\/\/www.comparateur.be\/assurances\/assureurs\/ag-insurance#breadcrumb"},"inLanguage":"fr-BE","potentialAction":[{"@type":"ReadAction","target":["https:\/\/www.comparateur.be\/assurances\/assureurs\/ag-insurance"]}]},{"@type":"BreadcrumbList","@id":"https:\/\/www.comparateur.be\/assurances\/assureurs\/ag-insurance#breadcrumb","itemListElement":[{"@type":"ListItem","position":1,"name":"Home","item":"https:\/\/www.comparateur.be\/"},{"@type":"ListItem","position":2,"name":"Assurances","item":"https:\/\/www.comparateur.be\/assurances"},{"@type":"ListItem","position":3,"name":"Assureurs","item":"https:\/\/www.comparateur.be\/assurances\/assureurs"},{"@type":"ListItem","position":4,"name":"AG Insurance"}]},{"@type":"WebSite","@id":"https:\/\/www.comparateur.be\/#website","url":"https:\/\/www.comparateur.be\/","name":"MIjnvergelijker.be","description":"","publisher":{"@id":"https:\/\/www.comparateur.be\/#organization"},"potentialAction":[{"@type":"SearchAction","target":{"@type":"EntryPoint","urlTemplate":"https:\/\/www.comparateur.be\/?s={search_term_string}"},"query-input":"required name=search_term_string"}],"inLanguage":"fr-BE"},{"@type":"Organization","@id":"https:\/\/www.comparateur.be\/#organization","name":"Comparateur.be","url":"https:\/\/www.comparateur.be\/","logo":{"@type":"ImageObject","inLanguage":"fr-BE","@id":"https:\/\/www.comparateur.be\/#\/schema\/logo\/image\/","url":"https:\/\/www.comparateur.be\/wordpress\/wp-content\/uploads\/2024\/09\/Algemeen_met-slogan_NL@.png","contentUrl":"https:\/\/www.comparateur.be\/wordpress\/wp-content\/uploads\/2024\/09\/Algemeen_met-slogan_NL@.png","width":2444,"height":418,"caption":"Comparateur.be"},"image":{"@id":"https:\/\/www.comparateur.be\/#\/schema\/logo\/image\/"},"sameAs":["https:\/\/www.facebook.com\/Mijnvergelijker\/"]}]}},"_links":{"self":[{"href":"https:\/\/www.comparateur.be\/wordpress\/wp-json\/wp\/v2\/pages\/1550"}],"collection":[{"href":"https:\/\/www.comparateur.be\/wordpress\/wp-json\/wp\/v2\/pages"}],"about":[{"href":"https:\/\/www.comparateur.be\/wordpress\/wp-json\/wp\/v2\/types\/page"}],"author":[{"embeddable":true,"href":"https:\/\/www.comparateur.be\/wordpress\/wp-json\/wp\/v2\/users\/1"}],"replies":[{"embeddable":true,"href":"https:\/\/www.comparateur.be\/wordpress\/wp-json\/wp\/v2\/comments?post=1550"}],"version-history":[{"count":6,"href":"https:\/\/www.comparateur.be\/wordpress\/wp-json\/wp\/v2\/pages\/1550\/revisions"}],"predecessor-version":[{"id":9757,"href":"https:\/\/www.comparateur.be\/wordpress\/wp-json\/wp\/v2\/pages\/1550\/revisions\/9757"}],"up":[{"embeddable":true,"href":"https:\/\/www.comparateur.be\/wordpress\/wp-json\/wp\/v2\/pages\/939"}],"wp:attachment":[{"href":"https:\/\/www.comparateur.be\/wordpress\/wp-json\/wp\/v2\/media?parent=1550"}],"curies":[{"name":"wp","href":"https:\/\/api.w.org\/{rel}","templated":true}]}}