{"id":1536,"date":"2022-09-17T12:23:47","date_gmt":"2022-09-17T12:23:47","guid":{"rendered":"https:\/\/www.mijnvergelijker.be\/wordpress\/?page_id=1536"},"modified":"2024-09-05T15:28:30","modified_gmt":"2024-09-05T13:28:30","slug":"belfius-direct-assurances","status":"publish","type":"page","link":"https:\/\/www.comparateur.be\/assurances\/assureurs\/belfius-direct-assurances","title":{"rendered":"Belfius Direct Assurances"},"content":{"rendered":"\n<section id=\"heroes-text-block_63174cd57ae38\" class=\"heroes-text hero hero--text\">\n    <div class=\"container\">\n                    <h1 class=\"heading-xl mb-md-40\">L&rsquo;assureur Belfius Direct Assurances<\/h1>\n                <div class=\"wysiwyg body-lg mb-md-40\">\n            <p>\n            D\u00e9couvrons la compagnie Belfius Direct Assurances et son action. Apprenez-en plus ici sur ses origines et ses activit\u00e9s.            <\/p>\n        <\/div>\n                    <div class=\"button-container\">\n                <a href=\"https:\/\/www.comparateur.be\/assurances\" class=\"button button--primary \" type=\"primary\">\n                    <span class=\"d-flex align-items-center\">\n                        comparez les assurances                         <svg xmlns=\"http:\/\/www.w3.org\/2000\/svg\" width=\"22\" height=\"22\" viewBox=\"0 0 24 24\" fill=\"none\" class=\"arrow-right\"><path d=\"M5 12H19\" stroke-width=\"2\" stroke-linecap=\"round\" stroke-linejoin=\"round\"\/><path d=\"M12 5L19 12L12 19\" stroke-width=\"2\" stroke-linecap=\"round\" stroke-linejoin=\"round\"\/><\/svg>                    <\/span>\n                <\/a>\n            <\/div>\n                        <\/section>\n\n\n    <style>\r\n        html {\r\n            scroll-behavior: smooth;\r\n        }\r\n    <\/style>\r\n\r\n            <section class=\"section\">\r\n        <div class=\"container article-smooth\">\r\n        <div class=\"row\">\r\n        <div class=\"col-12 col-md-6 col-lg-8\" id=\"main-article\"  data-anchor-class=\"title\" >\r\n                <!-- <section class=\"section\"> -->\r\n        <div id=\"article-block_6317486d7ae01\"\r\n         class=\"article \">\r\n                                            <h2 class=\"title\" id=\"fondation\">Fondation<\/h2>\r\n                                                                        <!-- <div class=\"articleblock\"> -->\r\n                                                                            <p><span style=\"font-weight: 400;\">En 1974, Corona Direct Assurances est devenu le tout premier assureur \u00ab\u2009direct\u2009\u00bb en Belgique. En 2006, ils \u00e9taient le premier assureur belge \u00e0 lancer une assurance auto au kilom\u00e8tre et, deux ans plus tard, ils ont cr\u00e9\u00e9 la surprise avec une assurance pour chiens.\u00a0<\/span><\/p>\n<p><span style=\"font-weight: 400;\">En juillet 2023, Corona Direct Assurances, une ancienne filiale de Belfius Insurance, a \u00e9t\u00e9 int\u00e9gr\u00e9e \u00e0 Belfius Insurance sous la nouvelle d\u00e9nomination commerciale \u00abBelfius Direct Assurance\u00bb.<\/span><\/p>\n                                                <!-- <\/div> -->\r\n                                                                                                    <h2 class=\"title\" id=\"un-mot-sur-le-groupe\">Un mot sur le groupe<\/h2>\r\n                                                                        <!-- <div class=\"articleblock\"> -->\r\n                                                                            <p><span style=\"font-weight: 400;\">Belfius Direct Assurances fait partie du groupe Belfius.<\/span><\/p>\n                                                <!-- <\/div> -->\r\n                                                                                                    <h2 class=\"title\" id=\"voici-comment-belfius-direct-assurances-se-dcrit\">Voici comment Belfius Direct Assurances se d\u00e9crit<\/h2>\r\n                                                                        <!-- <div class=\"articleblock\"> -->\r\n                                                                            <p>Belfius Direct Assurances est un assureur solide, 100% belge, qui vous place toujours, vous et tout ce qui vous tient \u00e0 c\u0153ur, au premier plan. Simuler une prime, signer votre contrat ou signaler un sinistre? En tant que l\u2019un des leaders du march\u00e9 digital, l&rsquo;assureur a d\u00e9velopp\u00e9 des outils qui vous permettent de tout faire en ligne. Du lundi au samedi, Belfius Direct Assurances est \u00e0 votre disposition pour vous conseiller et vous aider, par t\u00e9l\u00e9phone et\/ou chat.<\/p>\n                                                <!-- <\/div> -->\r\n                                                                                                    <h2 class=\"title\" id=\"quelles-sont-les-assurances-proposes-par-belfius-direct-assurances\">Quelles sont les assurances propos\u00e9es par Belfius Direct Assurances?<\/h2>\r\n                                                                        <!-- <div class=\"articleblock\"> -->\r\n                                                                            <p><span style=\"font-weight: 400;\">Vous pouvez faire appel \u00e0 Belfius Direct Assurances pour les assurances suivantes :<\/span><\/p>\n                                                <!-- <\/div> -->\r\n                                            <!-- <div class=\"articleblock\"> -->\r\n                        <h3 class=\"heading heading--three heading-md subtitle\" id=\"mobilit\" >Mobilit\u00e9<\/h3>                                                    <ul>\n<li style=\"font-weight: 400;\" aria-level=\"1\"><span style=\"font-weight: 400;\">Assurance auto\u00a0<\/span><\/li>\n<li style=\"font-weight: 400;\" aria-level=\"1\"><span style=\"font-weight: 400;\">Assurance moto<\/span><\/li>\n<li style=\"font-weight: 400;\" aria-level=\"1\"><span style=\"font-weight: 400;\">Assistance<\/span><\/li>\n<li style=\"font-weight: 400;\" aria-level=\"1\"><span style=\"font-weight: 400;\">&#8230;<\/span><\/li>\n<\/ul>\n                                                <!-- <\/div> -->\r\n                                            <!-- <div class=\"articleblock\"> -->\r\n                        <h3 class=\"heading heading--three heading-md subtitle\" id=\"habitation\" >Habitation<\/h3>                                                    <ul>\n<li style=\"font-weight: 400;\" aria-level=\"1\"><span style=\"font-weight: 400;\">Assurance propri\u00e9taire<\/span><\/li>\n<li style=\"font-weight: 400;\" aria-level=\"1\"><span style=\"font-weight: 400;\">Assurance locataire\u200b<\/span><\/li>\n<li style=\"font-weight: 400;\" aria-level=\"1\"><span style=\"font-weight: 400;\">&#8230;<\/span><\/li>\n<\/ul>\n                                                <!-- <\/div> -->\r\n                                            <!-- <div class=\"articleblock\"> -->\r\n                        <h3 class=\"heading heading--three heading-md subtitle\" id=\"famille\" >Famille<\/h3>                                                    <ul>\n<li style=\"font-weight: 400;\" aria-level=\"1\"><span style=\"font-weight: 400;\">Assurance familiale<\/span><\/li>\n<li style=\"font-weight: 400;\" aria-level=\"1\"><span style=\"font-weight: 400;\">Assurance fun\u00e9railles<\/span><\/li>\n<li style=\"font-weight: 400;\" aria-level=\"1\"><span style=\"font-weight: 400;\">Assurance pour animaux de compagnie<\/span><\/li>\n<li style=\"font-weight: 400;\" aria-level=\"1\"><span style=\"font-weight: 400;\">&#8230;<\/span><\/li>\n<\/ul>\n                                                <!-- <\/div> -->\r\n                                                                                                    <h2 class=\"title\" id=\"contact-belfius-direct-assurances\">Contact Belfius Direct Assurances<\/h2>\r\n                                                                        <!-- <div class=\"articleblock\"> -->\r\n                                                                            <p>Belfius Direct Assurances \u2013 si\u00e8ge social<\/p>\n<ul>\n<li>Adresse: Place Charles Rogier 11, 1210 Bruxelles<\/li>\n<li>T\u00e9l.: 02 244 23 23<\/li>\n<li>Web:\u00a0<a href=\"http:\/\/www.belfiusdirect.be\" rel=\"nofollow\">http:\/\/www.belfiusdirect.be<\/a><\/li>\n<li>Num\u00e9ro de compte (IBAN): BE94 0689 3935 6414<\/li>\n<li>Compagnie d\u2019assurances enregistr\u00e9e sous le code 0037<\/li>\n<\/ul>\n                                                <!-- <\/div> -->\r\n                                                                    <\/div>\r\n    <br>\r\n        <\/div>\r\n\r\n    <div class=\"col-12 col-md-6 col-lg-4\">\r\n                <div class=\"sticky\">\r\n            <div class=\"summary summary--anchors\">\r\n                <div id=\"summary-anchors\">\r\n                                    <\/div>\r\n            <\/div>\r\n            <div class=\"summary summary--links\">\r\n                <div class=\"summary--links-list\">\r\n                                                        <\/div>\r\n            <\/div>\r\n        <\/div>\r\n    <\/div>\r\n\r\n    <\/div>\r\n    <\/div>\r\n    <!-- <\/section> -->\r\n        <\/section>\r\n","protected":false},"excerpt":{"rendered":"","protected":false},"author":1,"featured_media":0,"parent":939,"menu_order":0,"comment_status":"closed","ping_status":"closed","template":"","meta":{"footnotes":""},"class_list":["post-1536","page","type-page","status-publish","hentry"],"acf":[],"yoast_head":"<!-- This site is optimized with the Yoast SEO Premium plugin v23.4 (Yoast SEO v23.4) - https:\/\/yoast.com\/wordpress\/plugins\/seo\/ -->\n<title>L&#039;assureur Belfius Direct Assurances | Comparateur.be<\/title>\n<meta name=\"description\" content=\"D\u00e9couvrez qui est Belfius Direct Assurances et comment l&#039;assureur peut vous faciliter la vie. Comparateur.be vous informe.\" \/>\n<meta name=\"robots\" content=\"index, follow, max-snippet:-1, max-image-preview:large, max-video-preview:-1\" \/>\n<link rel=\"canonical\" href=\"https:\/\/www.comparateur.be\/assurances\/assureurs\/belfius-direct-assurances\" \/>\n<meta property=\"og:locale\" content=\"fr_FR\" \/>\n<meta property=\"og:type\" content=\"article\" \/>\n<meta property=\"og:title\" content=\"Belfius Direct Assurances\" \/>\n<meta property=\"og:description\" content=\"D\u00e9couvrez qui est Belfius Direct Assurances et comment l&#039;assureur peut vous faciliter la vie. Comparateur.be vous informe.\" \/>\n<meta property=\"og:url\" content=\"https:\/\/www.comparateur.be\/assurances\/assureurs\/belfius-direct-assurances\" \/>\n<meta property=\"og:site_name\" content=\"Comparateur.be\" \/>\n<meta property=\"article:publisher\" content=\"https:\/\/www.facebook.com\/Mijnvergelijker\/\" \/>\n<meta property=\"article:modified_time\" content=\"2024-09-05T13:28:30+00:00\" \/>\n<meta property=\"og:image\" content=\"https:\/\/www.comparateur.be\/wordpress\/wp-content\/uploads\/2024\/09\/Algemeen_met-slogan_NL@.png\" \/>\n\t<meta property=\"og:image:width\" content=\"2444\" \/>\n\t<meta property=\"og:image:height\" content=\"418\" \/>\n\t<meta property=\"og:image:type\" content=\"image\/png\" \/>\n<meta name=\"twitter:card\" content=\"summary_large_image\" \/>\n<script type=\"application\/ld+json\" class=\"yoast-schema-graph\">{\"@context\":\"https:\/\/schema.org\",\"@graph\":[{\"@type\":\"WebPage\",\"@id\":\"https:\/\/www.comparateur.be\/assurances\/assureurs\/belfius-direct-assurances\",\"url\":\"https:\/\/www.comparateur.be\/assurances\/assureurs\/belfius-direct-assurances\",\"name\":\"L'assureur Belfius Direct Assurances | Comparateur.be\",\"isPartOf\":{\"@id\":\"https:\/\/www.comparateur.be\/#website\"},\"datePublished\":\"2022-09-17T12:23:47+00:00\",\"dateModified\":\"2024-09-05T13:28:30+00:00\",\"description\":\"D\u00e9couvrez qui est Belfius Direct Assurances et comment l'assureur peut vous faciliter la vie. Comparateur.be vous informe.\",\"breadcrumb\":{\"@id\":\"https:\/\/www.comparateur.be\/assurances\/assureurs\/belfius-direct-assurances#breadcrumb\"},\"inLanguage\":\"fr-BE\",\"potentialAction\":[{\"@type\":\"ReadAction\",\"target\":[\"https:\/\/www.comparateur.be\/assurances\/assureurs\/belfius-direct-assurances\"]}]},{\"@type\":\"BreadcrumbList\",\"@id\":\"https:\/\/www.comparateur.be\/assurances\/assureurs\/belfius-direct-assurances#breadcrumb\",\"itemListElement\":[{\"@type\":\"ListItem\",\"position\":1,\"name\":\"Home\",\"item\":\"https:\/\/www.comparateur.be\/\"},{\"@type\":\"ListItem\",\"position\":2,\"name\":\"Assurances\",\"item\":\"https:\/\/www.comparateur.be\/assurances\"},{\"@type\":\"ListItem\",\"position\":3,\"name\":\"Assureurs\",\"item\":\"https:\/\/www.comparateur.be\/assurances\/assureurs\"},{\"@type\":\"ListItem\",\"position\":4,\"name\":\"Belfius Direct Assurances\"}]},{\"@type\":\"WebSite\",\"@id\":\"https:\/\/www.comparateur.be\/#website\",\"url\":\"https:\/\/www.comparateur.be\/\",\"name\":\"MIjnvergelijker.be\",\"description\":\"\",\"publisher\":{\"@id\":\"https:\/\/www.comparateur.be\/#organization\"},\"potentialAction\":[{\"@type\":\"SearchAction\",\"target\":{\"@type\":\"EntryPoint\",\"urlTemplate\":\"https:\/\/www.comparateur.be\/?s={search_term_string}\"},\"query-input\":\"required name=search_term_string\"}],\"inLanguage\":\"fr-BE\"},{\"@type\":\"Organization\",\"@id\":\"https:\/\/www.comparateur.be\/#organization\",\"name\":\"Comparateur.be\",\"url\":\"https:\/\/www.comparateur.be\/\",\"logo\":{\"@type\":\"ImageObject\",\"inLanguage\":\"fr-BE\",\"@id\":\"https:\/\/www.comparateur.be\/#\/schema\/logo\/image\/\",\"url\":\"https:\/\/www.comparateur.be\/wordpress\/wp-content\/uploads\/2024\/09\/Algemeen_met-slogan_NL@.png\",\"contentUrl\":\"https:\/\/www.comparateur.be\/wordpress\/wp-content\/uploads\/2024\/09\/Algemeen_met-slogan_NL@.png\",\"width\":2444,\"height\":418,\"caption\":\"Comparateur.be\"},\"image\":{\"@id\":\"https:\/\/www.comparateur.be\/#\/schema\/logo\/image\/\"},\"sameAs\":[\"https:\/\/www.facebook.com\/Mijnvergelijker\/\"]}]}<\/script>\n<!-- \/ Yoast SEO Premium plugin. -->","yoast_head_json":{"title":"L'assureur Belfius Direct Assurances | Comparateur.be","description":"D\u00e9couvrez qui est Belfius Direct Assurances et comment l'assureur peut vous faciliter la vie. Comparateur.be vous informe.","robots":{"index":"index","follow":"follow","max-snippet":"max-snippet:-1","max-image-preview":"max-image-preview:large","max-video-preview":"max-video-preview:-1"},"canonical":"https:\/\/www.comparateur.be\/assurances\/assureurs\/belfius-direct-assurances","og_locale":"fr_FR","og_type":"article","og_title":"Belfius Direct Assurances","og_description":"D\u00e9couvrez qui est Belfius Direct Assurances et comment l'assureur peut vous faciliter la vie. Comparateur.be vous informe.","og_url":"https:\/\/www.comparateur.be\/assurances\/assureurs\/belfius-direct-assurances","og_site_name":"Comparateur.be","article_publisher":"https:\/\/www.facebook.com\/Mijnvergelijker\/","article_modified_time":"2024-09-05T13:28:30+00:00","og_image":[{"width":2444,"height":418,"url":"https:\/\/www.comparateur.be\/wordpress\/wp-content\/uploads\/2024\/09\/Algemeen_met-slogan_NL@.png","type":"image\/png"}],"twitter_card":"summary_large_image","schema":{"@context":"https:\/\/schema.org","@graph":[{"@type":"WebPage","@id":"https:\/\/www.comparateur.be\/assurances\/assureurs\/belfius-direct-assurances","url":"https:\/\/www.comparateur.be\/assurances\/assureurs\/belfius-direct-assurances","name":"L'assureur Belfius Direct Assurances | Comparateur.be","isPartOf":{"@id":"https:\/\/www.comparateur.be\/#website"},"datePublished":"2022-09-17T12:23:47+00:00","dateModified":"2024-09-05T13:28:30+00:00","description":"D\u00e9couvrez qui est Belfius Direct Assurances et comment l'assureur peut vous faciliter la vie. Comparateur.be vous informe.","breadcrumb":{"@id":"https:\/\/www.comparateur.be\/assurances\/assureurs\/belfius-direct-assurances#breadcrumb"},"inLanguage":"fr-BE","potentialAction":[{"@type":"ReadAction","target":["https:\/\/www.comparateur.be\/assurances\/assureurs\/belfius-direct-assurances"]}]},{"@type":"BreadcrumbList","@id":"https:\/\/www.comparateur.be\/assurances\/assureurs\/belfius-direct-assurances#breadcrumb","itemListElement":[{"@type":"ListItem","position":1,"name":"Home","item":"https:\/\/www.comparateur.be\/"},{"@type":"ListItem","position":2,"name":"Assurances","item":"https:\/\/www.comparateur.be\/assurances"},{"@type":"ListItem","position":3,"name":"Assureurs","item":"https:\/\/www.comparateur.be\/assurances\/assureurs"},{"@type":"ListItem","position":4,"name":"Belfius Direct Assurances"}]},{"@type":"WebSite","@id":"https:\/\/www.comparateur.be\/#website","url":"https:\/\/www.comparateur.be\/","name":"MIjnvergelijker.be","description":"","publisher":{"@id":"https:\/\/www.comparateur.be\/#organization"},"potentialAction":[{"@type":"SearchAction","target":{"@type":"EntryPoint","urlTemplate":"https:\/\/www.comparateur.be\/?s={search_term_string}"},"query-input":"required name=search_term_string"}],"inLanguage":"fr-BE"},{"@type":"Organization","@id":"https:\/\/www.comparateur.be\/#organization","name":"Comparateur.be","url":"https:\/\/www.comparateur.be\/","logo":{"@type":"ImageObject","inLanguage":"fr-BE","@id":"https:\/\/www.comparateur.be\/#\/schema\/logo\/image\/","url":"https:\/\/www.comparateur.be\/wordpress\/wp-content\/uploads\/2024\/09\/Algemeen_met-slogan_NL@.png","contentUrl":"https:\/\/www.comparateur.be\/wordpress\/wp-content\/uploads\/2024\/09\/Algemeen_met-slogan_NL@.png","width":2444,"height":418,"caption":"Comparateur.be"},"image":{"@id":"https:\/\/www.comparateur.be\/#\/schema\/logo\/image\/"},"sameAs":["https:\/\/www.facebook.com\/Mijnvergelijker\/"]}]}},"_links":{"self":[{"href":"https:\/\/www.comparateur.be\/wordpress\/wp-json\/wp\/v2\/pages\/1536"}],"collection":[{"href":"https:\/\/www.comparateur.be\/wordpress\/wp-json\/wp\/v2\/pages"}],"about":[{"href":"https:\/\/www.comparateur.be\/wordpress\/wp-json\/wp\/v2\/types\/page"}],"author":[{"embeddable":true,"href":"https:\/\/www.comparateur.be\/wordpress\/wp-json\/wp\/v2\/users\/1"}],"replies":[{"embeddable":true,"href":"https:\/\/www.comparateur.be\/wordpress\/wp-json\/wp\/v2\/comments?post=1536"}],"version-history":[{"count":22,"href":"https:\/\/www.comparateur.be\/wordpress\/wp-json\/wp\/v2\/pages\/1536\/revisions"}],"predecessor-version":[{"id":9760,"href":"https:\/\/www.comparateur.be\/wordpress\/wp-json\/wp\/v2\/pages\/1536\/revisions\/9760"}],"up":[{"embeddable":true,"href":"https:\/\/www.comparateur.be\/wordpress\/wp-json\/wp\/v2\/pages\/939"}],"wp:attachment":[{"href":"https:\/\/www.comparateur.be\/wordpress\/wp-json\/wp\/v2\/media?parent=1536"}],"curies":[{"name":"wp","href":"https:\/\/api.w.org\/{rel}","templated":true}]}}