{"id":14156,"date":"2025-07-03T10:29:17","date_gmt":"2025-07-03T08:29:17","guid":{"rendered":"https:\/\/www.mijnvergelijker.be\/?page_id=14156"},"modified":"2025-07-28T11:03:21","modified_gmt":"2025-07-28T09:03:21","slug":"afi-esca","status":"publish","type":"page","link":"https:\/\/www.comparateur.be\/assurances\/assureurs\/afi-esca","title":{"rendered":"Afi Esca"},"content":{"rendered":"\n<section id=\"heroes-text-block_6334384cf69b2\" class=\"heroes-text hero hero--text\">\n    <div class=\"container\">\n                    <h1 class=\"heading-xl mb-md-40\">Afi Esca<\/h1>\n                <div class=\"wysiwyg body-lg mb-md-40\">\n            <p>\n            Afi Esca est un assureur sp\u00e9cialis\u00e9 qui se consacre enti\u00e8rement \u00e0 la protection des familles et de leurs cr\u00e9dits sur le march\u00e9 belge. Depuis son si\u00e8ge \u00e0 Eigenbrakel, il propose un produit essentiel lors de l\u2019achat d\u2019un bien immobilier : l\u2019assurance solde restant d\u00fb. Afi Esca offre \u00e9galement des couvertures pour les pr\u00eats \u00e0 la consommation et les cr\u00e9dits auto. Gr\u00e2ce \u00e0 sa sp\u00e9cialisation et son expertise, Afi Esca peut souvent proposer des tarifs comp\u00e9titifs et des conditions claires, bien plus int\u00e9ressants que ceux des bancassureurs traditionnels.            <\/p>\n        <\/div>\n                    <div class=\"button-container\">\n                <a href=\"https:\/\/www.comparateur.be\/assurance-solde-restant-du\" class=\"button button--primary \" type=\"primary\">\n                    <span class=\"d-flex align-items-center\">\n                        Comparez les assurances solde restant d\u00fb                        <svg xmlns=\"http:\/\/www.w3.org\/2000\/svg\" width=\"22\" height=\"22\" viewBox=\"0 0 24 24\" fill=\"none\" class=\"arrow-right\"><path d=\"M5 12H19\" stroke-width=\"2\" stroke-linecap=\"round\" stroke-linejoin=\"round\"\/><path d=\"M12 5L19 12L12 19\" stroke-width=\"2\" stroke-linecap=\"round\" stroke-linejoin=\"round\"\/><\/svg>                    <\/span>\n                <\/a>\n            <\/div>\n                        <\/section>\n\n\n    <style>\r\n        html {\r\n            scroll-behavior: smooth;\r\n        }\r\n    <\/style>\r\n\r\n            <section class=\"section\">\r\n        <div class=\"container article-smooth\">\r\n        <div class=\"row\">\r\n        <div class=\"col-12 col-md-6 col-lg-8\" id=\"main-article\"  data-anchor-class=\"title\" >\r\n                <!-- <section class=\"section\"> -->\r\n        <div id=\"article-block_63343858f69b3\"\r\n         class=\"article \">\r\n                                            <h2 class=\"title\" id=\"origines-dafi-esca\">Origines d\u2019Afi Esca<\/h2>\r\n                                                                        <!-- <div class=\"articleblock\"> -->\r\n                                                                            <p><span style=\"font-weight: 400;\">L\u2019histoire d\u2019Afi Esca commence en <\/span><b>1923<\/b><span style=\"font-weight: 400;\"> \u00e0 Strasbourg, avec la cr\u00e9ation de la soci\u00e9t\u00e9 d\u2019assurance <\/span><b>Esca<\/b><span style=\"font-weight: 400;\"> (Est Capitalisation). Pendant pr\u00e8s d\u2019un si\u00e8cle, la compagnie d\u00e9veloppe une solide r\u00e9putation en France dans les domaines de l\u2019assurance vie et de l\u2019\u00e9pargne.<\/span><\/p>\n<p>En 2010, Esca fusionne avec AFI Europe, donnant naissance au nom actuel : Afi Esca. L\u2019entr\u00e9e sur le march\u00e9 belge avait d\u00e9j\u00e0 eu lieu en 2008. Afi Esca est soumis \u00e0 la supervision de la Banque Nationale de Belgique (BNB) et de la FSMA, ce qui garantit le respect des normes l\u00e9gales belges les plus strictes.<\/p>\n<p>Afi Esca distribue ses produits exclusivement via des courtiers en assurances ind\u00e9pendants, afin d\u2019assurer aux clients un conseil personnalis\u00e9 et objectif.<\/p>\n                                                <!-- <\/div> -->\r\n                                                                                                    <h2 class=\"title\" id=\"contact-et-sige-\">Contact et Si\u00e8ge <\/h2>\r\n                                                                        <!-- <div class=\"articleblock\"> -->\r\n                                                                            <ul>\n<li><b>Adresse<\/b><span style=\"font-weight: 400;\"> : Chauss\u00e9e de Nivelles 81, 1420 Eigenbrakel<\/span><\/li>\n<li><b>Email<\/b><span style=\"font-weight: 400;\"> : contact.belgique@afi-esca.com<\/span><\/li>\n<li><b>T\u00e9l\u00e9phone<\/b><span style=\"font-weight: 400;\"> : 02\/388.01.80<\/span><\/li>\n<\/ul>\n                                                <!-- <\/div> -->\r\n                                                                                                    <h2 class=\"title\" id=\"pourquoi-choisir-afi-esca--les-atouts\">Pourquoi choisir Afi Esca ? Les atouts<\/h2>\r\n                                                                        <!-- <div class=\"articleblock\"> -->\r\n                                                                            <p><span style=\"font-weight: 400;\">Voici les raisons pour lesquelles Afi Esca est un choix judicieux pour votre assurance :<\/span><\/p>\n<ul>\n<li style=\"font-weight: 400;\" aria-level=\"1\"><b>Ind\u00e9pendance et flexibilit\u00e9<\/b><span style=\"font-weight: 400;\"> : Afi Esca n\u2019est pas une banque. Votre assurance est compl\u00e8tement ind\u00e9pendante de votre cr\u00e9dit hypoth\u00e9caire. Vous gardez donc toute libert\u00e9 pour changer de banque ou refinancer votre pr\u00eat, sans impacter votre couverture.\u00a0<\/span><span style=\"font-weight: 400;\"><br \/>\n<\/span><\/li>\n<li style=\"font-weight: 400;\" aria-level=\"1\"><b>Tarifs comp\u00e9titifs<\/b><span style=\"font-weight: 400;\"> : en tant que sp\u00e9cialiste de l\u2019assurance solde restant d\u00fb, Afi Esca \u00e9value pr\u00e9cis\u00e9ment les risques. R\u00e9sultat : des primes souvent tr\u00e8s avantageuses, notamment pour les <\/span><b>jeunes non-fumeurs en bonne sant\u00e9<\/b><span style=\"font-weight: 400;\">.\u00a0<\/span><span style=\"font-weight: 400;\"><br \/>\n<\/span><\/li>\n<li style=\"font-weight: 400;\" aria-level=\"1\"><b>Transparence<\/b><span style=\"font-weight: 400;\"> : pas de frais cach\u00e9s ni de conditions alambiqu\u00e9es. Les fiches produits sont disponibles en ligne. <\/span><\/li>\n<li style=\"font-weight: 400;\" aria-level=\"1\"><b>Solidit\u00e9 financi\u00e8re<\/b> : fort d\u2019une histoire qui remonte \u00e0 1923 et faisant partie du <b>groupe Burrus<\/b>, Afi Esca garantit fiabilit\u00e9 et stabilit\u00e9 pour des engagements \u00e0 long terme.<\/li>\n<\/ul>\n                                                <!-- <\/div> -->\r\n                                                                                                    <h2 class=\"title\" id=\"les-produits-afi-esca\">Les produits Afi Esca<\/h2>\r\n                                                                        <!-- <div class=\"articleblock\"> -->\r\n                                                                            <p><span style=\"font-weight: 400;\">Afi Esca se concentre sur un domaine : <\/span><b>l\u2019assurance solde restant d\u00fb<\/b><span style=\"font-weight: 400;\">. Que vous achetiez une maison, souscriviez un pr\u00eat personnel ou financiez une voiture, Afi Esca vous propose des solutions pour prot\u00e9ger vos proches.<\/span><\/p>\n                                                <!-- <\/div> -->\r\n                                            <!-- <div class=\"articleblock\"> -->\r\n                        <h3 class=\"heading heading--three heading-md subtitle\" id=\"protectim--pour-votre-crdit-hypothcaire\" >Protectim : pour votre cr\u00e9dit hypoth\u00e9caire<\/h3>                                                    <p><span style=\"font-weight: 400;\">Vous achetez un bien immobilier ? Protectim est l\u2019assurance solde restant d\u00fb d\u2019Afi Esca qui permet \u00e0 votre conjoint ou votre famille <\/span><b>de ne pas devoir rembourser votre cr\u00e9dit seuls<\/b><span style=\"font-weight: 400;\"> si vous veniez \u00e0 d\u00e9c\u00e9der.<\/span><\/p>\n<ul>\n<li style=\"font-weight: 400;\" aria-level=\"1\"><b>Pour tout type de cr\u00e9dit<\/b><span style=\"font-weight: 400;\"> : logement personnel, bien d\u2019investissement ou pr\u00eat professionnel\u00a0<\/span><span style=\"font-weight: 400;\"><br \/>\n<\/span><\/li>\n<li style=\"font-weight: 400;\" aria-level=\"1\"><b>\u00c2ge d\u2019adh\u00e9sion<\/b><span style=\"font-weight: 400;\"> : de 18 \u00e0 74 ans\u00a0<\/span><span style=\"font-weight: 400;\"><br \/>\n<\/span><\/li>\n<li style=\"font-weight: 400;\" aria-level=\"1\"><b>Paiement flexible<\/b><span style=\"font-weight: 400;\"> : prime unique, mensualit\u00e9s fixes, ou variables<\/span><span style=\"font-weight: 400;\"><br \/>\n<\/span><\/li>\n<li style=\"font-weight: 400;\" aria-level=\"1\"><b>Garantie compl\u00e9mentaire possible<\/b><span style=\"font-weight: 400;\"> :<\/span>&nbsp;\n<ul>\n<li style=\"font-weight: 400;\" aria-level=\"2\"><span style=\"font-weight: 400;\">En cas d\u2019<\/span><b>incapacit\u00e9 de travail temporaire ou d\u00e9finitive<\/b><span style=\"font-weight: 400;\">, la mensualit\u00e9 est prise en charge apr\u00e8s 90 jours.\u00a0<\/span><span style=\"font-weight: 400;\"><br \/>\n<\/span><\/li>\n<li style=\"font-weight: 400;\" aria-level=\"2\"><span style=\"font-weight: 400;\">Si l\u2019incapacit\u00e9 est permanente, le solde du cr\u00e9dit est rembours\u00e9.<\/span><span style=\"font-weight: 400;\"><br \/>\n<\/span><\/li>\n<li style=\"font-weight: 400;\" aria-level=\"2\"><span style=\"font-weight: 400;\">Cette couverture ne s\u2019applique pas aux personnes d\u00e9j\u00e0 \u00e0 la retraite.<\/span><span style=\"font-weight: 400;\"><br \/>\n<\/span><\/li>\n<\/ul>\n<\/li>\n<\/ul>\n<p><b>Bonus d\u00e9c\u00e8s<\/b><span style=\"font-weight: 400;\"> : si le capital assur\u00e9 d\u00e9passe 100.000 \u20ac, un <\/span><b>capital compl\u00e9mentaire de 3.000 \u20ac<\/b><span style=\"font-weight: 400;\"> est vers\u00e9. Ce bonus est <\/span><b>inclus sans suppl\u00e9ment<\/b><span style=\"font-weight: 400;\"> dans la prime.<\/span><span style=\"font-weight: 400;\"><br \/>\n<\/span><\/p>\n                                                <!-- <\/div> -->\r\n                                            <!-- <div class=\"articleblock\"> -->\r\n                        <h3 class=\"heading heading--three heading-md subtitle\" id=\"crdit-conso--pour-votre-prt-personnel\" >Cr\u00e9dit Conso : pour votre pr\u00eat personnel<\/h3>                                                    <p><span style=\"font-weight: 400;\">Cr\u00e9dit Conso est une <\/span><b>assurance d\u00e9c\u00e8s individuelle<\/b><span style=\"font-weight: 400;\"> qui couvre le solde restant d\u00fb de votre pr\u00eat personnel.<\/span><\/p>\n<ul>\n<li style=\"font-weight: 400;\" aria-level=\"1\"><b>Montant couvert<\/b><span style=\"font-weight: 400;\"> : jusqu\u2019\u00e0 100.000 \u20ac par assur\u00e9<\/span><span style=\"font-weight: 400;\"><br \/>\n<\/span><\/li>\n<li style=\"font-weight: 400;\" aria-level=\"1\"><b>Adh\u00e9sion facile<\/b><span style=\"font-weight: 400;\"> : pas de questionnaire m\u00e9dical ; une simple d\u00e9claration de bonne sant\u00e9 suffit<\/span><span style=\"font-weight: 400;\"><br \/>\n<\/span><\/li>\n<li style=\"font-weight: 400;\" aria-level=\"1\"><b>\u00c2ge d\u2019adh\u00e9sion<\/b><span style=\"font-weight: 400;\"> : de 18 \u00e0 69 ans, avec une couverture d\u00e9c\u00e8s jusqu\u2019\u00e0 75 ans<\/span><span style=\"font-weight: 400;\"><br \/>\n<\/span><\/li>\n<li style=\"font-weight: 400;\" aria-level=\"1\"><b>Option incapacit\u00e9<\/b><span style=\"font-weight: 400;\"> : possibilit\u00e9 d\u2019ajouter une couverture en cas d\u2019incapacit\u00e9 temporaire ou permanente<\/span>&nbsp;<\/li>\n<\/ul>\n                                                <!-- <\/div> -->\r\n                                            <!-- <div class=\"articleblock\"> -->\r\n                        <h3 class=\"heading heading--three heading-md subtitle\" id=\"prvicar--pour-votre-crdit-auto\" >Pr\u00e9vicar : pour votre cr\u00e9dit auto<\/h3>                                                    <p><span style=\"font-weight: 400;\">En cas de d\u00e9c\u00e8s, <\/span><b>Pr\u00e9vicar<\/b><span style=\"font-weight: 400;\"> rembourse \u00e0 votre banque le solde de votre cr\u00e9dit voiture. Ainsi, <\/span><b>vous ne laissez pas de dettes \u00e0 vos proches<\/b><span style=\"font-weight: 400;\">.<\/span><\/p>\n<ul>\n<li style=\"font-weight: 400;\" aria-level=\"1\"><b>Montant couvert<\/b><span style=\"font-weight: 400;\"> : jusqu\u2019\u00e0 100.000 \u20ac\u00a0<\/span><span style=\"font-weight: 400;\"><br \/>\n<\/span><\/li>\n<li style=\"font-weight: 400;\" aria-level=\"1\"><b>Pas de formalit\u00e9s m\u00e9dicales<\/b><span style=\"font-weight: 400;\"> : seule une d\u00e9claration de bonne sant\u00e9 est requise<\/span><span style=\"font-weight: 400;\"><br \/>\n<\/span><\/li>\n<li style=\"font-weight: 400;\" aria-level=\"1\"><b>Inclus : la valeur r\u00e9siduelle<\/b><span style=\"font-weight: 400;\"> (appel\u00e9e \u00ab\u00a0valeur finale\u00a0\u00bb) du v\u00e9hicule \u00e0 la fin du contrat <\/span><\/li>\n<li style=\"font-weight: 400;\" aria-level=\"1\"><b>Paiement flexible<\/b> : vous choisissez la fr\u00e9quence de paiement (mensuel, trimestriel, semestriel ou annuel)<\/li>\n<\/ul>\n                                                <!-- <\/div> -->\r\n                                                                    <\/div>\r\n    <br>\r\n        <\/div>\r\n\r\n    <div class=\"col-12 col-md-6 col-lg-4\">\r\n                <div class=\"sticky\">\r\n            <div class=\"summary summary--anchors\">\r\n                <div id=\"summary-anchors\">\r\n                                            <h3>Sommaire<\/h3>\r\n                                    <\/div>\r\n            <\/div>\r\n            <div class=\"summary summary--links\">\r\n                <div class=\"summary--links-list\">\r\n                                            <h3>En savoir plus sur<\/h3>\r\n                                        <a class=\"summary--links-list--link\" href=\"https:\/\/www.comparateur.be\/assurances\/assureurs\"><span>\u200bListe des assureurs partenaires<\/span><\/a><a class=\"summary--links-list--link\" href=\"https:\/\/www.comparateur.be\/assurance-solde-restant-du\"><span>Comparez les assurances solde restant<\/span><\/a><a class=\"summary--links-list--link\" href=\"\"><span><\/span><\/a>                <\/div>\r\n            <\/div>\r\n        <\/div>\r\n    <\/div>\r\n\r\n    <\/div>\r\n    <\/div>\r\n    <!-- <\/section> -->\r\n        <\/section>\r\n\n\n\n<section id=\"heroes-simple-block_6866730189ad9\" class=\"heroes-simple hero hero--simple\">\n    <div class=\"container\">\n                <h2 class=\"heading-lg\">Souscrire une assurance solde restant d\u00fb chez Afi Esca<\/h2>\n                <div class=\"wysiwyg wysiwyg--narrow body-lg\">\n                        <p>\n                <p><span style=\"font-weight: 400;\">Convaincu de l\u2019importance d\u2019une bonne couverture pour votre cr\u00e9dit ? Comparez les offres des assureurs avec <\/span>Comparateur.be. En quelques clics, vous trouvez l\u2019assurance qui correspond \u00e0 votre situation et vous pourriez \u00e9conomiser plusieurs centaines d\u2019euros.<\/p>\n            <\/p>\n                    <\/div>\n                    <div class=\"m-b-20\">\n                <a href=\"https:\/\/www.comparateur.be\/assurance-solde-restant-du\" class=\"button button--primary\" type=\"primary\">\n                    <span class=\"d-flex align-items-center\">\n                        Comparez les assurances solde restant d\u00fb                        <svg xmlns=\"http:\/\/www.w3.org\/2000\/svg\" width=\"22\" height=\"22\" viewBox=\"0 0 24 24\" fill=\"none\" class=\"arrow-right\"><path d=\"M5 12H19\" stroke-width=\"2\" stroke-linecap=\"round\" stroke-linejoin=\"round\"\/><path d=\"M12 5L19 12L12 19\" stroke-width=\"2\" stroke-linecap=\"round\" stroke-linejoin=\"round\"\/><\/svg>                    <\/span>\n                <\/a>\n            <\/div>\n                    <\/div>\n<\/section>\n\n","protected":false},"excerpt":{"rendered":"","protected":false},"author":8,"featured_media":0,"parent":939,"menu_order":0,"comment_status":"closed","ping_status":"closed","template":"","meta":{"footnotes":""},"class_list":["post-14156","page","type-page","status-publish","hentry"],"acf":[],"yoast_head":"<!-- This site is optimized with the Yoast SEO Premium plugin v23.4 (Yoast SEO v23.4) - https:\/\/yoast.com\/wordpress\/plugins\/seo\/ -->\n<title>Afi Esca \u2013 Assureurs \u2013 Comparateur.be<\/title>\n<meta name=\"description\" content=\"Vous cherchez une assurance solde restant d\u00fb ? D\u00e9couvrez Afi Esca, un assureur fiable et sp\u00e9cialis\u00e9.\" \/>\n<meta name=\"robots\" content=\"index, follow, max-snippet:-1, max-image-preview:large, max-video-preview:-1\" \/>\n<link rel=\"canonical\" href=\"https:\/\/www.comparateur.be\/assurances\/assureurs\/afi-esca\" \/>\n<meta property=\"og:locale\" content=\"fr_FR\" \/>\n<meta property=\"og:type\" content=\"article\" \/>\n<meta property=\"og:title\" content=\"Afi Esca\" \/>\n<meta property=\"og:description\" content=\"Vous cherchez une assurance solde restant d\u00fb ? D\u00e9couvrez Afi Esca, un assureur fiable et sp\u00e9cialis\u00e9.\" \/>\n<meta property=\"og:url\" content=\"https:\/\/www.comparateur.be\/assurances\/assureurs\/afi-esca\" \/>\n<meta property=\"og:site_name\" content=\"Comparateur.be\" \/>\n<meta property=\"article:publisher\" content=\"https:\/\/www.facebook.com\/Mijnvergelijker\/\" \/>\n<meta property=\"article:modified_time\" content=\"2025-07-28T09:03:21+00:00\" \/>\n<meta property=\"og:image\" content=\"https:\/\/www.comparateur.be\/wordpress\/wp-content\/uploads\/2024\/09\/Algemeen_met-slogan_NL@.png\" \/>\n\t<meta property=\"og:image:width\" content=\"2444\" \/>\n\t<meta property=\"og:image:height\" content=\"418\" \/>\n\t<meta property=\"og:image:type\" content=\"image\/png\" \/>\n<meta name=\"twitter:card\" content=\"summary_large_image\" \/>\n<script type=\"application\/ld+json\" class=\"yoast-schema-graph\">{\"@context\":\"https:\/\/schema.org\",\"@graph\":[{\"@type\":\"WebPage\",\"@id\":\"https:\/\/www.comparateur.be\/assurances\/assureurs\/afi-esca\",\"url\":\"https:\/\/www.comparateur.be\/assurances\/assureurs\/afi-esca\",\"name\":\"Afi Esca \u2013 Assureurs \u2013 Comparateur.be\",\"isPartOf\":{\"@id\":\"https:\/\/www.comparateur.be\/#website\"},\"datePublished\":\"2025-07-03T08:29:17+00:00\",\"dateModified\":\"2025-07-28T09:03:21+00:00\",\"description\":\"Vous cherchez une assurance solde restant d\u00fb ? D\u00e9couvrez Afi Esca, un assureur fiable et sp\u00e9cialis\u00e9.\",\"breadcrumb\":{\"@id\":\"https:\/\/www.comparateur.be\/assurances\/assureurs\/afi-esca#breadcrumb\"},\"inLanguage\":\"fr-BE\",\"potentialAction\":[{\"@type\":\"ReadAction\",\"target\":[\"https:\/\/www.comparateur.be\/assurances\/assureurs\/afi-esca\"]}]},{\"@type\":\"BreadcrumbList\",\"@id\":\"https:\/\/www.comparateur.be\/assurances\/assureurs\/afi-esca#breadcrumb\",\"itemListElement\":[{\"@type\":\"ListItem\",\"position\":1,\"name\":\"Home\",\"item\":\"https:\/\/www.comparateur.be\/\"},{\"@type\":\"ListItem\",\"position\":2,\"name\":\"Assurances\",\"item\":\"https:\/\/www.comparateur.be\/assurances\"},{\"@type\":\"ListItem\",\"position\":3,\"name\":\"Assureurs\",\"item\":\"https:\/\/www.comparateur.be\/assurances\/assureurs\"},{\"@type\":\"ListItem\",\"position\":4,\"name\":\"Afi Esca\"}]},{\"@type\":\"WebSite\",\"@id\":\"https:\/\/www.comparateur.be\/#website\",\"url\":\"https:\/\/www.comparateur.be\/\",\"name\":\"MIjnvergelijker.be\",\"description\":\"\",\"publisher\":{\"@id\":\"https:\/\/www.comparateur.be\/#organization\"},\"potentialAction\":[{\"@type\":\"SearchAction\",\"target\":{\"@type\":\"EntryPoint\",\"urlTemplate\":\"https:\/\/www.comparateur.be\/?s={search_term_string}\"},\"query-input\":\"required name=search_term_string\"}],\"inLanguage\":\"fr-BE\"},{\"@type\":\"Organization\",\"@id\":\"https:\/\/www.comparateur.be\/#organization\",\"name\":\"Comparateur.be\",\"url\":\"https:\/\/www.comparateur.be\/\",\"logo\":{\"@type\":\"ImageObject\",\"inLanguage\":\"fr-BE\",\"@id\":\"https:\/\/www.comparateur.be\/#\/schema\/logo\/image\/\",\"url\":\"https:\/\/www.comparateur.be\/wordpress\/wp-content\/uploads\/2024\/09\/Algemeen_met-slogan_NL@.png\",\"contentUrl\":\"https:\/\/www.comparateur.be\/wordpress\/wp-content\/uploads\/2024\/09\/Algemeen_met-slogan_NL@.png\",\"width\":2444,\"height\":418,\"caption\":\"Comparateur.be\"},\"image\":{\"@id\":\"https:\/\/www.comparateur.be\/#\/schema\/logo\/image\/\"},\"sameAs\":[\"https:\/\/www.facebook.com\/Mijnvergelijker\/\"]}]}<\/script>\n<!-- \/ Yoast SEO Premium plugin. -->","yoast_head_json":{"title":"Afi Esca \u2013 Assureurs \u2013 Comparateur.be","description":"Vous cherchez une assurance solde restant d\u00fb ? D\u00e9couvrez Afi Esca, un assureur fiable et sp\u00e9cialis\u00e9.","robots":{"index":"index","follow":"follow","max-snippet":"max-snippet:-1","max-image-preview":"max-image-preview:large","max-video-preview":"max-video-preview:-1"},"canonical":"https:\/\/www.comparateur.be\/assurances\/assureurs\/afi-esca","og_locale":"fr_FR","og_type":"article","og_title":"Afi Esca","og_description":"Vous cherchez une assurance solde restant d\u00fb ? D\u00e9couvrez Afi Esca, un assureur fiable et sp\u00e9cialis\u00e9.","og_url":"https:\/\/www.comparateur.be\/assurances\/assureurs\/afi-esca","og_site_name":"Comparateur.be","article_publisher":"https:\/\/www.facebook.com\/Mijnvergelijker\/","article_modified_time":"2025-07-28T09:03:21+00:00","og_image":[{"width":2444,"height":418,"url":"https:\/\/www.comparateur.be\/wordpress\/wp-content\/uploads\/2024\/09\/Algemeen_met-slogan_NL@.png","type":"image\/png"}],"twitter_card":"summary_large_image","schema":{"@context":"https:\/\/schema.org","@graph":[{"@type":"WebPage","@id":"https:\/\/www.comparateur.be\/assurances\/assureurs\/afi-esca","url":"https:\/\/www.comparateur.be\/assurances\/assureurs\/afi-esca","name":"Afi Esca \u2013 Assureurs \u2013 Comparateur.be","isPartOf":{"@id":"https:\/\/www.comparateur.be\/#website"},"datePublished":"2025-07-03T08:29:17+00:00","dateModified":"2025-07-28T09:03:21+00:00","description":"Vous cherchez une assurance solde restant d\u00fb ? D\u00e9couvrez Afi Esca, un assureur fiable et sp\u00e9cialis\u00e9.","breadcrumb":{"@id":"https:\/\/www.comparateur.be\/assurances\/assureurs\/afi-esca#breadcrumb"},"inLanguage":"fr-BE","potentialAction":[{"@type":"ReadAction","target":["https:\/\/www.comparateur.be\/assurances\/assureurs\/afi-esca"]}]},{"@type":"BreadcrumbList","@id":"https:\/\/www.comparateur.be\/assurances\/assureurs\/afi-esca#breadcrumb","itemListElement":[{"@type":"ListItem","position":1,"name":"Home","item":"https:\/\/www.comparateur.be\/"},{"@type":"ListItem","position":2,"name":"Assurances","item":"https:\/\/www.comparateur.be\/assurances"},{"@type":"ListItem","position":3,"name":"Assureurs","item":"https:\/\/www.comparateur.be\/assurances\/assureurs"},{"@type":"ListItem","position":4,"name":"Afi Esca"}]},{"@type":"WebSite","@id":"https:\/\/www.comparateur.be\/#website","url":"https:\/\/www.comparateur.be\/","name":"MIjnvergelijker.be","description":"","publisher":{"@id":"https:\/\/www.comparateur.be\/#organization"},"potentialAction":[{"@type":"SearchAction","target":{"@type":"EntryPoint","urlTemplate":"https:\/\/www.comparateur.be\/?s={search_term_string}"},"query-input":"required name=search_term_string"}],"inLanguage":"fr-BE"},{"@type":"Organization","@id":"https:\/\/www.comparateur.be\/#organization","name":"Comparateur.be","url":"https:\/\/www.comparateur.be\/","logo":{"@type":"ImageObject","inLanguage":"fr-BE","@id":"https:\/\/www.comparateur.be\/#\/schema\/logo\/image\/","url":"https:\/\/www.comparateur.be\/wordpress\/wp-content\/uploads\/2024\/09\/Algemeen_met-slogan_NL@.png","contentUrl":"https:\/\/www.comparateur.be\/wordpress\/wp-content\/uploads\/2024\/09\/Algemeen_met-slogan_NL@.png","width":2444,"height":418,"caption":"Comparateur.be"},"image":{"@id":"https:\/\/www.comparateur.be\/#\/schema\/logo\/image\/"},"sameAs":["https:\/\/www.facebook.com\/Mijnvergelijker\/"]}]}},"_links":{"self":[{"href":"https:\/\/www.comparateur.be\/wordpress\/wp-json\/wp\/v2\/pages\/14156"}],"collection":[{"href":"https:\/\/www.comparateur.be\/wordpress\/wp-json\/wp\/v2\/pages"}],"about":[{"href":"https:\/\/www.comparateur.be\/wordpress\/wp-json\/wp\/v2\/types\/page"}],"author":[{"embeddable":true,"href":"https:\/\/www.comparateur.be\/wordpress\/wp-json\/wp\/v2\/users\/8"}],"replies":[{"embeddable":true,"href":"https:\/\/www.comparateur.be\/wordpress\/wp-json\/wp\/v2\/comments?post=14156"}],"version-history":[{"count":10,"href":"https:\/\/www.comparateur.be\/wordpress\/wp-json\/wp\/v2\/pages\/14156\/revisions"}],"predecessor-version":[{"id":14173,"href":"https:\/\/www.comparateur.be\/wordpress\/wp-json\/wp\/v2\/pages\/14156\/revisions\/14173"}],"up":[{"embeddable":true,"href":"https:\/\/www.comparateur.be\/wordpress\/wp-json\/wp\/v2\/pages\/939"}],"wp:attachment":[{"href":"https:\/\/www.comparateur.be\/wordpress\/wp-json\/wp\/v2\/media?parent=14156"}],"curies":[{"name":"wp","href":"https:\/\/api.w.org\/{rel}","templated":true}]}}