{"id":14148,"date":"2025-07-02T09:48:01","date_gmt":"2025-07-02T07:48:01","guid":{"rendered":"https:\/\/www.mijnvergelijker.be\/?page_id=14148"},"modified":"2025-07-28T11:05:11","modified_gmt":"2025-07-28T09:05:11","slug":"april-belgium","status":"publish","type":"page","link":"https:\/\/www.comparateur.be\/assurances\/assureurs\/april-belgium","title":{"rendered":"April Belgium"},"content":{"rendered":"\n<section id=\"heroes-text-block_6334384cf69b2\" class=\"heroes-text hero hero--text\">\n    <div class=\"container\">\n                    <h1 class=\"heading-xl mb-md-40\">April Belgium<\/h1>\n                <div class=\"wysiwyg body-lg mb-md-40\">\n            <p>\n            April Belgium est un assureur sp\u00e9cialis\u00e9, membre du groupe international APRIL Group. Gr\u00e2ce \u00e0 ses assurances d\u00e9c\u00e8s, vous garantissez l\u2019avenir financier de votre famille ou de votre entreprise. L\u2019assureur vous accompagne \u00e9galement dans votre planification successorale, pour \u00e9viter que vos proches aient \u00e0 payer des droits de succession trop \u00e9lev\u00e9s au moment de recevoir votre patrimoine.\r\n            <\/p>\n        <\/div>\n                    <div class=\"button-container\">\n                <a href=\"https:\/\/www.comparateur.be\/assurance-solde-restant-du\" class=\"button button--primary \" type=\"primary\">\n                    <span class=\"d-flex align-items-center\">\n                        Comparez les assurances solde restant d\u00fb                        <svg xmlns=\"http:\/\/www.w3.org\/2000\/svg\" width=\"22\" height=\"22\" viewBox=\"0 0 24 24\" fill=\"none\" class=\"arrow-right\"><path d=\"M5 12H19\" stroke-width=\"2\" stroke-linecap=\"round\" stroke-linejoin=\"round\"\/><path d=\"M12 5L19 12L12 19\" stroke-width=\"2\" stroke-linecap=\"round\" stroke-linejoin=\"round\"\/><\/svg>                    <\/span>\n                <\/a>\n            <\/div>\n                        <\/section>\n\n\n    <style>\r\n        html {\r\n            scroll-behavior: smooth;\r\n        }\r\n    <\/style>\r\n\r\n            <section class=\"section\">\r\n        <div class=\"container article-smooth\">\r\n        <div class=\"row\">\r\n        <div class=\"col-12 col-md-6 col-lg-8\" id=\"main-article\"  data-anchor-class=\"title\" >\r\n                <!-- <section class=\"section\"> -->\r\n        <div id=\"article-block_63343858f69b3\"\r\n         class=\"article \">\r\n                                            <h2 class=\"title\" id=\"une-croissance--dune-start-up-franaise--un-acteur-mondial\">Une croissance : d\u2019une start-up fran\u00e7aise \u00e0 un acteur mondial<\/h2>\r\n                                                                        <!-- <div class=\"articleblock\"> -->\r\n                                                                            <p><span style=\"font-weight: 400;\">Fond\u00e9e en 1988 en France par Bruno Rousset et Xavier Coquard, l\u2019entreprise \u2013 alors appel\u00e9e April Assurances \u2013 d\u00e9bute avec une \u00e9quipe d\u2019environ 15 personnes. Gr\u00e2ce \u00e0 une croissance r\u00e9guli\u00e8re et \u00e0 plusieurs acquisitions, elle devient un acteur mondial. Aujourd\u2019hui, <\/span><b>APRIL Group est pr\u00e9sent dans 22 pays<\/b><span style=\"font-weight: 400;\"> et emploie environ <\/span><b>3.000 collaborateurs<\/b><span style=\"font-weight: 400;\">.<\/span><\/p>\n<p><span style=\"font-weight: 400;\">En Belgique, l\u2019assureur \u00e9tait auparavant connu sous le nom d\u2019<\/span><b>Elitis Protection<\/b><span style=\"font-weight: 400;\">. Depuis le <\/span>1er mars 2020, la marque est officiellement devenue April Belgium, soulignant ainsi l\u2019appartenance et les valeurs du groupe international.<\/p>\n                                                <!-- <\/div> -->\r\n                                                                                                    <h2 class=\"title\" id=\"contact--sige-social\">Contact &#038; Si\u00e8ge social<\/h2>\r\n                                                                        <!-- <div class=\"articleblock\"> -->\r\n                                                                            <ul>\n<li style=\"font-weight: 400;\" aria-level=\"1\"><b>Adresse :<\/b><span style=\"font-weight: 400;\"> Dr\u00e8ve Richelle 161 I, bo\u00eete 69, 1410 Waterloo<\/span><span style=\"font-weight: 400;\"><br \/>\n<\/span><\/li>\n<li aria-level=\"1\"><b>E-mail :<\/b><span style=\"font-weight: 400;\"> support.be@april.com<\/span><span style=\"font-weight: 400;\"><br \/>\n<\/span><\/li>\n<li style=\"font-weight: 400;\" aria-level=\"1\"><b>T\u00e9l\u00e9phone :<\/b><span style=\"font-weight: 400;\"> +32 (0)10 56 04 98<\/span>&nbsp;<\/li>\n<\/ul>\n                                                <!-- <\/div> -->\r\n                                                                                                    <h2 class=\"title\" id=\"pourquoi-choisir-april-belgium--les-avantages\">Pourquoi choisir April Belgium ? Les avantages<\/h2>\r\n                                                                        <!-- <div class=\"articleblock\"> -->\r\n                                                                            <p><span style=\"font-weight: 400;\">Sur un march\u00e9 satur\u00e9, <\/span><b>April Belgium se distingue par plusieurs atouts concrets<\/b><span style=\"font-weight: 400;\"> :<\/span><\/p>\n<ul>\n<li style=\"font-weight: 400;\" aria-level=\"1\"><b>Sp\u00e9cialisation :<\/b><span style=\"font-weight: 400;\"> l\u2019entreprise se concentre exclusivement sur les assurances d\u00e9c\u00e8s et les assurances solde restant d\u00fb. R\u00e9sultat : une expertise approfondie et des conditions tr\u00e8s comp\u00e9titives.\u00a0<\/span><span style=\"font-weight: 400;\"><br \/>\n<\/span><\/li>\n<li style=\"font-weight: 400;\" aria-level=\"1\"><b>Conseil ind\u00e9pendant via votre courtier :<\/b><span style=\"font-weight: 400;\"> April Belgium travaille uniquement via des courtiers. Cela vous garantit un conseil neutre, objectif et personnalis\u00e9. Votre courtier vous aide \u00e0 d\u00e9terminer si une solution April correspond r\u00e9ellement \u00e0 vos besoins.<\/span><span style=\"font-weight: 400;\"><br \/>\n<\/span><\/li>\n<li style=\"font-weight: 400;\" aria-level=\"1\"><b>Partenaires fiables et solides :<\/b><span style=\"font-weight: 400;\"> April Belgium collabore notamment avec des assureurs r\u00e9put\u00e9s comme <\/span>AXA Belgium<span style=\"font-weight: 400;\">, ce qui vous assure des engagements respect\u00e9s.<\/span><\/li>\n<li style=\"font-weight: 400;\" aria-level=\"1\"><b>Flexibilit\u00e9 et sur-mesure :<\/b> les contrats sont modulables. Vous choisissez le capital assur\u00e9, la dur\u00e9e du contrat, la fr\u00e9quence des paiements\u2026 pour une couverture adapt\u00e9e \u00e0 votre situation personnelle.<\/li>\n<\/ul>\n                                                <!-- <\/div> -->\r\n                                                                                                    <h2 class=\"title\" id=\"les-produits-dapril-belgium\">Les produits d\u2019April Belgium<\/h2>\r\n                                                                        <!-- <div class=\"articleblock\"> -->\r\n                                                                            <p><span style=\"font-weight: 400;\">April Belgium concentre son offre autour de <\/span><b>quatre axes essentiels<\/b><span style=\"font-weight: 400;\"> : prot\u00e9ger votre pr\u00eat, votre famille, votre entreprise et votre patrimoine.<\/span><\/p>\n                                                <!-- <\/div> -->\r\n                                            <!-- <div class=\"articleblock\"> -->\r\n                        <h3 class=\"heading heading--three heading-md subtitle\" id=\"1-protger-votre-prt--lassurance-solde-restant-d\" >1. Prot\u00e9ger votre pr\u00eat : l\u2019assurance solde restant d\u00fb<\/h3>                                                    <p><span style=\"font-weight: 400;\">Indispensable lorsque vous contractez un pr\u00eat hypoth\u00e9caire ou un cr\u00e9dit important. April Belgium propose plusieurs formules (APRIL COVER, ELITIS TOP COVER, ELITIS BLUE COVER, ELITIS LIFE PROTECT) qui prot\u00e8gent vos proches si vous d\u00e9c\u00e9dez avant la fin du remboursement.<\/span><\/p>\n<ul>\n<li style=\"font-weight: 400;\" aria-level=\"1\"><b>Fonctionnement :<\/b><span style=\"font-weight: 400;\"> en cas de d\u00e9c\u00e8s, l\u2019assurance rembourse \u00e0 la banque le capital restant d\u00fb du pr\u00eat.\u00a0<\/span><span style=\"font-weight: 400;\"><br \/>\n<\/span><\/li>\n<li style=\"font-weight: 400;\" aria-level=\"1\"><b>Pour qui ?<\/b><span style=\"font-weight: 400;\"> Toute personne contractant un pr\u00eat hypoth\u00e9caire, un cr\u00e9dit \u00e0 la consommation ou un cr\u00e9dit d\u2019investissement. <\/span><\/li>\n<li style=\"font-weight: 400;\" aria-level=\"1\"><b>Avantages :<\/b> vous n\u2019\u00eates pas oblig\u00e9 de souscrire votre assurance solde restant d\u00fb aupr\u00e8s de votre banque. En choisissant un assureur sp\u00e9cialis\u00e9 comme April Belgium, vous pouvez souvent obtenir une <b>prime bien plus avantageuse<\/b>. Si vous passez par votre banque, vous b\u00e9n\u00e9ficiez g\u00e9n\u00e9ralement d\u2019une <b>l\u00e9g\u00e8re r\u00e9duction<\/b> sur le taux d\u2019int\u00e9r\u00eat du cr\u00e9dit. Si vous choisissez un autre assureur, ce taux sera un peu plus \u00e9lev\u00e9, mais la <b>prime d\u2019assurance peut compenser largement cet \u00e9cart.<\/b><\/li>\n<\/ul>\n                                                <!-- <\/div> -->\r\n                                            <!-- <div class=\"articleblock\"> -->\r\n                        <h3 class=\"heading heading--three heading-md subtitle\" id=\"2-protger-votre-famille\" >2. Prot\u00e9ger votre famille<\/h3>                                                    <p><span style=\"font-weight: 400;\">Assurez le bien-\u00eatre de vos proches gr\u00e2ce aux assurances d\u00e9c\u00e8s ou en cas de maladie grave :<\/span><\/p>\n<ul>\n<li style=\"font-weight: 400;\" aria-level=\"1\"><b>Assurance d\u00e9c\u00e8s temporaire :<\/b><span style=\"font-weight: 400;\"> vous fixez le montant assur\u00e9 et la dur\u00e9e. En cas de d\u00e9c\u00e8s pendant cette p\u00e9riode, vos proches re\u00e7oivent un capital libre d\u2019utilisation (frais d\u2019\u00e9tudes, succession, perte de revenu\u2026).\u00a0<\/span><span style=\"font-weight: 400;\"><br \/>\n<\/span><\/li>\n<li style=\"font-weight: 400;\" aria-level=\"1\"><b>Assurance cancer \u2013 Elitis Life Protect+<\/b><span style=\"font-weight: 400;\"> (en partenariat avec Vitis Life) : cette assurance inclut :\u00a0<\/span>\n<ul>\n<li style=\"font-weight: 400;\" aria-level=\"2\"><span style=\"font-weight: 400;\">une <\/span><b>garantie principale d\u00e9c\u00e8s toutes causes<\/b><span style=\"font-weight: 400;\"> : un capital est vers\u00e9 aux b\u00e9n\u00e9ficiaires si vous d\u00e9c\u00e9dez d\u2019une maladie ou d\u2019un accident pendant la dur\u00e9e du contrat ;\u00a0<\/span><span style=\"font-weight: 400;\"><br \/>\n<\/span><\/li>\n<li aria-level=\"2\"><span style=\"font-weight: 400;\">une <\/span><b>garantie sp\u00e9cifique en cas de cancer<\/b><span style=\"font-weight: 400;\"> : si un sp\u00e9cialiste vous diagnostique un cancer, 30 % du capital assur\u00e9 sont imm\u00e9diatement vers\u00e9s \u00e0 vos b\u00e9n\u00e9ficiaires. <\/span><\/li>\n<li style=\"font-weight: 400;\" aria-level=\"2\"><b>Montant assur\u00e9 :<\/b> entre 25.000 \u20ac et 250.000 \u20ac.<\/li>\n<\/ul>\n<\/li>\n<\/ul>\n                                                <!-- <\/div> -->\r\n                                            <!-- <div class=\"articleblock\"> -->\r\n                        <h3 class=\"heading heading--three heading-md subtitle\" id=\"3-protger-votre-entreprise--lassurance-homme-cl\" >3. Prot\u00e9ger votre entreprise : l\u2019assurance \u00ab\u00a0Homme-cl\u00e9\u00a0\u00bb<\/h3>                                                    <p><span style=\"font-weight: 400;\">La disparition d\u2019un dirigeant ou d\u2019un collaborateur strat\u00e9gique peut avoir des cons\u00e9quences graves sur une entreprise. Avec l\u2019<\/span><b>assurance Key-man<\/b><span style=\"font-weight: 400;\">, vous limitez cet impact financier.<\/span><\/p>\n<ul>\n<li style=\"font-weight: 400;\" aria-level=\"1\"><b>Fonctionnement :<\/b><span style=\"font-weight: 400;\"> la soci\u00e9t\u00e9 souscrit un contrat sur la t\u00eate d\u2019une personne cl\u00e9. En cas de d\u00e9c\u00e8s, c\u2019est <\/span>l\u2019entreprise qui re\u00e7oit le capital.\u00a0<span style=\"font-weight: 400;\"><br \/>\n<\/span><\/li>\n<li style=\"font-weight: 400;\" aria-level=\"1\"><b>Utilisation :<\/b><span style=\"font-weight: 400;\"> rembourser un emprunt, financer un remplacement, absorber une perte\u2026 <\/span><\/li>\n<li style=\"font-weight: 400;\" aria-level=\"1\"><b>Avantage fiscal :<\/b> les primes sont d\u00e9ductibles en tant que charge professionnelle.<\/li>\n<\/ul>\n                                                <!-- <\/div> -->\r\n                                            <!-- <div class=\"articleblock\"> -->\r\n                        <h3 class=\"heading heading--three heading-md subtitle\" id=\"4-protger-votre-patrimoine--la-planification-successorale\" >4. Prot\u00e9ger votre patrimoine : la planification successorale<\/h3>                                                    <p><span style=\"font-weight: 400;\">Transmettre un patrimoine important \u00e0 vos h\u00e9ritiers peut entra\u00eener des <\/span><b>droits de succession \u00e9lev\u00e9s<\/b><span style=\"font-weight: 400;\">. Gr\u00e2ce \u00e0 l\u2019assurance d\u00e9c\u00e8s temporaire \u00e0 capital fixe, vous leur donnez les moyens de conserver l\u2019int\u00e9gralit\u00e9 de l\u2019h\u00e9ritage :<\/span><\/p>\n<ul>\n<li style=\"font-weight: 400;\" aria-level=\"1\"><b>Exemple :<\/b><span style=\"font-weight: 400;\"> en cas de d\u00e9c\u00e8s, la compagnie verse un capital aux h\u00e9ritiers, qu\u2019ils peuvent utiliser pour <\/span>payer les droits de succession et ainsi \u00e9viter de vendre un bien immobilier h\u00e9rit\u00e9.<\/li>\n<li style=\"font-weight: 400;\" aria-level=\"1\"><b>Utile si vous souhaitez retarder une donation<\/b><span style=\"font-weight: 400;\"> (pour raisons personnelles) sans p\u00e9naliser vos proches. L\u2019assurance permet de reporter une donation tout en <\/span>pr\u00e9servant votre qualit\u00e9 de vie.<\/li>\n<li style=\"font-weight: 400;\" aria-level=\"1\"><b>Astuce fiscale :<\/b> si l\u2019assurance est souscrite par les h\u00e9ritiers eux-m\u00eames, le capital vers\u00e9 au d\u00e9c\u00e8s n\u2019est pas soumis aux droits de succession. Il est aussi possible de faire souscrire le contrat par votre soci\u00e9t\u00e9.<\/li>\n<\/ul>\n                                                <!-- <\/div> -->\r\n                                                                    <\/div>\r\n    <br>\r\n        <\/div>\r\n\r\n    <div class=\"col-12 col-md-6 col-lg-4\">\r\n                <div class=\"sticky\">\r\n            <div class=\"summary summary--anchors\">\r\n                <div id=\"summary-anchors\">\r\n                                            <h3>Sommaire<\/h3>\r\n                                    <\/div>\r\n            <\/div>\r\n            <div class=\"summary summary--links\">\r\n                <div class=\"summary--links-list\">\r\n                                            <h3>En savoir plus sur<\/h3>\r\n                                        <a class=\"summary--links-list--link\" href=\"https:\/\/www.comparateur.be\/assurances\/assureurs\"><span>\u200bListe des assureurs partenaires<\/span><\/a><a class=\"summary--links-list--link\" href=\"https:\/\/www.comparateur.be\/assurance-solde-restant-du\"><span>Comparez les assurances solde restant d\u00fb<\/span><\/a><a class=\"summary--links-list--link\" href=\"\"><span><\/span><\/a>                <\/div>\r\n            <\/div>\r\n        <\/div>\r\n    <\/div>\r\n\r\n    <\/div>\r\n    <\/div>\r\n    <!-- <\/section> -->\r\n        <\/section>\r\n\n\n\n<section id=\"heroes-simple-block_6866730189ad9\" class=\"heroes-simple hero hero--simple\">\n    <div class=\"container\">\n                <h2 class=\"heading-lg\">Souscrire une assurance solde restant d\u00fb chez April Belgium<\/h2>\n                <div class=\"wysiwyg wysiwyg--narrow body-lg\">\n                        <p>\n                <p><span style=\"font-weight: 400;\">Convaincu de l\u2019int\u00e9r\u00eat d\u2019une bonne assurance solde restant d\u00fb ? Comparez les offres des assureurs gr\u00e2ce \u00e0 <\/span>Comparateur.be. Cela vous permet de trouver rapidement une formule adapt\u00e9e \u00e0 votre profil, et de r\u00e9aliser potentiellement plusieurs centaines d\u2019euros d\u2019\u00e9conomies.<\/p>\n            <\/p>\n                    <\/div>\n                    <div class=\"m-b-20\">\n                <a href=\"https:\/\/www.comparateur.be\/assurance-solde-restant-du\" class=\"button button--primary\" type=\"primary\">\n                    <span class=\"d-flex align-items-center\">\n                        Comparez les assurances solde restant d\u00fb                        <svg xmlns=\"http:\/\/www.w3.org\/2000\/svg\" width=\"22\" height=\"22\" viewBox=\"0 0 24 24\" fill=\"none\" class=\"arrow-right\"><path d=\"M5 12H19\" stroke-width=\"2\" stroke-linecap=\"round\" stroke-linejoin=\"round\"\/><path d=\"M12 5L19 12L12 19\" stroke-width=\"2\" stroke-linecap=\"round\" stroke-linejoin=\"round\"\/><\/svg>                    <\/span>\n                <\/a>\n            <\/div>\n                    <\/div>\n<\/section>\n\n","protected":false},"excerpt":{"rendered":"","protected":false},"author":8,"featured_media":0,"parent":939,"menu_order":0,"comment_status":"closed","ping_status":"closed","template":"","meta":{"footnotes":""},"class_list":["post-14148","page","type-page","status-publish","hentry"],"acf":[],"yoast_head":"<!-- This site is optimized with the Yoast SEO Premium plugin v23.4 (Yoast SEO v23.4) - https:\/\/yoast.com\/wordpress\/plugins\/seo\/ -->\n<title>April Belgium \u2013 Assureurs \u2013 Comparateur.be<\/title>\n<meta name=\"description\" content=\"Vous cherchez une assurance solde restant d\u00fb ? D\u00e9couvrez April Belgium, un assureur fiable et exp\u00e9riment\u00e9.\" \/>\n<meta name=\"robots\" content=\"index, follow, max-snippet:-1, max-image-preview:large, max-video-preview:-1\" \/>\n<link rel=\"canonical\" href=\"https:\/\/www.comparateur.be\/assurances\/assureurs\/april-belgium\" \/>\n<meta property=\"og:locale\" content=\"fr_FR\" \/>\n<meta property=\"og:type\" content=\"article\" \/>\n<meta property=\"og:title\" content=\"April Belgium\" \/>\n<meta property=\"og:description\" content=\"Vous cherchez une assurance solde restant d\u00fb ? D\u00e9couvrez April Belgium, un assureur fiable et exp\u00e9riment\u00e9.\" \/>\n<meta property=\"og:url\" content=\"https:\/\/www.comparateur.be\/assurances\/assureurs\/april-belgium\" \/>\n<meta property=\"og:site_name\" content=\"Comparateur.be\" \/>\n<meta property=\"article:publisher\" content=\"https:\/\/www.facebook.com\/Mijnvergelijker\/\" \/>\n<meta property=\"article:modified_time\" content=\"2025-07-28T09:05:11+00:00\" \/>\n<meta property=\"og:image\" content=\"https:\/\/www.comparateur.be\/wordpress\/wp-content\/uploads\/2024\/09\/Algemeen_met-slogan_NL@.png\" \/>\n\t<meta property=\"og:image:width\" content=\"2444\" \/>\n\t<meta property=\"og:image:height\" content=\"418\" \/>\n\t<meta property=\"og:image:type\" content=\"image\/png\" \/>\n<meta name=\"twitter:card\" content=\"summary_large_image\" \/>\n<script type=\"application\/ld+json\" class=\"yoast-schema-graph\">{\"@context\":\"https:\/\/schema.org\",\"@graph\":[{\"@type\":\"WebPage\",\"@id\":\"https:\/\/www.comparateur.be\/assurances\/assureurs\/april-belgium\",\"url\":\"https:\/\/www.comparateur.be\/assurances\/assureurs\/april-belgium\",\"name\":\"April Belgium \u2013 Assureurs \u2013 Comparateur.be\",\"isPartOf\":{\"@id\":\"https:\/\/www.comparateur.be\/#website\"},\"datePublished\":\"2025-07-02T07:48:01+00:00\",\"dateModified\":\"2025-07-28T09:05:11+00:00\",\"description\":\"Vous cherchez une assurance solde restant d\u00fb ? D\u00e9couvrez April Belgium, un assureur fiable et exp\u00e9riment\u00e9.\",\"breadcrumb\":{\"@id\":\"https:\/\/www.comparateur.be\/assurances\/assureurs\/april-belgium#breadcrumb\"},\"inLanguage\":\"fr-BE\",\"potentialAction\":[{\"@type\":\"ReadAction\",\"target\":[\"https:\/\/www.comparateur.be\/assurances\/assureurs\/april-belgium\"]}]},{\"@type\":\"BreadcrumbList\",\"@id\":\"https:\/\/www.comparateur.be\/assurances\/assureurs\/april-belgium#breadcrumb\",\"itemListElement\":[{\"@type\":\"ListItem\",\"position\":1,\"name\":\"Home\",\"item\":\"https:\/\/www.comparateur.be\/\"},{\"@type\":\"ListItem\",\"position\":2,\"name\":\"Assurances\",\"item\":\"https:\/\/www.comparateur.be\/assurances\"},{\"@type\":\"ListItem\",\"position\":3,\"name\":\"Assureurs\",\"item\":\"https:\/\/www.comparateur.be\/assurances\/assureurs\"},{\"@type\":\"ListItem\",\"position\":4,\"name\":\"April Belgium\"}]},{\"@type\":\"WebSite\",\"@id\":\"https:\/\/www.comparateur.be\/#website\",\"url\":\"https:\/\/www.comparateur.be\/\",\"name\":\"MIjnvergelijker.be\",\"description\":\"\",\"publisher\":{\"@id\":\"https:\/\/www.comparateur.be\/#organization\"},\"potentialAction\":[{\"@type\":\"SearchAction\",\"target\":{\"@type\":\"EntryPoint\",\"urlTemplate\":\"https:\/\/www.comparateur.be\/?s={search_term_string}\"},\"query-input\":\"required name=search_term_string\"}],\"inLanguage\":\"fr-BE\"},{\"@type\":\"Organization\",\"@id\":\"https:\/\/www.comparateur.be\/#organization\",\"name\":\"Comparateur.be\",\"url\":\"https:\/\/www.comparateur.be\/\",\"logo\":{\"@type\":\"ImageObject\",\"inLanguage\":\"fr-BE\",\"@id\":\"https:\/\/www.comparateur.be\/#\/schema\/logo\/image\/\",\"url\":\"https:\/\/www.comparateur.be\/wordpress\/wp-content\/uploads\/2024\/09\/Algemeen_met-slogan_NL@.png\",\"contentUrl\":\"https:\/\/www.comparateur.be\/wordpress\/wp-content\/uploads\/2024\/09\/Algemeen_met-slogan_NL@.png\",\"width\":2444,\"height\":418,\"caption\":\"Comparateur.be\"},\"image\":{\"@id\":\"https:\/\/www.comparateur.be\/#\/schema\/logo\/image\/\"},\"sameAs\":[\"https:\/\/www.facebook.com\/Mijnvergelijker\/\"]}]}<\/script>\n<!-- \/ Yoast SEO Premium plugin. -->","yoast_head_json":{"title":"April Belgium \u2013 Assureurs \u2013 Comparateur.be","description":"Vous cherchez une assurance solde restant d\u00fb ? D\u00e9couvrez April Belgium, un assureur fiable et exp\u00e9riment\u00e9.","robots":{"index":"index","follow":"follow","max-snippet":"max-snippet:-1","max-image-preview":"max-image-preview:large","max-video-preview":"max-video-preview:-1"},"canonical":"https:\/\/www.comparateur.be\/assurances\/assureurs\/april-belgium","og_locale":"fr_FR","og_type":"article","og_title":"April Belgium","og_description":"Vous cherchez une assurance solde restant d\u00fb ? D\u00e9couvrez April Belgium, un assureur fiable et exp\u00e9riment\u00e9.","og_url":"https:\/\/www.comparateur.be\/assurances\/assureurs\/april-belgium","og_site_name":"Comparateur.be","article_publisher":"https:\/\/www.facebook.com\/Mijnvergelijker\/","article_modified_time":"2025-07-28T09:05:11+00:00","og_image":[{"width":2444,"height":418,"url":"https:\/\/www.comparateur.be\/wordpress\/wp-content\/uploads\/2024\/09\/Algemeen_met-slogan_NL@.png","type":"image\/png"}],"twitter_card":"summary_large_image","schema":{"@context":"https:\/\/schema.org","@graph":[{"@type":"WebPage","@id":"https:\/\/www.comparateur.be\/assurances\/assureurs\/april-belgium","url":"https:\/\/www.comparateur.be\/assurances\/assureurs\/april-belgium","name":"April Belgium \u2013 Assureurs \u2013 Comparateur.be","isPartOf":{"@id":"https:\/\/www.comparateur.be\/#website"},"datePublished":"2025-07-02T07:48:01+00:00","dateModified":"2025-07-28T09:05:11+00:00","description":"Vous cherchez une assurance solde restant d\u00fb ? D\u00e9couvrez April Belgium, un assureur fiable et exp\u00e9riment\u00e9.","breadcrumb":{"@id":"https:\/\/www.comparateur.be\/assurances\/assureurs\/april-belgium#breadcrumb"},"inLanguage":"fr-BE","potentialAction":[{"@type":"ReadAction","target":["https:\/\/www.comparateur.be\/assurances\/assureurs\/april-belgium"]}]},{"@type":"BreadcrumbList","@id":"https:\/\/www.comparateur.be\/assurances\/assureurs\/april-belgium#breadcrumb","itemListElement":[{"@type":"ListItem","position":1,"name":"Home","item":"https:\/\/www.comparateur.be\/"},{"@type":"ListItem","position":2,"name":"Assurances","item":"https:\/\/www.comparateur.be\/assurances"},{"@type":"ListItem","position":3,"name":"Assureurs","item":"https:\/\/www.comparateur.be\/assurances\/assureurs"},{"@type":"ListItem","position":4,"name":"April Belgium"}]},{"@type":"WebSite","@id":"https:\/\/www.comparateur.be\/#website","url":"https:\/\/www.comparateur.be\/","name":"MIjnvergelijker.be","description":"","publisher":{"@id":"https:\/\/www.comparateur.be\/#organization"},"potentialAction":[{"@type":"SearchAction","target":{"@type":"EntryPoint","urlTemplate":"https:\/\/www.comparateur.be\/?s={search_term_string}"},"query-input":"required name=search_term_string"}],"inLanguage":"fr-BE"},{"@type":"Organization","@id":"https:\/\/www.comparateur.be\/#organization","name":"Comparateur.be","url":"https:\/\/www.comparateur.be\/","logo":{"@type":"ImageObject","inLanguage":"fr-BE","@id":"https:\/\/www.comparateur.be\/#\/schema\/logo\/image\/","url":"https:\/\/www.comparateur.be\/wordpress\/wp-content\/uploads\/2024\/09\/Algemeen_met-slogan_NL@.png","contentUrl":"https:\/\/www.comparateur.be\/wordpress\/wp-content\/uploads\/2024\/09\/Algemeen_met-slogan_NL@.png","width":2444,"height":418,"caption":"Comparateur.be"},"image":{"@id":"https:\/\/www.comparateur.be\/#\/schema\/logo\/image\/"},"sameAs":["https:\/\/www.facebook.com\/Mijnvergelijker\/"]}]}},"_links":{"self":[{"href":"https:\/\/www.comparateur.be\/wordpress\/wp-json\/wp\/v2\/pages\/14148"}],"collection":[{"href":"https:\/\/www.comparateur.be\/wordpress\/wp-json\/wp\/v2\/pages"}],"about":[{"href":"https:\/\/www.comparateur.be\/wordpress\/wp-json\/wp\/v2\/types\/page"}],"author":[{"embeddable":true,"href":"https:\/\/www.comparateur.be\/wordpress\/wp-json\/wp\/v2\/users\/8"}],"replies":[{"embeddable":true,"href":"https:\/\/www.comparateur.be\/wordpress\/wp-json\/wp\/v2\/comments?post=14148"}],"version-history":[{"count":4,"href":"https:\/\/www.comparateur.be\/wordpress\/wp-json\/wp\/v2\/pages\/14148\/revisions"}],"predecessor-version":[{"id":14175,"href":"https:\/\/www.comparateur.be\/wordpress\/wp-json\/wp\/v2\/pages\/14148\/revisions\/14175"}],"up":[{"embeddable":true,"href":"https:\/\/www.comparateur.be\/wordpress\/wp-json\/wp\/v2\/pages\/939"}],"wp:attachment":[{"href":"https:\/\/www.comparateur.be\/wordpress\/wp-json\/wp\/v2\/media?parent=14148"}],"curies":[{"name":"wp","href":"https:\/\/api.w.org\/{rel}","templated":true}]}}